{"id":1003,"date":"2018-03-10T15:40:46","date_gmt":"2018-03-10T18:40:46","guid":{"rendered":"http:\/\/www.sabra.org.br\/site\/?page_id=1003"},"modified":"2018-03-11T14:27:02","modified_gmt":"2018-03-11T17:27:02","slug":"plorans-ploravit","status":"publish","type":"page","link":"https:\/\/www.sabra.org.br\/site\/acoes\/patrimoniohistorico\/edicao-de-manuscritos-musicais\/plorans-ploravit\/","title":{"rendered":"Plorans Ploravit"},"content":{"rendered":"<p style=\"text-align: center;\"><strong>Plorans Ploravit<\/strong><br \/>\n<strong>Jer\u00f4nimo de Souza Lobo<\/strong><\/p>\n<p style=\"text-align: center;\"><span style=\"color: #808000;\"><strong>Download:<\/strong><\/span><\/p>\n<p style=\"text-align: center;\"><a href=\"https:\/\/www.sabra.org.br\/site\/wp-content\/uploads\/2018\/03\/Plorans-Full-Score.pdf\" target=\"_blank\" rel=\"noopener\">Partitura<\/a>\u00a0 \u00a0 \u00a0 \u00a0 \u00a0 <a href=\"https:\/\/www.sabra.org.br\/site\/wp-content\/uploads\/2018\/03\/Plorans-PartesFV.pdf\" target=\"_blank\" rel=\"noopener\">Partes instrumentais<\/a>\u00a0 \u00a0 \u00a0 \u00a0 \u00a0 <a href=\"https:\/\/www.sabra.org.br\/site\/wp-content\/uploads\/2018\/03\/Plorans-CP-Full-Score.pdf\" target=\"_blank\" rel=\"noopener\">Redu\u00e7\u00e3o para vozes e piano<\/a><\/p>\n<p style=\"text-align: center;\"><span style=\"color: #808000;\"><strong>Informa\u00e7\u00e3o Geral<\/strong><\/span><\/p>\n<p><strong>Clave\/tom:<\/strong>\u00a0Eb maior<\/p>\n<p><strong>Movimentos\/Se\u00e7\u00f5es:<\/strong> 1<\/p>\n<p><strong>L\u00edngua:<\/strong> Latim<\/p>\n<p><strong>Dura\u00e7\u00e3o m\u00e9dia: <\/strong>\u00a04 minutos<\/p>\n<p><strong>Estilo da obra:<\/strong> Cl\u00e1ssica<\/p>\n<p><strong>Instrumenta\u00e7\u00e3o:<\/strong> coral misto (SATB), 2 flautas, 2 trompas (F), 2 violinos, violas e violoncelos<\/p>\n<p><strong>G\u00eanero:<\/strong> Coros sacros; Coral; M\u00fasica sacra; para coro misto; orquestra; partitura com coral misto; partitura com orquestra; para coro e orquestra; l\u00edngua latina; texto em latim<br \/>\n(Sacred choruses; Choruses; Religious works; For mixed chorus, orchestra; Scores featuring mixed chorus; Scores featuring the orchestra; For chorus with orchestra; Latin language)<\/p>\n<p><strong>Primeira publica\u00e7\u00e3o:<\/strong> 2005<\/p>\n<p><strong>Informa\u00e7\u00e3o da editora:<\/strong> Belo Horizonte: Editora Pontes\/MG<\/p>\n<p><strong>Editor:<\/strong> Marcio Miranda Pontes<\/p>\n<p><strong>Direitos autorais:<\/strong> Creative Commons Attribution-NonCommercial 4.0 International (CC BY-NC 4.0)<\/p>\n<div class=\"gsp_post_data\" \r\n\t            data-post_type=\"page\" \r\n\t            data-cat=\"\" \r\n\t            data-modified=\"120\"\r\n\t            data-created=\"1520696446\"\r\n\t            data-title=\"Plorans Ploravit\" \r\n\t            data-home=\"https:\/\/www.sabra.org.br\/site\"><\/div>","protected":false},"excerpt":{"rendered":"<p>Plorans Ploravit Jer\u00f4nimo de Souza Lobo Download: Partitura\u00a0 \u00a0 \u00a0 \u00a0 \u00a0 Partes instrumentais\u00a0 \u00a0 \u00a0 \u00a0 \u00a0 Redu\u00e7\u00e3o para vozes e piano Informa\u00e7\u00e3o Geral&hellip;<\/p>\n","protected":false},"author":4,"featured_media":0,"parent":74,"menu_order":0,"comment_status":"closed","ping_status":"closed","template":"","meta":{"jetpack_post_was_ever_published":false,"footnotes":""},"class_list":["post-1003","page","type-page","status-publish","hentry"],"yoast_head":"<!-- This site is optimized with the Yoast SEO plugin v27.4 - https:\/\/yoast.com\/product\/yoast-seo-wordpress\/ -->\n<title>Plorans Ploravit - SABRA - Sociedade Art\u00edstica Brasileira<\/title>\n<meta name=\"robots\" content=\"index, follow, max-snippet:-1, max-image-preview:large, max-video-preview:-1\" \/>\n<link rel=\"canonical\" href=\"https:\/\/www.sabra.org.br\/site\/acoes\/patrimoniohistorico\/edicao-de-manuscritos-musicais\/plorans-ploravit\/\" \/>\n<meta property=\"og:locale\" content=\"pt_BR\" \/>\n<meta property=\"og:type\" content=\"article\" \/>\n<meta property=\"og:title\" content=\"Plorans Ploravit - SABRA - Sociedade Art\u00edstica Brasileira\" \/>\n<meta property=\"og:description\" content=\"Plorans Ploravit Jer\u00f4nimo de Souza Lobo Download: Partitura\u00a0 \u00a0 \u00a0 \u00a0 \u00a0 Partes instrumentais\u00a0 \u00a0 \u00a0 \u00a0 \u00a0 Redu\u00e7\u00e3o para vozes e piano Informa\u00e7\u00e3o Geral&hellip;\" \/>\n<meta property=\"og:url\" content=\"https:\/\/www.sabra.org.br\/site\/acoes\/patrimoniohistorico\/edicao-de-manuscritos-musicais\/plorans-ploravit\/\" \/>\n<meta property=\"og:site_name\" content=\"SABRA - Sociedade Art\u00edstica Brasileira\" \/>\n<meta property=\"article:publisher\" content=\"https:\/\/www.facebook.com\/sabrabrasil\" \/>\n<meta property=\"article:modified_time\" content=\"2018-03-11T17:27:02+00:00\" \/>\n<meta property=\"og:image\" content=\"https:\/\/www.sabra.org.br\/site\/wp-content\/uploads\/2021\/12\/AvatarSabra1.jpg\" \/>\n\t<meta property=\"og:image:width\" content=\"200\" \/>\n\t<meta property=\"og:image:height\" content=\"200\" \/>\n\t<meta property=\"og:image:type\" content=\"image\/jpeg\" \/>\n<meta name=\"twitter:card\" content=\"summary_large_image\" \/>\n<meta name=\"twitter:site\" content=\"@ContatoSabra\" \/>\n<meta name=\"twitter:label1\" content=\"Est. tempo de leitura\" \/>\n\t<meta name=\"twitter:data1\" content=\"1 minuto\" \/>\n<script type=\"application\/ld+json\" class=\"yoast-schema-graph\">{\"@context\":\"https:\\\/\\\/schema.org\",\"@graph\":[{\"@type\":\"WebPage\",\"@id\":\"https:\\\/\\\/www.sabra.org.br\\\/site\\\/acoes\\\/patrimoniohistorico\\\/edicao-de-manuscritos-musicais\\\/plorans-ploravit\\\/\",\"url\":\"https:\\\/\\\/www.sabra.org.br\\\/site\\\/acoes\\\/patrimoniohistorico\\\/edicao-de-manuscritos-musicais\\\/plorans-ploravit\\\/\",\"name\":\"Plorans Ploravit - SABRA - Sociedade Art\u00edstica Brasileira\",\"isPartOf\":{\"@id\":\"https:\\\/\\\/www.sabra.org.br\\\/site\\\/#website\"},\"datePublished\":\"2018-03-10T18:40:46+00:00\",\"dateModified\":\"2018-03-11T17:27:02+00:00\",\"breadcrumb\":{\"@id\":\"https:\\\/\\\/www.sabra.org.br\\\/site\\\/acoes\\\/patrimoniohistorico\\\/edicao-de-manuscritos-musicais\\\/plorans-ploravit\\\/#breadcrumb\"},\"inLanguage\":\"pt-BR\",\"potentialAction\":[{\"@type\":\"ReadAction\",\"target\":[\"https:\\\/\\\/www.sabra.org.br\\\/site\\\/acoes\\\/patrimoniohistorico\\\/edicao-de-manuscritos-musicais\\\/plorans-ploravit\\\/\"]}]},{\"@type\":\"BreadcrumbList\",\"@id\":\"https:\\\/\\\/www.sabra.org.br\\\/site\\\/acoes\\\/patrimoniohistorico\\\/edicao-de-manuscritos-musicais\\\/plorans-ploravit\\\/#breadcrumb\",\"itemListElement\":[{\"@type\":\"ListItem\",\"position\":1,\"name\":\"In\u00edcio\",\"item\":\"https:\\\/\\\/www.sabra.org.br\\\/site\\\/\"},{\"@type\":\"ListItem\",\"position\":2,\"name\":\"A\u00e7\u00f5es\",\"item\":\"https:\\\/\\\/www.sabra.org.br\\\/site\\\/acoes\\\/\"},{\"@type\":\"ListItem\",\"position\":3,\"name\":\"Patrim\u00f4nio Hist\u00f3rico, Art\u00edstico e Cultural\",\"item\":\"https:\\\/\\\/www.sabra.org.br\\\/site\\\/acoes\\\/patrimoniohistorico\\\/\"},{\"@type\":\"ListItem\",\"position\":4,\"name\":\"Edi\u00e7\u00e3o de Manuscritos Musicais\",\"item\":\"https:\\\/\\\/www.sabra.org.br\\\/site\\\/acoes\\\/patrimoniohistorico\\\/edicao-de-manuscritos-musicais\\\/\"},{\"@type\":\"ListItem\",\"position\":5,\"name\":\"Plorans Ploravit\"}]},{\"@type\":\"WebSite\",\"@id\":\"https:\\\/\\\/www.sabra.org.br\\\/site\\\/#website\",\"url\":\"https:\\\/\\\/www.sabra.org.br\\\/site\\\/\",\"name\":\"SABRA - Sociedade Art\u00edstica Brasileira\",\"description\":\"Escola de M\u00fasica, Orquestra Sinf\u00f4nica, Coral e Patrim\u00f4nio Cultural e Hist\u00f3rico\",\"publisher\":{\"@id\":\"https:\\\/\\\/www.sabra.org.br\\\/site\\\/#organization\"},\"potentialAction\":[{\"@type\":\"SearchAction\",\"target\":{\"@type\":\"EntryPoint\",\"urlTemplate\":\"https:\\\/\\\/www.sabra.org.br\\\/site\\\/?s={search_term_string}\"},\"query-input\":{\"@type\":\"PropertyValueSpecification\",\"valueRequired\":true,\"valueName\":\"search_term_string\"}}],\"inLanguage\":\"pt-BR\"},{\"@type\":\"Organization\",\"@id\":\"https:\\\/\\\/www.sabra.org.br\\\/site\\\/#organization\",\"name\":\"SOCIEDADE ART\u00cdSTICA BRASILEIRA SABRA\",\"alternateName\":\"SABRA\",\"url\":\"https:\\\/\\\/www.sabra.org.br\\\/site\\\/\",\"logo\":{\"@type\":\"ImageObject\",\"inLanguage\":\"pt-BR\",\"@id\":\"https:\\\/\\\/www.sabra.org.br\\\/site\\\/#\\\/schema\\\/logo\\\/image\\\/\",\"url\":\"https:\\\/\\\/www.sabra.org.br\\\/site\\\/wp-content\\\/uploads\\\/2019\\\/06\\\/cropped-Logo_SABRA-Copia-1.webp\",\"contentUrl\":\"https:\\\/\\\/www.sabra.org.br\\\/site\\\/wp-content\\\/uploads\\\/2019\\\/06\\\/cropped-Logo_SABRA-Copia-1.webp\",\"width\":400,\"height\":128,\"caption\":\"SOCIEDADE ART\u00cdSTICA BRASILEIRA SABRA\"},\"image\":{\"@id\":\"https:\\\/\\\/www.sabra.org.br\\\/site\\\/#\\\/schema\\\/logo\\\/image\\\/\"},\"sameAs\":[\"https:\\\/\\\/www.facebook.com\\\/sabrabrasil\",\"https:\\\/\\\/x.com\\\/ContatoSabra\",\"https:\\\/\\\/www.instagram.com\\\/sabrabrasil\\\/\",\"https:\\\/\\\/www.linkedin.com\\\/company\\\/25002088\\\/\",\"https:\\\/\\\/br.pinterest.com\\\/sociedadeartisticabrasileira\\\/\",\"https:\\\/\\\/www.youtube.com\\\/c\\\/sabrabrasil\"]}]}<\/script>\n<!-- \/ Yoast SEO plugin. -->","yoast_head_json":{"title":"Plorans Ploravit - SABRA - Sociedade Art\u00edstica Brasileira","robots":{"index":"index","follow":"follow","max-snippet":"max-snippet:-1","max-image-preview":"max-image-preview:large","max-video-preview":"max-video-preview:-1"},"canonical":"https:\/\/www.sabra.org.br\/site\/acoes\/patrimoniohistorico\/edicao-de-manuscritos-musicais\/plorans-ploravit\/","og_locale":"pt_BR","og_type":"article","og_title":"Plorans Ploravit - SABRA - Sociedade Art\u00edstica Brasileira","og_description":"Plorans Ploravit Jer\u00f4nimo de Souza Lobo Download: Partitura\u00a0 \u00a0 \u00a0 \u00a0 \u00a0 Partes instrumentais\u00a0 \u00a0 \u00a0 \u00a0 \u00a0 Redu\u00e7\u00e3o para vozes e piano Informa\u00e7\u00e3o Geral&hellip;","og_url":"https:\/\/www.sabra.org.br\/site\/acoes\/patrimoniohistorico\/edicao-de-manuscritos-musicais\/plorans-ploravit\/","og_site_name":"SABRA - Sociedade Art\u00edstica Brasileira","article_publisher":"https:\/\/www.facebook.com\/sabrabrasil","article_modified_time":"2018-03-11T17:27:02+00:00","og_image":[{"width":200,"height":200,"url":"https:\/\/www.sabra.org.br\/site\/wp-content\/uploads\/2021\/12\/AvatarSabra1.jpg","type":"image\/jpeg"}],"twitter_card":"summary_large_image","twitter_site":"@ContatoSabra","twitter_misc":{"Est. tempo de leitura":"1 minuto"},"schema":{"@context":"https:\/\/schema.org","@graph":[{"@type":"WebPage","@id":"https:\/\/www.sabra.org.br\/site\/acoes\/patrimoniohistorico\/edicao-de-manuscritos-musicais\/plorans-ploravit\/","url":"https:\/\/www.sabra.org.br\/site\/acoes\/patrimoniohistorico\/edicao-de-manuscritos-musicais\/plorans-ploravit\/","name":"Plorans Ploravit - SABRA - Sociedade Art\u00edstica Brasileira","isPartOf":{"@id":"https:\/\/www.sabra.org.br\/site\/#website"},"datePublished":"2018-03-10T18:40:46+00:00","dateModified":"2018-03-11T17:27:02+00:00","breadcrumb":{"@id":"https:\/\/www.sabra.org.br\/site\/acoes\/patrimoniohistorico\/edicao-de-manuscritos-musicais\/plorans-ploravit\/#breadcrumb"},"inLanguage":"pt-BR","potentialAction":[{"@type":"ReadAction","target":["https:\/\/www.sabra.org.br\/site\/acoes\/patrimoniohistorico\/edicao-de-manuscritos-musicais\/plorans-ploravit\/"]}]},{"@type":"BreadcrumbList","@id":"https:\/\/www.sabra.org.br\/site\/acoes\/patrimoniohistorico\/edicao-de-manuscritos-musicais\/plorans-ploravit\/#breadcrumb","itemListElement":[{"@type":"ListItem","position":1,"name":"In\u00edcio","item":"https:\/\/www.sabra.org.br\/site\/"},{"@type":"ListItem","position":2,"name":"A\u00e7\u00f5es","item":"https:\/\/www.sabra.org.br\/site\/acoes\/"},{"@type":"ListItem","position":3,"name":"Patrim\u00f4nio Hist\u00f3rico, Art\u00edstico e Cultural","item":"https:\/\/www.sabra.org.br\/site\/acoes\/patrimoniohistorico\/"},{"@type":"ListItem","position":4,"name":"Edi\u00e7\u00e3o de Manuscritos Musicais","item":"https:\/\/www.sabra.org.br\/site\/acoes\/patrimoniohistorico\/edicao-de-manuscritos-musicais\/"},{"@type":"ListItem","position":5,"name":"Plorans Ploravit"}]},{"@type":"WebSite","@id":"https:\/\/www.sabra.org.br\/site\/#website","url":"https:\/\/www.sabra.org.br\/site\/","name":"SABRA - Sociedade Art\u00edstica Brasileira","description":"Escola de M\u00fasica, Orquestra Sinf\u00f4nica, Coral e Patrim\u00f4nio Cultural e Hist\u00f3rico","publisher":{"@id":"https:\/\/www.sabra.org.br\/site\/#organization"},"potentialAction":[{"@type":"SearchAction","target":{"@type":"EntryPoint","urlTemplate":"https:\/\/www.sabra.org.br\/site\/?s={search_term_string}"},"query-input":{"@type":"PropertyValueSpecification","valueRequired":true,"valueName":"search_term_string"}}],"inLanguage":"pt-BR"},{"@type":"Organization","@id":"https:\/\/www.sabra.org.br\/site\/#organization","name":"SOCIEDADE ART\u00cdSTICA BRASILEIRA SABRA","alternateName":"SABRA","url":"https:\/\/www.sabra.org.br\/site\/","logo":{"@type":"ImageObject","inLanguage":"pt-BR","@id":"https:\/\/www.sabra.org.br\/site\/#\/schema\/logo\/image\/","url":"https:\/\/www.sabra.org.br\/site\/wp-content\/uploads\/2019\/06\/cropped-Logo_SABRA-Copia-1.webp","contentUrl":"https:\/\/www.sabra.org.br\/site\/wp-content\/uploads\/2019\/06\/cropped-Logo_SABRA-Copia-1.webp","width":400,"height":128,"caption":"SOCIEDADE ART\u00cdSTICA BRASILEIRA SABRA"},"image":{"@id":"https:\/\/www.sabra.org.br\/site\/#\/schema\/logo\/image\/"},"sameAs":["https:\/\/www.facebook.com\/sabrabrasil","https:\/\/x.com\/ContatoSabra","https:\/\/www.instagram.com\/sabrabrasil\/","https:\/\/www.linkedin.com\/company\/25002088\/","https:\/\/br.pinterest.com\/sociedadeartisticabrasileira\/","https:\/\/www.youtube.com\/c\/sabrabrasil"]}]}},"jetpack_shortlink":"https:\/\/wp.me\/P95j2Z-gb","jetpack-related-posts":[],"jetpack_likes_enabled":true,"jetpack_sharing_enabled":true,"_links":{"self":[{"href":"https:\/\/www.sabra.org.br\/site\/wp-json\/wp\/v2\/pages\/1003","targetHints":{"allow":["GET"]}}],"collection":[{"href":"https:\/\/www.sabra.org.br\/site\/wp-json\/wp\/v2\/pages"}],"about":[{"href":"https:\/\/www.sabra.org.br\/site\/wp-json\/wp\/v2\/types\/page"}],"author":[{"embeddable":true,"href":"https:\/\/www.sabra.org.br\/site\/wp-json\/wp\/v2\/users\/4"}],"replies":[{"embeddable":true,"href":"https:\/\/www.sabra.org.br\/site\/wp-json\/wp\/v2\/comments?post=1003"}],"version-history":[{"count":0,"href":"https:\/\/www.sabra.org.br\/site\/wp-json\/wp\/v2\/pages\/1003\/revisions"}],"up":[{"embeddable":true,"href":"https:\/\/www.sabra.org.br\/site\/wp-json\/wp\/v2\/pages\/74"}],"wp:attachment":[{"href":"https:\/\/www.sabra.org.br\/site\/wp-json\/wp\/v2\/media?parent=1003"}],"curies":[{"name":"wp","href":"https:\/\/api.w.org\/{rel}","templated":true}]}}