{"id":1170,"date":"2018-03-11T12:53:23","date_gmt":"2018-03-11T15:53:23","guid":{"rendered":"http:\/\/www.sabra.org.br\/site\/?page_id=1170"},"modified":"2018-03-11T12:57:25","modified_gmt":"2018-03-11T15:57:25","slug":"jaculatorias-de-nossa-senhora-das-dores","status":"publish","type":"page","link":"https:\/\/www.sabra.org.br\/site\/acoes\/patrimoniohistorico\/edicao-de-manuscritos-musicais\/jaculatorias-de-nossa-senhora-das-dores\/","title":{"rendered":"Jaculat\u00f3rias de Nossa Senhora das Dores"},"content":{"rendered":"<p style=\"text-align: center;\"><strong>Jaculat\u00f3rias de Nossa Senhora das Dores<\/strong><br \/>\n<strong>Jer\u00f4nimo de Souza Lobo<\/strong><\/p>\n<p style=\"text-align: center;\"><span style=\"color: #808000;\"><strong>Download:<\/strong><\/span><br \/>\n<a href=\"https:\/\/www.sabra.org.br\/site\/wp-content\/uploads\/2018\/03\/SVIRGEM-Partitura-inteira.pdf\" target=\"_blank\" rel=\"noopener\">Partitura<\/a>\u00a0 \u00a0 \u00a0 \u00a0 \u00a0 <a href=\"https:\/\/www.sabra.org.br\/site\/wp-content\/uploads\/2018\/03\/SVIRGEM-PartesF.pdf\" target=\"_blank\" rel=\"noopener\">Partes instrumentais<\/a>\u00a0 \u00a0 \u00a0 \u00a0 \u00a0 <a href=\"https:\/\/www.sabra.org.br\/site\/wp-content\/uploads\/2018\/03\/SVIRGEM-CP-Partitura-inteira.pdf\" target=\"_blank\" rel=\"noopener\">Redu\u00e7\u00e3o para vozes e piano<\/a><\/p>\n<p style=\"text-align: center;\"><span style=\"color: #808000;\"><strong>Informa\u00e7\u00e3o Geral<\/strong><\/span><\/p>\n<p><strong>Clave\/tom<\/strong>: E menor<\/p>\n<p><strong>Movimentos\/Se\u00e7\u00f5es<\/strong>: 1<\/p>\n<p><strong>L\u00edngua<\/strong>: Latim<\/p>\n<p><strong>Dura\u00e7\u00e3o m\u00e9dia<\/strong>:\u00a0 2 minutos<\/p>\n<p><strong>Estilo da obra<\/strong>: Cl\u00e1ssica<\/p>\n<p><strong>Instrumenta\u00e7\u00e3o<\/strong>: coral misto (SATB), 2 flautas, 2 trompas (F), 2 violinos, violas, violoncelos e contrabaixos<\/p>\n<p><strong>G\u00eanero<\/strong>: Coros sacros; Coral; M\u00fasica sacra; para coro misto; orquestra; partitura com coral misto; partitura com orquestra; para coro e orquestra; l\u00edngua latina; texto em latim (Sacred choruses; Choruses; Religious works; For mixed chorus, orchestra; Scores featuring mixed chorus; Scores featuring the orchestra; For chorus with orchestra; Latin language)<\/p>\n<p><strong>Primeira publica\u00e7\u00e3o<\/strong>: 2006<\/p>\n<p><strong>Informa\u00e7\u00e3o da editora<\/strong>: Belo Horizonte: Editora Pontes\/MG<\/p>\n<p><strong>Editor<\/strong>: Marcio Miranda Pontes<\/p>\n<p><strong>Direitos autorais<\/strong>: Creative Commons Attribution-NonCommercial 4.0 International (CC BY-NC 4.0)<\/p>\n<div class=\"gsp_post_data\" \r\n\t            data-post_type=\"page\" \r\n\t            data-cat=\"\" \r\n\t            data-modified=\"120\"\r\n\t            data-created=\"1520772803\"\r\n\t            data-title=\"Jaculat\u00f3rias de Nossa Senhora das Dores\" \r\n\t            data-home=\"https:\/\/www.sabra.org.br\/site\"><\/div>","protected":false},"excerpt":{"rendered":"<p>Jaculat\u00f3rias de Nossa Senhora das Dores Jer\u00f4nimo de Souza Lobo Download: Partitura\u00a0 \u00a0 \u00a0 \u00a0 \u00a0 Partes instrumentais\u00a0 \u00a0 \u00a0 \u00a0 \u00a0 Redu\u00e7\u00e3o para vozes&hellip;<\/p>\n","protected":false},"author":4,"featured_media":0,"parent":74,"menu_order":0,"comment_status":"closed","ping_status":"closed","template":"","meta":{"jetpack_post_was_ever_published":false,"footnotes":""},"class_list":["post-1170","page","type-page","status-publish","hentry"],"yoast_head":"<!-- This site is optimized with the Yoast SEO plugin v27.4 - https:\/\/yoast.com\/product\/yoast-seo-wordpress\/ -->\n<title>Jaculat\u00f3rias de Nossa Senhora das Dores - SABRA - Sociedade Art\u00edstica Brasileira<\/title>\n<meta name=\"robots\" content=\"index, follow, max-snippet:-1, max-image-preview:large, max-video-preview:-1\" \/>\n<link rel=\"canonical\" href=\"https:\/\/www.sabra.org.br\/site\/acoes\/patrimoniohistorico\/edicao-de-manuscritos-musicais\/jaculatorias-de-nossa-senhora-das-dores\/\" \/>\n<meta property=\"og:locale\" content=\"pt_BR\" \/>\n<meta property=\"og:type\" content=\"article\" \/>\n<meta property=\"og:title\" content=\"Jaculat\u00f3rias de Nossa Senhora das Dores - SABRA - Sociedade Art\u00edstica Brasileira\" \/>\n<meta property=\"og:description\" content=\"Jaculat\u00f3rias de Nossa Senhora das Dores Jer\u00f4nimo de Souza Lobo Download: Partitura\u00a0 \u00a0 \u00a0 \u00a0 \u00a0 Partes instrumentais\u00a0 \u00a0 \u00a0 \u00a0 \u00a0 Redu\u00e7\u00e3o para vozes&hellip;\" \/>\n<meta property=\"og:url\" content=\"https:\/\/www.sabra.org.br\/site\/acoes\/patrimoniohistorico\/edicao-de-manuscritos-musicais\/jaculatorias-de-nossa-senhora-das-dores\/\" \/>\n<meta property=\"og:site_name\" content=\"SABRA - Sociedade Art\u00edstica Brasileira\" \/>\n<meta property=\"article:publisher\" content=\"https:\/\/www.facebook.com\/sabrabrasil\" \/>\n<meta property=\"article:modified_time\" content=\"2018-03-11T15:57:25+00:00\" \/>\n<meta property=\"og:image\" content=\"https:\/\/www.sabra.org.br\/site\/wp-content\/uploads\/2021\/12\/AvatarSabra1.jpg\" \/>\n\t<meta property=\"og:image:width\" content=\"200\" \/>\n\t<meta property=\"og:image:height\" content=\"200\" \/>\n\t<meta property=\"og:image:type\" content=\"image\/jpeg\" \/>\n<meta name=\"twitter:card\" content=\"summary_large_image\" \/>\n<meta name=\"twitter:site\" content=\"@ContatoSabra\" \/>\n<meta name=\"twitter:label1\" content=\"Est. tempo de leitura\" \/>\n\t<meta name=\"twitter:data1\" content=\"1 minuto\" \/>\n<script type=\"application\/ld+json\" class=\"yoast-schema-graph\">{\"@context\":\"https:\\\/\\\/schema.org\",\"@graph\":[{\"@type\":\"WebPage\",\"@id\":\"https:\\\/\\\/www.sabra.org.br\\\/site\\\/acoes\\\/patrimoniohistorico\\\/edicao-de-manuscritos-musicais\\\/jaculatorias-de-nossa-senhora-das-dores\\\/\",\"url\":\"https:\\\/\\\/www.sabra.org.br\\\/site\\\/acoes\\\/patrimoniohistorico\\\/edicao-de-manuscritos-musicais\\\/jaculatorias-de-nossa-senhora-das-dores\\\/\",\"name\":\"Jaculat\u00f3rias de Nossa Senhora das Dores - SABRA - Sociedade Art\u00edstica Brasileira\",\"isPartOf\":{\"@id\":\"https:\\\/\\\/www.sabra.org.br\\\/site\\\/#website\"},\"datePublished\":\"2018-03-11T15:53:23+00:00\",\"dateModified\":\"2018-03-11T15:57:25+00:00\",\"breadcrumb\":{\"@id\":\"https:\\\/\\\/www.sabra.org.br\\\/site\\\/acoes\\\/patrimoniohistorico\\\/edicao-de-manuscritos-musicais\\\/jaculatorias-de-nossa-senhora-das-dores\\\/#breadcrumb\"},\"inLanguage\":\"pt-BR\",\"potentialAction\":[{\"@type\":\"ReadAction\",\"target\":[\"https:\\\/\\\/www.sabra.org.br\\\/site\\\/acoes\\\/patrimoniohistorico\\\/edicao-de-manuscritos-musicais\\\/jaculatorias-de-nossa-senhora-das-dores\\\/\"]}]},{\"@type\":\"BreadcrumbList\",\"@id\":\"https:\\\/\\\/www.sabra.org.br\\\/site\\\/acoes\\\/patrimoniohistorico\\\/edicao-de-manuscritos-musicais\\\/jaculatorias-de-nossa-senhora-das-dores\\\/#breadcrumb\",\"itemListElement\":[{\"@type\":\"ListItem\",\"position\":1,\"name\":\"In\u00edcio\",\"item\":\"https:\\\/\\\/www.sabra.org.br\\\/site\\\/\"},{\"@type\":\"ListItem\",\"position\":2,\"name\":\"A\u00e7\u00f5es\",\"item\":\"https:\\\/\\\/www.sabra.org.br\\\/site\\\/acoes\\\/\"},{\"@type\":\"ListItem\",\"position\":3,\"name\":\"Patrim\u00f4nio Hist\u00f3rico, Art\u00edstico e Cultural\",\"item\":\"https:\\\/\\\/www.sabra.org.br\\\/site\\\/acoes\\\/patrimoniohistorico\\\/\"},{\"@type\":\"ListItem\",\"position\":4,\"name\":\"Edi\u00e7\u00e3o de Manuscritos Musicais\",\"item\":\"https:\\\/\\\/www.sabra.org.br\\\/site\\\/acoes\\\/patrimoniohistorico\\\/edicao-de-manuscritos-musicais\\\/\"},{\"@type\":\"ListItem\",\"position\":5,\"name\":\"Jaculat\u00f3rias de Nossa Senhora das Dores\"}]},{\"@type\":\"WebSite\",\"@id\":\"https:\\\/\\\/www.sabra.org.br\\\/site\\\/#website\",\"url\":\"https:\\\/\\\/www.sabra.org.br\\\/site\\\/\",\"name\":\"SABRA - Sociedade Art\u00edstica Brasileira\",\"description\":\"Escola de M\u00fasica, Orquestra Sinf\u00f4nica, Coral e Patrim\u00f4nio Cultural e Hist\u00f3rico\",\"publisher\":{\"@id\":\"https:\\\/\\\/www.sabra.org.br\\\/site\\\/#organization\"},\"potentialAction\":[{\"@type\":\"SearchAction\",\"target\":{\"@type\":\"EntryPoint\",\"urlTemplate\":\"https:\\\/\\\/www.sabra.org.br\\\/site\\\/?s={search_term_string}\"},\"query-input\":{\"@type\":\"PropertyValueSpecification\",\"valueRequired\":true,\"valueName\":\"search_term_string\"}}],\"inLanguage\":\"pt-BR\"},{\"@type\":\"Organization\",\"@id\":\"https:\\\/\\\/www.sabra.org.br\\\/site\\\/#organization\",\"name\":\"SOCIEDADE ART\u00cdSTICA BRASILEIRA SABRA\",\"alternateName\":\"SABRA\",\"url\":\"https:\\\/\\\/www.sabra.org.br\\\/site\\\/\",\"logo\":{\"@type\":\"ImageObject\",\"inLanguage\":\"pt-BR\",\"@id\":\"https:\\\/\\\/www.sabra.org.br\\\/site\\\/#\\\/schema\\\/logo\\\/image\\\/\",\"url\":\"https:\\\/\\\/www.sabra.org.br\\\/site\\\/wp-content\\\/uploads\\\/2019\\\/06\\\/cropped-Logo_SABRA-Copia-1.webp\",\"contentUrl\":\"https:\\\/\\\/www.sabra.org.br\\\/site\\\/wp-content\\\/uploads\\\/2019\\\/06\\\/cropped-Logo_SABRA-Copia-1.webp\",\"width\":400,\"height\":128,\"caption\":\"SOCIEDADE ART\u00cdSTICA BRASILEIRA SABRA\"},\"image\":{\"@id\":\"https:\\\/\\\/www.sabra.org.br\\\/site\\\/#\\\/schema\\\/logo\\\/image\\\/\"},\"sameAs\":[\"https:\\\/\\\/www.facebook.com\\\/sabrabrasil\",\"https:\\\/\\\/x.com\\\/ContatoSabra\",\"https:\\\/\\\/www.instagram.com\\\/sabrabrasil\\\/\",\"https:\\\/\\\/www.linkedin.com\\\/company\\\/25002088\\\/\",\"https:\\\/\\\/br.pinterest.com\\\/sociedadeartisticabrasileira\\\/\",\"https:\\\/\\\/www.youtube.com\\\/c\\\/sabrabrasil\"]}]}<\/script>\n<!-- \/ Yoast SEO plugin. -->","yoast_head_json":{"title":"Jaculat\u00f3rias de Nossa Senhora das Dores - SABRA - Sociedade Art\u00edstica Brasileira","robots":{"index":"index","follow":"follow","max-snippet":"max-snippet:-1","max-image-preview":"max-image-preview:large","max-video-preview":"max-video-preview:-1"},"canonical":"https:\/\/www.sabra.org.br\/site\/acoes\/patrimoniohistorico\/edicao-de-manuscritos-musicais\/jaculatorias-de-nossa-senhora-das-dores\/","og_locale":"pt_BR","og_type":"article","og_title":"Jaculat\u00f3rias de Nossa Senhora das Dores - SABRA - Sociedade Art\u00edstica Brasileira","og_description":"Jaculat\u00f3rias de Nossa Senhora das Dores Jer\u00f4nimo de Souza Lobo Download: Partitura\u00a0 \u00a0 \u00a0 \u00a0 \u00a0 Partes instrumentais\u00a0 \u00a0 \u00a0 \u00a0 \u00a0 Redu\u00e7\u00e3o para vozes&hellip;","og_url":"https:\/\/www.sabra.org.br\/site\/acoes\/patrimoniohistorico\/edicao-de-manuscritos-musicais\/jaculatorias-de-nossa-senhora-das-dores\/","og_site_name":"SABRA - Sociedade Art\u00edstica Brasileira","article_publisher":"https:\/\/www.facebook.com\/sabrabrasil","article_modified_time":"2018-03-11T15:57:25+00:00","og_image":[{"width":200,"height":200,"url":"https:\/\/www.sabra.org.br\/site\/wp-content\/uploads\/2021\/12\/AvatarSabra1.jpg","type":"image\/jpeg"}],"twitter_card":"summary_large_image","twitter_site":"@ContatoSabra","twitter_misc":{"Est. tempo de leitura":"1 minuto"},"schema":{"@context":"https:\/\/schema.org","@graph":[{"@type":"WebPage","@id":"https:\/\/www.sabra.org.br\/site\/acoes\/patrimoniohistorico\/edicao-de-manuscritos-musicais\/jaculatorias-de-nossa-senhora-das-dores\/","url":"https:\/\/www.sabra.org.br\/site\/acoes\/patrimoniohistorico\/edicao-de-manuscritos-musicais\/jaculatorias-de-nossa-senhora-das-dores\/","name":"Jaculat\u00f3rias de Nossa Senhora das Dores - SABRA - Sociedade Art\u00edstica Brasileira","isPartOf":{"@id":"https:\/\/www.sabra.org.br\/site\/#website"},"datePublished":"2018-03-11T15:53:23+00:00","dateModified":"2018-03-11T15:57:25+00:00","breadcrumb":{"@id":"https:\/\/www.sabra.org.br\/site\/acoes\/patrimoniohistorico\/edicao-de-manuscritos-musicais\/jaculatorias-de-nossa-senhora-das-dores\/#breadcrumb"},"inLanguage":"pt-BR","potentialAction":[{"@type":"ReadAction","target":["https:\/\/www.sabra.org.br\/site\/acoes\/patrimoniohistorico\/edicao-de-manuscritos-musicais\/jaculatorias-de-nossa-senhora-das-dores\/"]}]},{"@type":"BreadcrumbList","@id":"https:\/\/www.sabra.org.br\/site\/acoes\/patrimoniohistorico\/edicao-de-manuscritos-musicais\/jaculatorias-de-nossa-senhora-das-dores\/#breadcrumb","itemListElement":[{"@type":"ListItem","position":1,"name":"In\u00edcio","item":"https:\/\/www.sabra.org.br\/site\/"},{"@type":"ListItem","position":2,"name":"A\u00e7\u00f5es","item":"https:\/\/www.sabra.org.br\/site\/acoes\/"},{"@type":"ListItem","position":3,"name":"Patrim\u00f4nio Hist\u00f3rico, Art\u00edstico e Cultural","item":"https:\/\/www.sabra.org.br\/site\/acoes\/patrimoniohistorico\/"},{"@type":"ListItem","position":4,"name":"Edi\u00e7\u00e3o de Manuscritos Musicais","item":"https:\/\/www.sabra.org.br\/site\/acoes\/patrimoniohistorico\/edicao-de-manuscritos-musicais\/"},{"@type":"ListItem","position":5,"name":"Jaculat\u00f3rias de Nossa Senhora das Dores"}]},{"@type":"WebSite","@id":"https:\/\/www.sabra.org.br\/site\/#website","url":"https:\/\/www.sabra.org.br\/site\/","name":"SABRA - Sociedade Art\u00edstica Brasileira","description":"Escola de M\u00fasica, Orquestra Sinf\u00f4nica, Coral e Patrim\u00f4nio Cultural e Hist\u00f3rico","publisher":{"@id":"https:\/\/www.sabra.org.br\/site\/#organization"},"potentialAction":[{"@type":"SearchAction","target":{"@type":"EntryPoint","urlTemplate":"https:\/\/www.sabra.org.br\/site\/?s={search_term_string}"},"query-input":{"@type":"PropertyValueSpecification","valueRequired":true,"valueName":"search_term_string"}}],"inLanguage":"pt-BR"},{"@type":"Organization","@id":"https:\/\/www.sabra.org.br\/site\/#organization","name":"SOCIEDADE ART\u00cdSTICA BRASILEIRA SABRA","alternateName":"SABRA","url":"https:\/\/www.sabra.org.br\/site\/","logo":{"@type":"ImageObject","inLanguage":"pt-BR","@id":"https:\/\/www.sabra.org.br\/site\/#\/schema\/logo\/image\/","url":"https:\/\/www.sabra.org.br\/site\/wp-content\/uploads\/2019\/06\/cropped-Logo_SABRA-Copia-1.webp","contentUrl":"https:\/\/www.sabra.org.br\/site\/wp-content\/uploads\/2019\/06\/cropped-Logo_SABRA-Copia-1.webp","width":400,"height":128,"caption":"SOCIEDADE ART\u00cdSTICA BRASILEIRA SABRA"},"image":{"@id":"https:\/\/www.sabra.org.br\/site\/#\/schema\/logo\/image\/"},"sameAs":["https:\/\/www.facebook.com\/sabrabrasil","https:\/\/x.com\/ContatoSabra","https:\/\/www.instagram.com\/sabrabrasil\/","https:\/\/www.linkedin.com\/company\/25002088\/","https:\/\/br.pinterest.com\/sociedadeartisticabrasileira\/","https:\/\/www.youtube.com\/c\/sabrabrasil"]}]}},"jetpack_shortlink":"https:\/\/wp.me\/P95j2Z-iS","jetpack-related-posts":[{"id":994,"url":"https:\/\/www.sabra.org.br\/site\/acoes\/patrimoniohistorico\/edicao-de-manuscritos-musicais\/setenario-de-nossa-senhora-das-dores\/","url_meta":{"origin":1170,"position":0},"title":"Seten\u00e1rio de Nossa Senhora das Dores","author":"","date":"10 de mar\u00e7o de 2018","format":false,"excerpt":"Seten\u00e1rio de Nossa Senhora das Dores Jer\u00f4nimo de Souza Lobo Download: Partitura\u00a0 \u00a0 \u00a0 \u00a0 \u00a0 Partes instrumentais\u00a0 \u00a0 \u00a0 \u00a0 \u00a0 Redu\u00e7\u00e3o para vozes e piano Informa\u00e7\u00e3o Geral Clave\/tom:\u00a0F maior Movimentos\/Se\u00e7\u00f5es:\u00a09 L\u00edngua: Latim Dura\u00e7\u00e3o m\u00e9dia: 15 minutos Estilo da obra: Cl\u00e1ssica Instrumenta\u00e7\u00e3o: coral misto (SATB), 2 flautas, 2 trompas\u2026","rel":"","context":"Post similar","block_context":{"text":"Post similar","link":""},"img":{"alt_text":"","src":"","width":0,"height":0},"classes":[]},{"id":74,"url":"https:\/\/www.sabra.org.br\/site\/acoes\/patrimoniohistorico\/edicao-de-manuscritos-musicais\/","url_meta":{"origin":1170,"position":1},"title":"Edi\u00e7\u00e3o de Manuscritos Musicais","author":"M\u00e1rcio Miranda Pontes","date":"4 de julho de 2016","format":false,"excerpt":"Edi\u00e7\u00e3o de manuscritos musicais Desde 1999 o maestro M\u00e1rcio Miranda Pontes desenvolve intenso trabalho de pesquisa sobre a m\u00fasica de compositores brasileiros\u00a0dos s\u00e9culos XVIII e XIX. Como resultado, foram restauradas e publicadas edi\u00e7\u00f5es de dezenas de obras. Para ampliar e facilitar o acesso ao material produzido, foram realizadas a impress\u00e3o\u2026","rel":"","context":"Post similar","block_context":{"text":"Post similar","link":""},"img":{"alt_text":"partituracor-crop-u1705","src":"https:\/\/i0.wp.com\/www.sabra.org.br\/site\/wp-content\/uploads\/2016\/07\/partituracor-crop-u1705.jpg?resize=350%2C200","width":350,"height":200,"srcset":"https:\/\/i0.wp.com\/www.sabra.org.br\/site\/wp-content\/uploads\/2016\/07\/partituracor-crop-u1705.jpg?resize=350%2C200 1x, https:\/\/i0.wp.com\/www.sabra.org.br\/site\/wp-content\/uploads\/2016\/07\/partituracor-crop-u1705.jpg?resize=525%2C300 1.5x, https:\/\/i0.wp.com\/www.sabra.org.br\/site\/wp-content\/uploads\/2016\/07\/partituracor-crop-u1705.jpg?resize=700%2C400 2x"},"classes":[]},{"id":4572,"url":"https:\/\/www.sabra.org.br\/site\/acoes\/patrimoniohistorico\/edicao-de-manuscritos-musicais\/antifona-de-nossa-senhora\/","url_meta":{"origin":1170,"position":2},"title":"Ant\u00edfona de Nossa Senhora","author":"M\u00e1rcio Miranda Pontes","date":"6 de janeiro de 2022","format":false,"excerpt":"Ant\u00edfona de Nossa Senhora Jos\u00e9 Joaquim Emerico Lobo de Mesquita Download: Partitura\u00a0 \u00a0 \u00a0 \u00a0 \u00a0 Partes instrumentais\u00a0 \u00a0 \u00a0 \u00a0 \u00a0 Parte vocal Informa\u00e7\u00e3o Geral Clave\/tom: A menor Movimentos\/Se\u00e7\u00f5es: 3 L\u00edngua: Latim Dura\u00e7\u00e3o m\u00e9dia:\u00a0 10 minutos Estilo da obra: Cl\u00e1ssica Instrumenta\u00e7\u00e3o: coral misto (SATB), 2 violinos e violoncelos G\u00eanero:\u2026","rel":"","context":"Post similar","block_context":{"text":"Post similar","link":""},"img":{"alt_text":"","src":"","width":0,"height":0},"classes":[]},{"id":4585,"url":"https:\/\/www.sabra.org.br\/site\/acoes\/patrimoniohistorico\/edicao-de-manuscritos-musicais\/novena-de-nossa-senhora-do-carmo\/","url_meta":{"origin":1170,"position":3},"title":"Novena de Nossa Senhora do Carmo","author":"M\u00e1rcio Miranda Pontes","date":"6 de janeiro de 2022","format":false,"excerpt":"Novena de Nossa Senhora do Carmo Jer\u00f4nimo de Souza Lobo Download: Partitura\u00a0 \u00a0 \u00a0 \u00a0 \u00a0 Partes instrumentais\u00a0 \u00a0 \u00a0 \u00a0 \u00a0 Parte vocal Informa\u00e7\u00e3o Geral Clave\/tom: D maior Movimentos\/Se\u00e7\u00f5es: 9 L\u00edngua: Latim Dura\u00e7\u00e3o m\u00e9dia:\u00a0 25 minutos Estilo da obra: Cl\u00e1ssica Instrumenta\u00e7\u00e3o: coral misto (SATB), 2 obo\u00e9s, 2 trompas (F),\u2026","rel":"","context":"Post similar","block_context":{"text":"Post similar","link":""},"img":{"alt_text":"","src":"","width":0,"height":0},"classes":[]},{"id":895,"url":"https:\/\/www.sabra.org.br\/site\/acoes\/patrimoniohistorico\/edicao-de-manuscritos-musicais\/gradual-de-nossa-senhora-benedicta-et-admirabilis-es\/","url_meta":{"origin":1170,"position":4},"title":"Gradual de Nossa Senhora &#8211; Benedicta et Admirabilis es","author":"","date":"8 de mar\u00e7o de 2018","format":false,"excerpt":"Stabat Sancta Maria Compositor n\u00e3o identificado (Anonymous) Download: Partitura\u00a0 \u00a0 \u00a0 \u00a0 \u00a0 Partes instrumentais\u00a0 \u00a0 \u00a0 \u00a0 \u00a0 Redu\u00e7\u00e3o para vozes e piano Informa\u00e7\u00e3o Geral Clave\/tom: D maior Movimentos\/Se\u00e7\u00f5es: 1 L\u00edngua: Latim Dura\u00e7\u00e3o m\u00e9dia: 6 minutos Estilo da obra: Cl\u00e1ssica Instrumenta\u00e7\u00e3o: coral misto (SATB), 2 flautas, 2 trompas (F),\u2026","rel":"","context":"Post similar","block_context":{"text":"Post similar","link":""},"img":{"alt_text":"","src":"","width":0,"height":0},"classes":[]},{"id":2677,"url":"https:\/\/www.sabra.org.br\/site\/acoes\/patrimoniohistorico\/","url_meta":{"origin":1170,"position":5},"title":"Patrim\u00f4nio Hist\u00f3rico, Art\u00edstico e Cultural","author":"M\u00e1rcio Miranda Pontes","date":"2 de abril de 2020","format":false,"excerpt":"Patrim\u00f4nio Hist\u00f3rico, Art\u00edstico e Cultural A SABRA incentiva e desenvolve intenso trabalho de pesquisa e restaura\u00e7\u00e3o da m\u00fasica de compositores brasileiros dos s\u00e9culos XVIII e XIX e de documentos hist\u00f3ricos, al\u00e9m de bens m\u00f3veis e im\u00f3veis. Conhe\u00e7a nossos trabalhos: Tesouros Musicais BrasileirosEdi\u00e7\u00e3o de Manuscritos MusicaisA\u00e7\u00f5es de Educa\u00e7\u00e3o Patrimonial - temas:\u2026","rel":"","context":"Post similar","block_context":{"text":"Post similar","link":""},"img":{"alt_text":"Fazenda Campos Novos","src":"https:\/\/i0.wp.com\/www.sabra.org.br\/site\/wp-content\/uploads\/2022\/04\/Fazenda-Campos-Novos.jpg?resize=350%2C200&ssl=1","width":350,"height":200,"srcset":"https:\/\/i0.wp.com\/www.sabra.org.br\/site\/wp-content\/uploads\/2022\/04\/Fazenda-Campos-Novos.jpg?resize=350%2C200&ssl=1 1x, https:\/\/i0.wp.com\/www.sabra.org.br\/site\/wp-content\/uploads\/2022\/04\/Fazenda-Campos-Novos.jpg?resize=525%2C300&ssl=1 1.5x, https:\/\/i0.wp.com\/www.sabra.org.br\/site\/wp-content\/uploads\/2022\/04\/Fazenda-Campos-Novos.jpg?resize=700%2C400&ssl=1 2x, https:\/\/i0.wp.com\/www.sabra.org.br\/site\/wp-content\/uploads\/2022\/04\/Fazenda-Campos-Novos.jpg?resize=1050%2C600&ssl=1 3x"},"classes":[]}],"jetpack_likes_enabled":true,"jetpack_sharing_enabled":true,"_links":{"self":[{"href":"https:\/\/www.sabra.org.br\/site\/wp-json\/wp\/v2\/pages\/1170","targetHints":{"allow":["GET"]}}],"collection":[{"href":"https:\/\/www.sabra.org.br\/site\/wp-json\/wp\/v2\/pages"}],"about":[{"href":"https:\/\/www.sabra.org.br\/site\/wp-json\/wp\/v2\/types\/page"}],"author":[{"embeddable":true,"href":"https:\/\/www.sabra.org.br\/site\/wp-json\/wp\/v2\/users\/4"}],"replies":[{"embeddable":true,"href":"https:\/\/www.sabra.org.br\/site\/wp-json\/wp\/v2\/comments?post=1170"}],"version-history":[{"count":0,"href":"https:\/\/www.sabra.org.br\/site\/wp-json\/wp\/v2\/pages\/1170\/revisions"}],"up":[{"embeddable":true,"href":"https:\/\/www.sabra.org.br\/site\/wp-json\/wp\/v2\/pages\/74"}],"wp:attachment":[{"href":"https:\/\/www.sabra.org.br\/site\/wp-json\/wp\/v2\/media?parent=1170"}],"curies":[{"name":"wp","href":"https:\/\/api.w.org\/{rel}","templated":true}]}}