{"id":12886,"date":"2025-04-22T21:15:33","date_gmt":"2025-04-23T00:15:33","guid":{"rendered":"https:\/\/www.sabra.org.br\/site\/accessibility-statement\/"},"modified":"2025-12-05T10:03:48","modified_gmt":"2025-12-05T13:03:48","slug":"accessibility-statement","status":"publish","type":"page","link":"https:\/\/www.sabra.org.br\/site\/accessibility-statement\/","title":{"rendered":"Declara\u00e7\u00e3o de acessibilidade"},"content":{"rendered":"\n<h2 class=\"wp-block-heading has-text-align-center\"><strong>Declara\u00e7\u00e3o de acessibilidade para https:\/\/www.sabra.org.br\/<\/strong><\/h2>\n\n\n\n<p>O <strong>Sociedade Art\u00edstica Brasileira SABRA<\/strong> tem o compromisso de garantir a acessibilidade digital para pessoas com necessidades especiais. Estamos melhorando continuamente a experi\u00eancia do usu\u00e1rio para todos, aplicando os padr\u00f5es de acessibilidade relevantes.<\/p>\n\n\n\n<h4 class=\"wp-block-heading\"><strong>Status da conformidade<\/strong><\/h4>\n\n\n\n<p>As Diretrizes de Acessibilidade para Conte\u00fado da Web (WCAG) definem os requisitos para que designers e desenvolvedores melhorem a acessibilidade para pessoas com necessidades especiais. Elas definem tr\u00eas n\u00edveis de conformidade: N\u00edvel A, N\u00edvel AA e N\u00edvel AAA.<\/p>\n\n\n\n<p>O <strong>Sociedade Art\u00edstica Brasileira SABRA<\/strong> est\u00e1 se esfor\u00e7ando constantemente para melhorar a acessibilidade do seu site e dos seus servi\u00e7os, acreditando que \u00e9 nossa obriga\u00e7\u00e3o moral coletiva permitir o uso cont\u00ednuo, acess\u00edvel e sem impedimentos para os portadores de necessidades especiais.<\/p>\n\n\n\n<p>Nosso objetivo \u00e9 tornar acess\u00edveis todas as p\u00e1ginas e conte\u00fados do <strong>https:\/\/www.sabra.org.br\/<\/strong>, mas alguns conte\u00fados podem ainda n\u00e3o atender completamente aos mais altos padr\u00f5es de acessibilidade. Isso pode ocorrer devido a desafios na identifica\u00e7\u00e3o da solu\u00e7\u00e3o tecnol\u00f3gica mais adequada.<\/p>\n\n\n\n<p>Podemos revisar esta declara\u00e7\u00e3o periodicamente, para refletir melhorias ou altera\u00e7\u00f5es nas nossas pr\u00e1ticas de acessibilidade.<\/p>\n\n\n\n<h4 class=\"wp-block-heading\"><strong>Feedback<\/strong><\/h4>\n\n\n\n<p>Agradecemos seu feedback sobre a acessibilidade do site <strong>Sociedade Art\u00edstica Brasileira SABRA<\/strong>. Caso encontre barreiras de acessibilidade em nosso site, fale conosco:<\/p>\n\n\n\n<p>E-mail: <strong>contato@sabra.org.br<\/strong><\/p>\n\n\n\n<p>Tentamos responder aos feedbacks dentro de 3 a 5 dias \u00fateis.<\/p>\n\n\n\n<p>Esta declara\u00e7\u00e3o foi criada em 22\/04\/2025. <\/p>\n<div class=\"gsp_post_data\" \r\n\t            data-post_type=\"page\" \r\n\t            data-cat=\"\" \r\n\t            data-modified=\"120\"\r\n\t            data-created=\"1745356533\"\r\n\t            data-title=\"Declara\u00e7\u00e3o de acessibilidade\" \r\n\t            data-home=\"https:\/\/www.sabra.org.br\/site\"><\/div>","protected":false},"excerpt":{"rendered":"<p>Declara\u00e7\u00e3o de acessibilidade para https:\/\/www.sabra.org.br\/ O Sociedade Art\u00edstica Brasileira SABRA tem o compromisso de garantir a acessibilidade digital para pessoas com necessidades especiais. Estamos melhorando&hellip;<\/p>\n","protected":false},"author":39,"featured_media":0,"parent":0,"menu_order":0,"comment_status":"closed","ping_status":"closed","template":"","meta":{"jetpack_post_was_ever_published":false,"footnotes":""},"class_list":["post-12886","page","type-page","status-publish","hentry"],"yoast_head":"<!-- This site is optimized with the Yoast SEO plugin v27.4 - https:\/\/yoast.com\/product\/yoast-seo-wordpress\/ -->\n<title>Declara\u00e7\u00e3o de acessibilidade - SABRA - Sociedade Art\u00edstica Brasileira<\/title>\n<meta name=\"robots\" content=\"index, follow, max-snippet:-1, max-image-preview:large, max-video-preview:-1\" \/>\n<link rel=\"canonical\" href=\"https:\/\/www.sabra.org.br\/site\/accessibility-statement\/\" \/>\n<meta property=\"og:locale\" content=\"pt_BR\" \/>\n<meta property=\"og:type\" content=\"article\" \/>\n<meta property=\"og:title\" content=\"Declara\u00e7\u00e3o de acessibilidade - SABRA - Sociedade Art\u00edstica Brasileira\" \/>\n<meta property=\"og:description\" content=\"Declara\u00e7\u00e3o de acessibilidade para https:\/\/www.sabra.org.br\/ O Sociedade Art\u00edstica Brasileira SABRA tem o compromisso de garantir a acessibilidade digital para pessoas com necessidades especiais. Estamos melhorando&hellip;\" \/>\n<meta property=\"og:url\" content=\"https:\/\/www.sabra.org.br\/site\/accessibility-statement\/\" \/>\n<meta property=\"og:site_name\" content=\"SABRA - Sociedade Art\u00edstica Brasileira\" \/>\n<meta property=\"article:publisher\" content=\"https:\/\/www.facebook.com\/sabrabrasil\" \/>\n<meta property=\"article:modified_time\" content=\"2025-12-05T13:03:48+00:00\" \/>\n<meta property=\"og:image\" content=\"https:\/\/www.sabra.org.br\/site\/wp-content\/uploads\/2021\/12\/AvatarSabra1.jpg\" \/>\n\t<meta property=\"og:image:width\" content=\"200\" \/>\n\t<meta property=\"og:image:height\" content=\"200\" \/>\n\t<meta property=\"og:image:type\" content=\"image\/jpeg\" \/>\n<meta name=\"twitter:card\" content=\"summary_large_image\" \/>\n<meta name=\"twitter:site\" content=\"@ContatoSabra\" \/>\n<meta name=\"twitter:label1\" content=\"Est. tempo de leitura\" \/>\n\t<meta name=\"twitter:data1\" content=\"2 minutos\" \/>\n<script type=\"application\/ld+json\" class=\"yoast-schema-graph\">{\"@context\":\"https:\\\/\\\/schema.org\",\"@graph\":[{\"@type\":\"WebPage\",\"@id\":\"https:\\\/\\\/www.sabra.org.br\\\/site\\\/accessibility-statement\\\/\",\"url\":\"https:\\\/\\\/www.sabra.org.br\\\/site\\\/accessibility-statement\\\/\",\"name\":\"Declara\u00e7\u00e3o de acessibilidade - SABRA - Sociedade Art\u00edstica Brasileira\",\"isPartOf\":{\"@id\":\"https:\\\/\\\/www.sabra.org.br\\\/site\\\/#website\"},\"datePublished\":\"2025-04-23T00:15:33+00:00\",\"dateModified\":\"2025-12-05T13:03:48+00:00\",\"breadcrumb\":{\"@id\":\"https:\\\/\\\/www.sabra.org.br\\\/site\\\/accessibility-statement\\\/#breadcrumb\"},\"inLanguage\":\"pt-BR\",\"potentialAction\":[{\"@type\":\"ReadAction\",\"target\":[\"https:\\\/\\\/www.sabra.org.br\\\/site\\\/accessibility-statement\\\/\"]}]},{\"@type\":\"BreadcrumbList\",\"@id\":\"https:\\\/\\\/www.sabra.org.br\\\/site\\\/accessibility-statement\\\/#breadcrumb\",\"itemListElement\":[{\"@type\":\"ListItem\",\"position\":1,\"name\":\"In\u00edcio\",\"item\":\"https:\\\/\\\/www.sabra.org.br\\\/site\\\/\"},{\"@type\":\"ListItem\",\"position\":2,\"name\":\"Declara\u00e7\u00e3o de acessibilidade\"}]},{\"@type\":\"WebSite\",\"@id\":\"https:\\\/\\\/www.sabra.org.br\\\/site\\\/#website\",\"url\":\"https:\\\/\\\/www.sabra.org.br\\\/site\\\/\",\"name\":\"SABRA - Sociedade Art\u00edstica Brasileira\",\"description\":\"Escola de M\u00fasica, Orquestra Sinf\u00f4nica, Coral e Patrim\u00f4nio Cultural e Hist\u00f3rico\",\"publisher\":{\"@id\":\"https:\\\/\\\/www.sabra.org.br\\\/site\\\/#organization\"},\"potentialAction\":[{\"@type\":\"SearchAction\",\"target\":{\"@type\":\"EntryPoint\",\"urlTemplate\":\"https:\\\/\\\/www.sabra.org.br\\\/site\\\/?s={search_term_string}\"},\"query-input\":{\"@type\":\"PropertyValueSpecification\",\"valueRequired\":true,\"valueName\":\"search_term_string\"}}],\"inLanguage\":\"pt-BR\"},{\"@type\":\"Organization\",\"@id\":\"https:\\\/\\\/www.sabra.org.br\\\/site\\\/#organization\",\"name\":\"SOCIEDADE ART\u00cdSTICA BRASILEIRA SABRA\",\"alternateName\":\"SABRA\",\"url\":\"https:\\\/\\\/www.sabra.org.br\\\/site\\\/\",\"logo\":{\"@type\":\"ImageObject\",\"inLanguage\":\"pt-BR\",\"@id\":\"https:\\\/\\\/www.sabra.org.br\\\/site\\\/#\\\/schema\\\/logo\\\/image\\\/\",\"url\":\"https:\\\/\\\/www.sabra.org.br\\\/site\\\/wp-content\\\/uploads\\\/2019\\\/06\\\/cropped-Logo_SABRA-Copia-1.webp\",\"contentUrl\":\"https:\\\/\\\/www.sabra.org.br\\\/site\\\/wp-content\\\/uploads\\\/2019\\\/06\\\/cropped-Logo_SABRA-Copia-1.webp\",\"width\":400,\"height\":128,\"caption\":\"SOCIEDADE ART\u00cdSTICA BRASILEIRA SABRA\"},\"image\":{\"@id\":\"https:\\\/\\\/www.sabra.org.br\\\/site\\\/#\\\/schema\\\/logo\\\/image\\\/\"},\"sameAs\":[\"https:\\\/\\\/www.facebook.com\\\/sabrabrasil\",\"https:\\\/\\\/x.com\\\/ContatoSabra\",\"https:\\\/\\\/www.instagram.com\\\/sabrabrasil\\\/\",\"https:\\\/\\\/www.linkedin.com\\\/company\\\/25002088\\\/\",\"https:\\\/\\\/br.pinterest.com\\\/sociedadeartisticabrasileira\\\/\",\"https:\\\/\\\/www.youtube.com\\\/c\\\/sabrabrasil\"]}]}<\/script>\n<!-- \/ Yoast SEO plugin. -->","yoast_head_json":{"title":"Declara\u00e7\u00e3o de acessibilidade - SABRA - Sociedade Art\u00edstica Brasileira","robots":{"index":"index","follow":"follow","max-snippet":"max-snippet:-1","max-image-preview":"max-image-preview:large","max-video-preview":"max-video-preview:-1"},"canonical":"https:\/\/www.sabra.org.br\/site\/accessibility-statement\/","og_locale":"pt_BR","og_type":"article","og_title":"Declara\u00e7\u00e3o de acessibilidade - SABRA - Sociedade Art\u00edstica Brasileira","og_description":"Declara\u00e7\u00e3o de acessibilidade para https:\/\/www.sabra.org.br\/ O Sociedade Art\u00edstica Brasileira SABRA tem o compromisso de garantir a acessibilidade digital para pessoas com necessidades especiais. Estamos melhorando&hellip;","og_url":"https:\/\/www.sabra.org.br\/site\/accessibility-statement\/","og_site_name":"SABRA - Sociedade Art\u00edstica Brasileira","article_publisher":"https:\/\/www.facebook.com\/sabrabrasil","article_modified_time":"2025-12-05T13:03:48+00:00","og_image":[{"width":200,"height":200,"url":"https:\/\/www.sabra.org.br\/site\/wp-content\/uploads\/2021\/12\/AvatarSabra1.jpg","type":"image\/jpeg"}],"twitter_card":"summary_large_image","twitter_site":"@ContatoSabra","twitter_misc":{"Est. tempo de leitura":"2 minutos"},"schema":{"@context":"https:\/\/schema.org","@graph":[{"@type":"WebPage","@id":"https:\/\/www.sabra.org.br\/site\/accessibility-statement\/","url":"https:\/\/www.sabra.org.br\/site\/accessibility-statement\/","name":"Declara\u00e7\u00e3o de acessibilidade - SABRA - Sociedade Art\u00edstica Brasileira","isPartOf":{"@id":"https:\/\/www.sabra.org.br\/site\/#website"},"datePublished":"2025-04-23T00:15:33+00:00","dateModified":"2025-12-05T13:03:48+00:00","breadcrumb":{"@id":"https:\/\/www.sabra.org.br\/site\/accessibility-statement\/#breadcrumb"},"inLanguage":"pt-BR","potentialAction":[{"@type":"ReadAction","target":["https:\/\/www.sabra.org.br\/site\/accessibility-statement\/"]}]},{"@type":"BreadcrumbList","@id":"https:\/\/www.sabra.org.br\/site\/accessibility-statement\/#breadcrumb","itemListElement":[{"@type":"ListItem","position":1,"name":"In\u00edcio","item":"https:\/\/www.sabra.org.br\/site\/"},{"@type":"ListItem","position":2,"name":"Declara\u00e7\u00e3o de acessibilidade"}]},{"@type":"WebSite","@id":"https:\/\/www.sabra.org.br\/site\/#website","url":"https:\/\/www.sabra.org.br\/site\/","name":"SABRA - Sociedade Art\u00edstica Brasileira","description":"Escola de M\u00fasica, Orquestra Sinf\u00f4nica, Coral e Patrim\u00f4nio Cultural e Hist\u00f3rico","publisher":{"@id":"https:\/\/www.sabra.org.br\/site\/#organization"},"potentialAction":[{"@type":"SearchAction","target":{"@type":"EntryPoint","urlTemplate":"https:\/\/www.sabra.org.br\/site\/?s={search_term_string}"},"query-input":{"@type":"PropertyValueSpecification","valueRequired":true,"valueName":"search_term_string"}}],"inLanguage":"pt-BR"},{"@type":"Organization","@id":"https:\/\/www.sabra.org.br\/site\/#organization","name":"SOCIEDADE ART\u00cdSTICA BRASILEIRA SABRA","alternateName":"SABRA","url":"https:\/\/www.sabra.org.br\/site\/","logo":{"@type":"ImageObject","inLanguage":"pt-BR","@id":"https:\/\/www.sabra.org.br\/site\/#\/schema\/logo\/image\/","url":"https:\/\/www.sabra.org.br\/site\/wp-content\/uploads\/2019\/06\/cropped-Logo_SABRA-Copia-1.webp","contentUrl":"https:\/\/www.sabra.org.br\/site\/wp-content\/uploads\/2019\/06\/cropped-Logo_SABRA-Copia-1.webp","width":400,"height":128,"caption":"SOCIEDADE ART\u00cdSTICA BRASILEIRA SABRA"},"image":{"@id":"https:\/\/www.sabra.org.br\/site\/#\/schema\/logo\/image\/"},"sameAs":["https:\/\/www.facebook.com\/sabrabrasil","https:\/\/x.com\/ContatoSabra","https:\/\/www.instagram.com\/sabrabrasil\/","https:\/\/www.linkedin.com\/company\/25002088\/","https:\/\/br.pinterest.com\/sociedadeartisticabrasileira\/","https:\/\/www.youtube.com\/c\/sabrabrasil"]}]}},"jetpack_shortlink":"https:\/\/wp.me\/P95j2Z-3lQ","jetpack-related-posts":[{"id":13,"url":"https:\/\/www.sabra.org.br\/site\/","url_meta":{"origin":12886,"position":0},"title":"Sociedade Art\u00edstica Brasileira &#8211; SABRA","author":"M\u00e1rcio Miranda Pontes","date":"23 de maio de 2016","format":false,"excerpt":"Promover a inclus\u00e3o e integra\u00e7\u00e3o social e a preserva\u00e7\u00e3o do patrim\u00f4nio cultural brasileiro de forma gratuita e continuada.","rel":"","context":"Post similar","block_context":{"text":"Post similar","link":""},"img":{"alt_text":"escola-m\u00fasica-sabra-audi\u00e7\u00e3o-irpf","src":"https:\/\/i0.wp.com\/www.sabra.org.br\/site\/wp-content\/uploads\/2024\/12\/audicao-alunos.jpg?resize=350%2C200&ssl=1","width":350,"height":200,"srcset":"https:\/\/i0.wp.com\/www.sabra.org.br\/site\/wp-content\/uploads\/2024\/12\/audicao-alunos.jpg?resize=350%2C200&ssl=1 1x, https:\/\/i0.wp.com\/www.sabra.org.br\/site\/wp-content\/uploads\/2024\/12\/audicao-alunos.jpg?resize=525%2C300&ssl=1 1.5x, https:\/\/i0.wp.com\/www.sabra.org.br\/site\/wp-content\/uploads\/2024\/12\/audicao-alunos.jpg?resize=700%2C400&ssl=1 2x"},"classes":[]},{"id":24,"url":"https:\/\/www.sabra.org.br\/site\/doe-agora\/","url_meta":{"origin":12886,"position":1},"title":"Doe agora","author":"M\u00e1rcio Miranda Pontes","date":"24 de maio de 2016","format":false,"excerpt":"SABRA - Capta\u00e7\u00e3o de Recursos SABRA \u00b7 Sociedade Art\u00edstica Brasileira Fundada em 2013 \u00b7 Betim\/MG \u00b7 Certifica\u00e7\u00e3o CEBAS \u00cdndice 1. Doa\u00e7\u00f5es e Patroc\u00ednios Incentivados (Lei Rouanet) 2. Incentivo Coletivo Cont\u00ednuo 3. Doa\u00e7\u00f5es via IRPF \u2013 Fundo da Inf\u00e2ncia e Adolesc\u00eancia (FIA) 4. Doa\u00e7\u00f5es via IRPJ \u2013 Fundo da Inf\u00e2ncia e\u2026","rel":"","context":"Post similar","block_context":{"text":"Post similar","link":""},"img":{"alt_text":"","src":"","width":0,"height":0},"classes":[]},{"id":5426,"url":"https:\/\/www.sabra.org.br\/site\/politica-de-cookies-br\/","url_meta":{"origin":12886,"position":2},"title":"Pol\u00edtica de Cookies (BR)","author":"M\u00e1rcio Miranda Pontes","date":"1 de agosto de 2022","format":false,"excerpt":"Pol\u00edtica de Cookies da Sociedade Art\u00edstica Brasileira - SABRA A presente Pol\u00edtica de Cookies \u00e9 um documento complementar \u00e0 Pol\u00edtica de Privacidade da Sociedade Art\u00edstica Brasileira - SABRA, dispon\u00edvel neste link: Pol\u00edtica de Privacidade.\u00a0Aqui, voc\u00ea encontrar\u00e1 informa\u00e7\u00f5es objetivas e claras sobre o que s\u00e3o Cookies, quais Cookies utilizamos em nossas\u2026","rel":"","context":"Post similar","block_context":{"text":"Post similar","link":""},"img":{"alt_text":"","src":"","width":0,"height":0},"classes":[]},{"id":1689,"url":"https:\/\/www.sabra.org.br\/site\/acoes\/escola-de-musica\/blog-sabra\/","url_meta":{"origin":12886,"position":3},"title":"Blog SABRA","author":"M\u00e1rcio Miranda Pontes","date":"16 de janeiro de 2019","format":false,"excerpt":"Blog SABRA - Conte\u00fado adicional para alunos da Institui\u00e7\u00e3o.","rel":"","context":"Post similar","block_context":{"text":"Post similar","link":""},"img":{"alt_text":"desenvolvimento-sustent\u00e1vel-objetivo-brasil-blog-sabra","src":"https:\/\/i0.wp.com\/www.sabra.org.br\/site\/wp-content\/uploads\/2021\/06\/a-importancia-da-parceria-global-para-o-desenvolvimento-sustentavel-no-brasil-20210609152644.jpg.jpg?resize=350%2C200&ssl=1","width":350,"height":200,"srcset":"https:\/\/i0.wp.com\/www.sabra.org.br\/site\/wp-content\/uploads\/2021\/06\/a-importancia-da-parceria-global-para-o-desenvolvimento-sustentavel-no-brasil-20210609152644.jpg.jpg?resize=350%2C200&ssl=1 1x, https:\/\/i0.wp.com\/www.sabra.org.br\/site\/wp-content\/uploads\/2021\/06\/a-importancia-da-parceria-global-para-o-desenvolvimento-sustentavel-no-brasil-20210609152644.jpg.jpg?resize=525%2C300&ssl=1 1.5x, https:\/\/i0.wp.com\/www.sabra.org.br\/site\/wp-content\/uploads\/2021\/06\/a-importancia-da-parceria-global-para-o-desenvolvimento-sustentavel-no-brasil-20210609152644.jpg.jpg?resize=700%2C400&ssl=1 2x"},"classes":[]},{"id":1682,"url":"https:\/\/www.sabra.org.br\/site\/acoes\/escola-de-musica\/formacao-de-plateia\/","url_meta":{"origin":12886,"position":4},"title":"Forma\u00e7\u00e3o de Plateia","author":"M\u00e1rcio Miranda Pontes","date":"16 de janeiro de 2019","format":false,"excerpt":"Palestras em escolas p\u00fablicas municipais de Betim e concertos did\u00e1ticos s\u00e3o as principais a\u00e7\u00f5es da SABRA na forma\u00e7\u00e3o de plateia.","rel":"","context":"Post similar","block_context":{"text":"Post similar","link":""},"img":{"alt_text":"Forma\u00e7\u00e3o de plateia","src":"https:\/\/i0.wp.com\/www.sabra.org.br\/site\/wp-content\/uploads\/2017\/05\/IMG_0910.jpg?resize=350%2C200&ssl=1","width":350,"height":200,"srcset":"https:\/\/i0.wp.com\/www.sabra.org.br\/site\/wp-content\/uploads\/2017\/05\/IMG_0910.jpg?resize=350%2C200&ssl=1 1x, https:\/\/i0.wp.com\/www.sabra.org.br\/site\/wp-content\/uploads\/2017\/05\/IMG_0910.jpg?resize=525%2C300&ssl=1 1.5x, https:\/\/i0.wp.com\/www.sabra.org.br\/site\/wp-content\/uploads\/2017\/05\/IMG_0910.jpg?resize=700%2C400&ssl=1 2x, https:\/\/i0.wp.com\/www.sabra.org.br\/site\/wp-content\/uploads\/2017\/05\/IMG_0910.jpg?resize=1050%2C600&ssl=1 3x, https:\/\/i0.wp.com\/www.sabra.org.br\/site\/wp-content\/uploads\/2017\/05\/IMG_0910.jpg?resize=1400%2C800&ssl=1 4x"},"classes":[]},{"id":2,"url":"https:\/\/www.sabra.org.br\/site\/transparencia\/politica-de-privacidade\/","url_meta":{"origin":12886,"position":5},"title":"Pol\u00edtica de Privacidade","author":"M\u00e1rcio Miranda Pontes","date":"23 de maio de 2016","format":false,"excerpt":"Pol\u00edtica de Privacidade Esta Pol\u00edtica de Privacidade descreve as pr\u00e1ticas da Sociedade Art\u00edstica Brasileira, com sede nesta Cidade de Betim, Estado Minas Gerais, a Rua Dr. Silvio Lobo, n\u00b0 171, Angola, CEP 32.604-170, inscrita no CNPJ\/MF sob o n\u00ba 19.442.344\/0001-89, em rela\u00e7\u00e3o aos dados coletados por meio do site www.sabra.org.br,\u2026","rel":"","context":"Post similar","block_context":{"text":"Post similar","link":""},"img":{"alt_text":"Pol\u00edtica de Privacidade","src":"https:\/\/i0.wp.com\/www.sabra.org.br\/site\/wp-content\/uploads\/2019\/04\/binary-1327493__340.jpg?resize=350%2C200&ssl=1","width":350,"height":200},"classes":[]}],"jetpack_likes_enabled":true,"jetpack_sharing_enabled":true,"_links":{"self":[{"href":"https:\/\/www.sabra.org.br\/site\/wp-json\/wp\/v2\/pages\/12886","targetHints":{"allow":["GET"]}}],"collection":[{"href":"https:\/\/www.sabra.org.br\/site\/wp-json\/wp\/v2\/pages"}],"about":[{"href":"https:\/\/www.sabra.org.br\/site\/wp-json\/wp\/v2\/types\/page"}],"author":[{"embeddable":true,"href":"https:\/\/www.sabra.org.br\/site\/wp-json\/wp\/v2\/users\/39"}],"replies":[{"embeddable":true,"href":"https:\/\/www.sabra.org.br\/site\/wp-json\/wp\/v2\/comments?post=12886"}],"version-history":[{"count":0,"href":"https:\/\/www.sabra.org.br\/site\/wp-json\/wp\/v2\/pages\/12886\/revisions"}],"wp:attachment":[{"href":"https:\/\/www.sabra.org.br\/site\/wp-json\/wp\/v2\/media?parent=12886"}],"curies":[{"name":"wp","href":"https:\/\/api.w.org\/{rel}","templated":true}]}}