{"id":16,"date":"2016-05-24T14:30:24","date_gmt":"2016-05-24T17:30:24","guid":{"rendered":"http:\/\/www.sabra.org.br\/site\/?page_id=16"},"modified":"2025-09-15T21:03:31","modified_gmt":"2025-09-16T00:03:31","slug":"sabra","status":"publish","type":"page","link":"https:\/\/www.sabra.org.br\/site\/sabra\/","title":{"rendered":"SABRA"},"content":{"rendered":"<h2>SABRA<\/h2>\n<p><img fetchpriority=\"high\" decoding=\"async\" data-attachment-id=\"191\" data-permalink=\"https:\/\/www.sabra.org.br\/site\/sabra\/foto-paginterna-01\/\" data-orig-file=\"https:\/\/www.sabra.org.br\/site\/wp-content\/uploads\/2016\/08\/foto-pagInterna-01.jpg\" data-orig-size=\"672,336\" data-comments-opened=\"1\" data-image-meta=\"{&quot;aperture&quot;:&quot;0&quot;,&quot;credit&quot;:&quot;&quot;,&quot;camera&quot;:&quot;&quot;,&quot;caption&quot;:&quot;&quot;,&quot;created_timestamp&quot;:&quot;0&quot;,&quot;copyright&quot;:&quot;&quot;,&quot;focal_length&quot;:&quot;0&quot;,&quot;iso&quot;:&quot;0&quot;,&quot;shutter_speed&quot;:&quot;0&quot;,&quot;title&quot;:&quot;&quot;,&quot;orientation&quot;:&quot;0&quot;}\" data-image-title=\"foto-pagInterna-01\" data-image-description=\"\" data-image-caption=\"\" data-medium-file=\"https:\/\/www.sabra.org.br\/site\/wp-content\/uploads\/2016\/08\/foto-pagInterna-01-300x150.jpg\" data-large-file=\"https:\/\/www.sabra.org.br\/site\/wp-content\/uploads\/2016\/08\/foto-pagInterna-01.jpg\" class=\"alignnone size-full wp-image-191\" src=\"https:\/\/www.sabra.org.br\/site\/wp-content\/uploads\/2016\/08\/foto-pagInterna-01.jpg\" alt=\"foto-pagInterna-01\" width=\"672\" height=\"336\" srcset=\"https:\/\/www.sabra.org.br\/site\/wp-content\/uploads\/2016\/08\/foto-pagInterna-01.jpg 672w, https:\/\/www.sabra.org.br\/site\/wp-content\/uploads\/2016\/08\/foto-pagInterna-01-300x150.jpg 300w\" sizes=\"(max-width: 672px) 100vw, 672px\" \/><\/p>\n<p>Fundada em 2013, a Sociedade\u00a0Art\u00edstica Brasileira &#8211; SABRA \u00e9 uma associa\u00e7\u00e3o civil, sem fins lucrativos, com sede em Betim &#8211; MG.<\/p>\n<h3>Nossa Miss\u00e3o<\/h3>\n<p>Promover a inclus\u00e3o social e a preserva\u00e7\u00e3o do patrim\u00f4nio cultural brasileiro, de forma gratuita e continuada, por meio de a\u00e7\u00f5es culturais, sociais e educativas, disponibilizando capacita\u00e7\u00e3o, acesso e integra\u00e7\u00e3o ao mundo do trabalho.<\/p>\n<h3>Nossa Vis\u00e3o<\/h3>\n<p>Ser uma institui\u00e7\u00e3o reconhecida pela excel\u00eancia, inova\u00e7\u00e3o e impacto sociocultural, por meio de a\u00e7\u00f5es de restaura\u00e7\u00e3o, prote\u00e7\u00e3o, inclus\u00e3o e integra\u00e7\u00e3o social.<\/p>\n<h3>Nossos Valores<\/h3>\n<p>Desenvolvimento sustent\u00e1vel<br \/>\n\u00c9tica e Transpar\u00eancia<br \/>\nPreserva\u00e7\u00e3o e acesso ao patrim\u00f4nio cultural<br \/>\nQualidade de vida<br \/>\nResponsabilidade Social e Cidadania Cultural<br \/>\nUniversalismo de direitos e deveres<br \/>\nValoriza\u00e7\u00e3o da diversidade<\/p>\n<div class=\"gsp_post_data\" \r\n\t            data-post_type=\"page\" \r\n\t            data-cat=\"\" \r\n\t            data-modified=\"120\"\r\n\t            data-created=\"1464100224\"\r\n\t            data-title=\"SABRA\" \r\n\t            data-home=\"https:\/\/www.sabra.org.br\/site\"><\/div>","protected":false},"excerpt":{"rendered":"<p>SABRA Fundada em 2013, a Sociedade\u00a0Art\u00edstica Brasileira &#8211; SABRA \u00e9 uma associa\u00e7\u00e3o civil, sem fins lucrativos, com sede em Betim &#8211; MG. Nossa Miss\u00e3o Promover&hellip;<\/p>\n","protected":false},"author":39,"featured_media":0,"parent":0,"menu_order":0,"comment_status":"closed","ping_status":"closed","template":"","meta":{"jetpack_post_was_ever_published":false,"footnotes":""},"class_list":["post-16","page","type-page","status-publish","hentry"],"yoast_head":"<!-- This site is optimized with the Yoast SEO plugin v27.3 - https:\/\/yoast.com\/product\/yoast-seo-wordpress\/ -->\n<title>SABRA - SABRA - Sociedade Art\u00edstica Brasileira<\/title>\n<meta name=\"robots\" content=\"index, follow, max-snippet:-1, max-image-preview:large, max-video-preview:-1\" \/>\n<link rel=\"canonical\" href=\"https:\/\/www.sabra.org.br\/site\/sabra\/\" \/>\n<meta property=\"og:locale\" content=\"pt_BR\" \/>\n<meta property=\"og:type\" content=\"article\" \/>\n<meta property=\"og:title\" content=\"SABRA - SABRA - Sociedade Art\u00edstica Brasileira\" \/>\n<meta property=\"og:description\" content=\"SABRA Fundada em 2013, a Sociedade\u00a0Art\u00edstica Brasileira &#8211; SABRA \u00e9 uma associa\u00e7\u00e3o civil, sem fins lucrativos, com sede em Betim &#8211; MG. Nossa Miss\u00e3o Promover&hellip;\" \/>\n<meta property=\"og:url\" content=\"https:\/\/www.sabra.org.br\/site\/sabra\/\" \/>\n<meta property=\"og:site_name\" content=\"SABRA - Sociedade Art\u00edstica Brasileira\" \/>\n<meta property=\"article:publisher\" content=\"https:\/\/www.facebook.com\/sabrabrasil\" \/>\n<meta property=\"article:modified_time\" content=\"2025-09-16T00:03:31+00:00\" \/>\n<meta property=\"og:image\" content=\"http:\/\/www.sabra.org.br\/site\/wp-content\/uploads\/2016\/08\/foto-pagInterna-01.jpg\" \/>\n<meta name=\"twitter:card\" content=\"summary_large_image\" \/>\n<meta name=\"twitter:site\" content=\"@ContatoSabra\" \/>\n<meta name=\"twitter:label1\" content=\"Est. tempo de leitura\" \/>\n\t<meta name=\"twitter:data1\" content=\"1 minuto\" \/>\n<script type=\"application\/ld+json\" class=\"yoast-schema-graph\">{\"@context\":\"https:\\\/\\\/schema.org\",\"@graph\":[{\"@type\":\"WebPage\",\"@id\":\"https:\\\/\\\/www.sabra.org.br\\\/site\\\/sabra\\\/\",\"url\":\"https:\\\/\\\/www.sabra.org.br\\\/site\\\/sabra\\\/\",\"name\":\"SABRA - SABRA - Sociedade Art\u00edstica Brasileira\",\"isPartOf\":{\"@id\":\"https:\\\/\\\/www.sabra.org.br\\\/site\\\/#website\"},\"primaryImageOfPage\":{\"@id\":\"https:\\\/\\\/www.sabra.org.br\\\/site\\\/sabra\\\/#primaryimage\"},\"image\":{\"@id\":\"https:\\\/\\\/www.sabra.org.br\\\/site\\\/sabra\\\/#primaryimage\"},\"thumbnailUrl\":\"http:\\\/\\\/www.sabra.org.br\\\/site\\\/wp-content\\\/uploads\\\/2016\\\/08\\\/foto-pagInterna-01.jpg\",\"datePublished\":\"2016-05-24T17:30:24+00:00\",\"dateModified\":\"2025-09-16T00:03:31+00:00\",\"breadcrumb\":{\"@id\":\"https:\\\/\\\/www.sabra.org.br\\\/site\\\/sabra\\\/#breadcrumb\"},\"inLanguage\":\"pt-BR\",\"potentialAction\":[{\"@type\":\"ReadAction\",\"target\":[\"https:\\\/\\\/www.sabra.org.br\\\/site\\\/sabra\\\/\"]}]},{\"@type\":\"ImageObject\",\"inLanguage\":\"pt-BR\",\"@id\":\"https:\\\/\\\/www.sabra.org.br\\\/site\\\/sabra\\\/#primaryimage\",\"url\":\"http:\\\/\\\/www.sabra.org.br\\\/site\\\/wp-content\\\/uploads\\\/2016\\\/08\\\/foto-pagInterna-01.jpg\",\"contentUrl\":\"http:\\\/\\\/www.sabra.org.br\\\/site\\\/wp-content\\\/uploads\\\/2016\\\/08\\\/foto-pagInterna-01.jpg\"},{\"@type\":\"BreadcrumbList\",\"@id\":\"https:\\\/\\\/www.sabra.org.br\\\/site\\\/sabra\\\/#breadcrumb\",\"itemListElement\":[{\"@type\":\"ListItem\",\"position\":1,\"name\":\"In\u00edcio\",\"item\":\"https:\\\/\\\/www.sabra.org.br\\\/site\\\/\"},{\"@type\":\"ListItem\",\"position\":2,\"name\":\"SABRA\"}]},{\"@type\":\"WebSite\",\"@id\":\"https:\\\/\\\/www.sabra.org.br\\\/site\\\/#website\",\"url\":\"https:\\\/\\\/www.sabra.org.br\\\/site\\\/\",\"name\":\"SABRA - Sociedade Art\u00edstica Brasileira\",\"description\":\"Escola de M\u00fasica, Orquestra Sinf\u00f4nica, Coral e Patrim\u00f4nio Cultural e Hist\u00f3rico\",\"publisher\":{\"@id\":\"https:\\\/\\\/www.sabra.org.br\\\/site\\\/#organization\"},\"potentialAction\":[{\"@type\":\"SearchAction\",\"target\":{\"@type\":\"EntryPoint\",\"urlTemplate\":\"https:\\\/\\\/www.sabra.org.br\\\/site\\\/?s={search_term_string}\"},\"query-input\":{\"@type\":\"PropertyValueSpecification\",\"valueRequired\":true,\"valueName\":\"search_term_string\"}}],\"inLanguage\":\"pt-BR\"},{\"@type\":\"Organization\",\"@id\":\"https:\\\/\\\/www.sabra.org.br\\\/site\\\/#organization\",\"name\":\"SOCIEDADE ART\u00cdSTICA BRASILEIRA SABRA\",\"alternateName\":\"SABRA\",\"url\":\"https:\\\/\\\/www.sabra.org.br\\\/site\\\/\",\"logo\":{\"@type\":\"ImageObject\",\"inLanguage\":\"pt-BR\",\"@id\":\"https:\\\/\\\/www.sabra.org.br\\\/site\\\/#\\\/schema\\\/logo\\\/image\\\/\",\"url\":\"https:\\\/\\\/www.sabra.org.br\\\/site\\\/wp-content\\\/uploads\\\/2019\\\/06\\\/cropped-Logo_SABRA-Copia-1.webp\",\"contentUrl\":\"https:\\\/\\\/www.sabra.org.br\\\/site\\\/wp-content\\\/uploads\\\/2019\\\/06\\\/cropped-Logo_SABRA-Copia-1.webp\",\"width\":400,\"height\":128,\"caption\":\"SOCIEDADE ART\u00cdSTICA BRASILEIRA SABRA\"},\"image\":{\"@id\":\"https:\\\/\\\/www.sabra.org.br\\\/site\\\/#\\\/schema\\\/logo\\\/image\\\/\"},\"sameAs\":[\"https:\\\/\\\/www.facebook.com\\\/sabrabrasil\",\"https:\\\/\\\/x.com\\\/ContatoSabra\",\"https:\\\/\\\/www.instagram.com\\\/sabrabrasil\\\/\",\"https:\\\/\\\/www.linkedin.com\\\/company\\\/25002088\\\/\",\"https:\\\/\\\/br.pinterest.com\\\/sociedadeartisticabrasileira\\\/\",\"https:\\\/\\\/www.youtube.com\\\/c\\\/sabrabrasil\"]}]}<\/script>\n<!-- \/ Yoast SEO plugin. -->","yoast_head_json":{"title":"SABRA - SABRA - Sociedade Art\u00edstica Brasileira","robots":{"index":"index","follow":"follow","max-snippet":"max-snippet:-1","max-image-preview":"max-image-preview:large","max-video-preview":"max-video-preview:-1"},"canonical":"https:\/\/www.sabra.org.br\/site\/sabra\/","og_locale":"pt_BR","og_type":"article","og_title":"SABRA - SABRA - Sociedade Art\u00edstica Brasileira","og_description":"SABRA Fundada em 2013, a Sociedade\u00a0Art\u00edstica Brasileira &#8211; SABRA \u00e9 uma associa\u00e7\u00e3o civil, sem fins lucrativos, com sede em Betim &#8211; MG. Nossa Miss\u00e3o Promover&hellip;","og_url":"https:\/\/www.sabra.org.br\/site\/sabra\/","og_site_name":"SABRA - Sociedade Art\u00edstica Brasileira","article_publisher":"https:\/\/www.facebook.com\/sabrabrasil","article_modified_time":"2025-09-16T00:03:31+00:00","og_image":[{"url":"http:\/\/www.sabra.org.br\/site\/wp-content\/uploads\/2016\/08\/foto-pagInterna-01.jpg","type":"","width":"","height":""}],"twitter_card":"summary_large_image","twitter_site":"@ContatoSabra","twitter_misc":{"Est. tempo de leitura":"1 minuto"},"schema":{"@context":"https:\/\/schema.org","@graph":[{"@type":"WebPage","@id":"https:\/\/www.sabra.org.br\/site\/sabra\/","url":"https:\/\/www.sabra.org.br\/site\/sabra\/","name":"SABRA - SABRA - Sociedade Art\u00edstica Brasileira","isPartOf":{"@id":"https:\/\/www.sabra.org.br\/site\/#website"},"primaryImageOfPage":{"@id":"https:\/\/www.sabra.org.br\/site\/sabra\/#primaryimage"},"image":{"@id":"https:\/\/www.sabra.org.br\/site\/sabra\/#primaryimage"},"thumbnailUrl":"http:\/\/www.sabra.org.br\/site\/wp-content\/uploads\/2016\/08\/foto-pagInterna-01.jpg","datePublished":"2016-05-24T17:30:24+00:00","dateModified":"2025-09-16T00:03:31+00:00","breadcrumb":{"@id":"https:\/\/www.sabra.org.br\/site\/sabra\/#breadcrumb"},"inLanguage":"pt-BR","potentialAction":[{"@type":"ReadAction","target":["https:\/\/www.sabra.org.br\/site\/sabra\/"]}]},{"@type":"ImageObject","inLanguage":"pt-BR","@id":"https:\/\/www.sabra.org.br\/site\/sabra\/#primaryimage","url":"http:\/\/www.sabra.org.br\/site\/wp-content\/uploads\/2016\/08\/foto-pagInterna-01.jpg","contentUrl":"http:\/\/www.sabra.org.br\/site\/wp-content\/uploads\/2016\/08\/foto-pagInterna-01.jpg"},{"@type":"BreadcrumbList","@id":"https:\/\/www.sabra.org.br\/site\/sabra\/#breadcrumb","itemListElement":[{"@type":"ListItem","position":1,"name":"In\u00edcio","item":"https:\/\/www.sabra.org.br\/site\/"},{"@type":"ListItem","position":2,"name":"SABRA"}]},{"@type":"WebSite","@id":"https:\/\/www.sabra.org.br\/site\/#website","url":"https:\/\/www.sabra.org.br\/site\/","name":"SABRA - Sociedade Art\u00edstica Brasileira","description":"Escola de M\u00fasica, Orquestra Sinf\u00f4nica, Coral e Patrim\u00f4nio Cultural e Hist\u00f3rico","publisher":{"@id":"https:\/\/www.sabra.org.br\/site\/#organization"},"potentialAction":[{"@type":"SearchAction","target":{"@type":"EntryPoint","urlTemplate":"https:\/\/www.sabra.org.br\/site\/?s={search_term_string}"},"query-input":{"@type":"PropertyValueSpecification","valueRequired":true,"valueName":"search_term_string"}}],"inLanguage":"pt-BR"},{"@type":"Organization","@id":"https:\/\/www.sabra.org.br\/site\/#organization","name":"SOCIEDADE ART\u00cdSTICA BRASILEIRA SABRA","alternateName":"SABRA","url":"https:\/\/www.sabra.org.br\/site\/","logo":{"@type":"ImageObject","inLanguage":"pt-BR","@id":"https:\/\/www.sabra.org.br\/site\/#\/schema\/logo\/image\/","url":"https:\/\/www.sabra.org.br\/site\/wp-content\/uploads\/2019\/06\/cropped-Logo_SABRA-Copia-1.webp","contentUrl":"https:\/\/www.sabra.org.br\/site\/wp-content\/uploads\/2019\/06\/cropped-Logo_SABRA-Copia-1.webp","width":400,"height":128,"caption":"SOCIEDADE ART\u00cdSTICA BRASILEIRA SABRA"},"image":{"@id":"https:\/\/www.sabra.org.br\/site\/#\/schema\/logo\/image\/"},"sameAs":["https:\/\/www.facebook.com\/sabrabrasil","https:\/\/x.com\/ContatoSabra","https:\/\/www.instagram.com\/sabrabrasil\/","https:\/\/www.linkedin.com\/company\/25002088\/","https:\/\/br.pinterest.com\/sociedadeartisticabrasileira\/","https:\/\/www.youtube.com\/c\/sabrabrasil"]}]}},"jetpack_shortlink":"https:\/\/wp.me\/P95j2Z-g","jetpack-related-posts":[{"id":13,"url":"https:\/\/www.sabra.org.br\/site\/","url_meta":{"origin":16,"position":0},"title":"Sociedade Art\u00edstica Brasileira &#8211; SABRA","author":"M\u00e1rcio Miranda Pontes","date":"23 de maio de 2016","format":false,"excerpt":"Promover a inclus\u00e3o e integra\u00e7\u00e3o social e a preserva\u00e7\u00e3o do patrim\u00f4nio cultural brasileiro de forma gratuita e continuada.","rel":"","context":"Post similar","block_context":{"text":"Post similar","link":""},"img":{"alt_text":"escola-m\u00fasica-sabra-audi\u00e7\u00e3o-irpf","src":"https:\/\/i0.wp.com\/www.sabra.org.br\/site\/wp-content\/uploads\/2024\/12\/audicao-alunos.jpg?resize=350%2C200&ssl=1","width":350,"height":200,"srcset":"https:\/\/i0.wp.com\/www.sabra.org.br\/site\/wp-content\/uploads\/2024\/12\/audicao-alunos.jpg?resize=350%2C200&ssl=1 1x, https:\/\/i0.wp.com\/www.sabra.org.br\/site\/wp-content\/uploads\/2024\/12\/audicao-alunos.jpg?resize=525%2C300&ssl=1 1.5x, https:\/\/i0.wp.com\/www.sabra.org.br\/site\/wp-content\/uploads\/2024\/12\/audicao-alunos.jpg?resize=700%2C400&ssl=1 2x"},"classes":[]},{"id":74,"url":"https:\/\/www.sabra.org.br\/site\/acoes\/patrimoniohistorico\/edicao-de-manuscritos-musicais\/","url_meta":{"origin":16,"position":1},"title":"Edi\u00e7\u00e3o de Manuscritos Musicais","author":"M\u00e1rcio Miranda Pontes","date":"4 de julho de 2016","format":false,"excerpt":"Edi\u00e7\u00e3o de manuscritos musicais Desde 1999 o maestro M\u00e1rcio Miranda Pontes desenvolve intenso trabalho de pesquisa sobre a m\u00fasica de compositores brasileiros\u00a0dos s\u00e9culos XVIII e XIX. Como resultado, foram restauradas e publicadas edi\u00e7\u00f5es de dezenas de obras. Para ampliar e facilitar o acesso ao material produzido, foram realizadas a impress\u00e3o\u2026","rel":"","context":"Post similar","block_context":{"text":"Post similar","link":""},"img":{"alt_text":"partituracor-crop-u1705","src":"https:\/\/i0.wp.com\/www.sabra.org.br\/site\/wp-content\/uploads\/2016\/07\/partituracor-crop-u1705.jpg?resize=350%2C200","width":350,"height":200,"srcset":"https:\/\/i0.wp.com\/www.sabra.org.br\/site\/wp-content\/uploads\/2016\/07\/partituracor-crop-u1705.jpg?resize=350%2C200 1x, https:\/\/i0.wp.com\/www.sabra.org.br\/site\/wp-content\/uploads\/2016\/07\/partituracor-crop-u1705.jpg?resize=525%2C300 1.5x, https:\/\/i0.wp.com\/www.sabra.org.br\/site\/wp-content\/uploads\/2016\/07\/partituracor-crop-u1705.jpg?resize=700%2C400 2x"},"classes":[]},{"id":1682,"url":"https:\/\/www.sabra.org.br\/site\/acoes\/escola-de-musica\/formacao-de-plateia\/","url_meta":{"origin":16,"position":2},"title":"Forma\u00e7\u00e3o de Plateia","author":"M\u00e1rcio Miranda Pontes","date":"16 de janeiro de 2019","format":false,"excerpt":"Palestras em escolas p\u00fablicas municipais de Betim e concertos did\u00e1ticos s\u00e3o as principais a\u00e7\u00f5es da SABRA na forma\u00e7\u00e3o de plateia.","rel":"","context":"Post similar","block_context":{"text":"Post similar","link":""},"img":{"alt_text":"Forma\u00e7\u00e3o de plateia","src":"https:\/\/i0.wp.com\/www.sabra.org.br\/site\/wp-content\/uploads\/2017\/05\/IMG_0910.jpg?resize=350%2C200&ssl=1","width":350,"height":200,"srcset":"https:\/\/i0.wp.com\/www.sabra.org.br\/site\/wp-content\/uploads\/2017\/05\/IMG_0910.jpg?resize=350%2C200&ssl=1 1x, https:\/\/i0.wp.com\/www.sabra.org.br\/site\/wp-content\/uploads\/2017\/05\/IMG_0910.jpg?resize=525%2C300&ssl=1 1.5x, https:\/\/i0.wp.com\/www.sabra.org.br\/site\/wp-content\/uploads\/2017\/05\/IMG_0910.jpg?resize=700%2C400&ssl=1 2x, https:\/\/i0.wp.com\/www.sabra.org.br\/site\/wp-content\/uploads\/2017\/05\/IMG_0910.jpg?resize=1050%2C600&ssl=1 3x, https:\/\/i0.wp.com\/www.sabra.org.br\/site\/wp-content\/uploads\/2017\/05\/IMG_0910.jpg?resize=1400%2C800&ssl=1 4x"},"classes":[]},{"id":2,"url":"https:\/\/www.sabra.org.br\/site\/transparencia\/politica-de-privacidade\/","url_meta":{"origin":16,"position":3},"title":"Pol\u00edtica de Privacidade","author":"M\u00e1rcio Miranda Pontes","date":"23 de maio de 2016","format":false,"excerpt":"Pol\u00edtica de Privacidade Esta Pol\u00edtica de Privacidade descreve as pr\u00e1ticas da Sociedade Art\u00edstica Brasileira, com sede nesta Cidade de Betim, Estado Minas Gerais, a Rua Dr. Silvio Lobo, n\u00b0 171, Angola, CEP 32.604-170, inscrita no CNPJ\/MF sob o n\u00ba 19.442.344\/0001-89, em rela\u00e7\u00e3o aos dados coletados por meio do site www.sabra.org.br,\u2026","rel":"","context":"Post similar","block_context":{"text":"Post similar","link":""},"img":{"alt_text":"Pol\u00edtica de Privacidade","src":"https:\/\/i0.wp.com\/www.sabra.org.br\/site\/wp-content\/uploads\/2019\/04\/binary-1327493__340.jpg?resize=350%2C200&ssl=1","width":350,"height":200},"classes":[]},{"id":2677,"url":"https:\/\/www.sabra.org.br\/site\/acoes\/patrimoniohistorico\/","url_meta":{"origin":16,"position":4},"title":"Patrim\u00f4nio Hist\u00f3rico, Art\u00edstico e Cultural","author":"M\u00e1rcio Miranda Pontes","date":"2 de abril de 2020","format":false,"excerpt":"Patrim\u00f4nio Hist\u00f3rico, Art\u00edstico e Cultural A SABRA incentiva e desenvolve intenso trabalho de pesquisa e restaura\u00e7\u00e3o da m\u00fasica de compositores brasileiros dos s\u00e9culos XVIII e XIX e de documentos hist\u00f3ricos, al\u00e9m de bens m\u00f3veis e im\u00f3veis. Conhe\u00e7a nossos trabalhos: Tesouros Musicais BrasileirosEdi\u00e7\u00e3o de Manuscritos MusicaisA\u00e7\u00f5es de Educa\u00e7\u00e3o Patrimonial - temas:\u2026","rel":"","context":"Post similar","block_context":{"text":"Post similar","link":""},"img":{"alt_text":"Fazenda Campos Novos","src":"https:\/\/i0.wp.com\/www.sabra.org.br\/site\/wp-content\/uploads\/2022\/04\/Fazenda-Campos-Novos.jpg?resize=350%2C200&ssl=1","width":350,"height":200,"srcset":"https:\/\/i0.wp.com\/www.sabra.org.br\/site\/wp-content\/uploads\/2022\/04\/Fazenda-Campos-Novos.jpg?resize=350%2C200&ssl=1 1x, https:\/\/i0.wp.com\/www.sabra.org.br\/site\/wp-content\/uploads\/2022\/04\/Fazenda-Campos-Novos.jpg?resize=525%2C300&ssl=1 1.5x, https:\/\/i0.wp.com\/www.sabra.org.br\/site\/wp-content\/uploads\/2022\/04\/Fazenda-Campos-Novos.jpg?resize=700%2C400&ssl=1 2x, https:\/\/i0.wp.com\/www.sabra.org.br\/site\/wp-content\/uploads\/2022\/04\/Fazenda-Campos-Novos.jpg?resize=1050%2C600&ssl=1 3x"},"classes":[]},{"id":18,"url":"https:\/\/www.sabra.org.br\/site\/acoes\/","url_meta":{"origin":16,"position":5},"title":"A\u00e7\u00f5es","author":"M\u00e1rcio Miranda Pontes","date":"24 de maio de 2016","format":false,"excerpt":"A\u00e7\u00f5es da SABRA Com o intuito de fomentar a cria\u00e7\u00e3o, instala\u00e7\u00e3o, manuten\u00e7\u00e3o e desenvolvimento de programas e projetos de natureza art\u00edstica, cultural e social, a SABRA desenvolve e apoia v\u00e1rias a\u00e7\u00f5es. Conhe\u00e7a cada uma delas. Agenda Corais Coro e Orquestra de C\u00e2mara Edi\u00e7\u00e3o de Manuscritos Musicais Escola de M\u00fasica SABRA\u2026","rel":"","context":"Post similar","block_context":{"text":"Post similar","link":""},"img":{"alt_text":"","src":"","width":0,"height":0},"classes":[]}],"jetpack_likes_enabled":true,"jetpack_sharing_enabled":true,"_links":{"self":[{"href":"https:\/\/www.sabra.org.br\/site\/wp-json\/wp\/v2\/pages\/16","targetHints":{"allow":["GET"]}}],"collection":[{"href":"https:\/\/www.sabra.org.br\/site\/wp-json\/wp\/v2\/pages"}],"about":[{"href":"https:\/\/www.sabra.org.br\/site\/wp-json\/wp\/v2\/types\/page"}],"author":[{"embeddable":true,"href":"https:\/\/www.sabra.org.br\/site\/wp-json\/wp\/v2\/users\/39"}],"replies":[{"embeddable":true,"href":"https:\/\/www.sabra.org.br\/site\/wp-json\/wp\/v2\/comments?post=16"}],"version-history":[{"count":0,"href":"https:\/\/www.sabra.org.br\/site\/wp-json\/wp\/v2\/pages\/16\/revisions"}],"wp:attachment":[{"href":"https:\/\/www.sabra.org.br\/site\/wp-json\/wp\/v2\/media?parent=16"}],"curies":[{"name":"wp","href":"https:\/\/api.w.org\/{rel}","templated":true}]}}