{"id":1682,"date":"2019-01-16T10:11:03","date_gmt":"2019-01-16T12:11:03","guid":{"rendered":"https:\/\/www.sabra.org.br\/site\/?page_id=1682"},"modified":"2025-10-07T20:10:57","modified_gmt":"2025-10-07T23:10:57","slug":"formacao-de-plateia","status":"publish","type":"page","link":"https:\/\/www.sabra.org.br\/site\/acoes\/escola-de-musica\/formacao-de-plateia\/","title":{"rendered":"Forma\u00e7\u00e3o de Plateia"},"content":{"rendered":"\t\t<div data-elementor-type=\"wp-page\" data-elementor-id=\"1682\" class=\"elementor elementor-1682\">\n\t\t\t\t<div class=\"elementor-element elementor-element-1af0a9f4 e-flex e-con-boxed e-con e-parent\" data-id=\"1af0a9f4\" data-element_type=\"container\" data-e-type=\"container\">\n\t\t\t\t\t<div class=\"e-con-inner\">\n\t\t\t\t<div class=\"elementor-element elementor-element-79691eea elementor-widget elementor-widget-text-editor\" data-id=\"79691eea\" data-element_type=\"widget\" data-e-type=\"widget\" data-widget_type=\"text-editor.default\">\n\t\t\t\t\t\t\t\t\t<h1>Forma\u00e7\u00e3o de plateia<\/h1><p><img fetchpriority=\"high\" decoding=\"async\" data-attachment-id=\"461\" data-permalink=\"https:\/\/www.sabra.org.br\/site\/desafio-corrente-do-bem\/img_0910\/\" data-orig-file=\"https:\/\/www.sabra.org.br\/site\/wp-content\/uploads\/2017\/05\/IMG_0910.jpg\" data-orig-size=\"1556,1037\" data-comments-opened=\"1\" data-image-meta=\"{&quot;aperture&quot;:&quot;4.5&quot;,&quot;credit&quot;:&quot;&quot;,&quot;camera&quot;:&quot;Canon EOS 60D&quot;,&quot;caption&quot;:&quot;&quot;,&quot;created_timestamp&quot;:&quot;1477661935&quot;,&quot;copyright&quot;:&quot;&quot;,&quot;focal_length&quot;:&quot;35&quot;,&quot;iso&quot;:&quot;1600&quot;,&quot;shutter_speed&quot;:&quot;0.0125&quot;,&quot;title&quot;:&quot;&quot;,&quot;orientation&quot;:&quot;1&quot;}\" data-image-title=\"forma\u00e7\u00e3o-de-plateia\" data-image-description=\"&lt;p&gt;Maestro M\u00e1rcio Miranda Pontes&lt;\/p&gt;\n\" data-image-caption=\"&lt;p&gt;Sociedade Art\u00edstica Brasileira SABRA &amp;#8211; Orquestra Sinf\u00f4nica de Betim&lt;\/p&gt;\n\" data-large-file=\"https:\/\/www.sabra.org.br\/site\/wp-content\/uploads\/2017\/05\/IMG_0910.jpg\" class=\"size-full wp-image-461\" src=\"https:\/\/www.sabra.org.br\/site\/wp-content\/uploads\/2017\/05\/IMG_0910.jpg\" alt=\"Forma\u00e7\u00e3o de plateia\" width=\"1556\" height=\"1037\" \/> Sociedade Art\u00edstica Brasileira SABRA &#8211; Orquestra Sinf\u00f4nica de Betim[\/caption]<\/p><p>A SABRA considera que a gratuidade dos concertos n\u00e3o \u00e9 garantia suficiente para um verdadeiro acesso democr\u00e1tico \u00e0 m\u00fasica erudita. \u00c9 sempre necess\u00e1rio um pr\u00e9vio dom\u00ednio de referenciais para que a m\u00fasica seja percebida como significativa. Sobretudo, quando o objetivo \u00e9 a forma\u00e7\u00e3o de plateia. Assim, semanas antes dos concertos did\u00e1ticos s\u00e3o realizadas a\u00e7\u00f5es educativas em escolas p\u00fablicas. O objetivo \u00e9 preparar os alunos para a frui\u00e7\u00e3o do evento. Al\u00e9m disso, atrav\u00e9s de prele\u00e7\u00f5es dos maestros nos concertos procura-se obter uma aproxima\u00e7\u00e3o do p\u00fablico com os elementos do conhecimento musical. N\u00e3o apenas da cultura erudita como tamb\u00e9m da popular. Nossa proposta \u00e9 que a m\u00fasica promova a potencializa\u00e7\u00e3o das capacidades m\u00faltiplas do indiv\u00edduo. Ou seja, potencialize transforma\u00e7\u00f5es sociais em suas v\u00e1rias dimens\u00f5es (cultural, educacional, pol\u00edtica, \u00e9tica, entre outras) e, sobretudo, valorize e divulgue a cultura musical brasileira.<\/p><p>A principal a\u00e7\u00e3o da SABRA nesta \u00e1rea se concretiza atrav\u00e9s de palestras em escolas p\u00fablicas municipais de Betim e concertos did\u00e1ticos. Dividida em tr\u00eas momentos, inicia com uma palestra com os conte\u00fados: sensibiliza\u00e7\u00e3o, conhecer a Orquestra e atitudes durante o concerto; o segundo trata-se de vivenciar um concerto did\u00e1tico ao vivo; e, o terceiro, de uma avalia\u00e7\u00e3o da percep\u00e7\u00e3o dos participantes, realizada nas escolas. Textos educativos s\u00e3o publicados no s\u00edtio da SABRA na Internet e distribu\u00eddos impressos gratuitamente para os alunos participantes da a\u00e7\u00e3o.<\/p><p>Abaixo oferecemos links para acesso \u00e0 programa\u00e7\u00e3o de concertos did\u00e1ticos, materiais did\u00e1ticos disponibilizado gratuitamente pela Escola de M\u00fasica SABRA e pela Orquestra Filarm\u00f4nica de Minas Gerais em seu s\u00edtio na Internet:<\/p><p><a href=\"https:\/\/www.sabra.org.br\/site\/acoes\/agenda\/\" target=\"_blank\" rel=\"noopener\">Agenda de Concertos Did\u00e1ticos<\/a><\/p><p><a href=\"https:\/\/www.sabra.org.br\/site\/material-didatico\/\" target=\"_blank\" rel=\"noopener\">Material Did\u00e1tico Escola de M\u00fasica SABRA<\/a><\/p><p><blockquote class=\"wp-embedded-content\" data-secret=\"IXASqEtvNt\"><a href=\"https:\/\/www.sabra.org.br\/site\/orquestra-sinfonica-o-que-e\/\">Orquestra Sinf\u00f4nica &#8211; O que \u00e9?<\/a><\/blockquote><iframe class=\"wp-embedded-content\" sandbox=\"allow-scripts\" security=\"restricted\" style=\"position: absolute; visibility: hidden;\" title=\"&#8220;Orquestra Sinf\u00f4nica &#8211; O que \u00e9?&#8221; &#8212; SABRA - Sociedade Art\u00edstica Brasileira\" src=\"https:\/\/www.sabra.org.br\/site\/orquestra-sinfonica-o-que-e\/embed\/#?secret=oCYoB9PxrG#?secret=IXASqEtvNt\" data-secret=\"IXASqEtvNt\" width=\"600\" height=\"338\" frameborder=\"0\" marginwidth=\"0\" marginheight=\"0\" scrolling=\"no\"><\/iframe><\/p>\t\t\t\t\t\t\t\t<\/div>\n\t\t\t\t\t<\/div>\n\t\t\t\t<\/div>\n\t\t\t\t<\/div>\n\t\t","protected":false},"excerpt":{"rendered":"<p>Palestras em escolas p\u00fablicas municipais de Betim e concertos did\u00e1ticos s\u00e3o as principais a\u00e7\u00f5es da SABRA na forma\u00e7\u00e3o de plateia.<\/p>\n","protected":false},"author":39,"featured_media":0,"parent":67,"menu_order":0,"comment_status":"closed","ping_status":"closed","template":"","meta":{"jetpack_post_was_ever_published":false,"footnotes":""},"class_list":["post-1682","page","type-page","status-publish","hentry"],"yoast_head":"<!-- This site is optimized with the Yoast SEO plugin v27.5 - https:\/\/yoast.com\/product\/yoast-seo-wordpress\/ -->\n<title>Forma\u00e7\u00e3o de Plateia - SABRA - Sociedade Art\u00edstica Brasileira<\/title>\n<meta name=\"description\" content=\"Palestras em escolas p\u00fablicas municipais de Betim e concertos did\u00e1ticos s\u00e3o as principais a\u00e7\u00f5es da SABRA na forma\u00e7\u00e3o de plateia.\" \/>\n<meta name=\"robots\" content=\"index, follow, max-snippet:-1, max-image-preview:large, max-video-preview:-1\" \/>\n<link rel=\"canonical\" href=\"https:\/\/www.sabra.org.br\/site\/acoes\/escola-de-musica\/formacao-de-plateia\/\" \/>\n<meta property=\"og:locale\" content=\"pt_BR\" \/>\n<meta property=\"og:type\" content=\"article\" \/>\n<meta property=\"og:title\" content=\"Forma\u00e7\u00e3o de Plateia - SABRA - Sociedade Art\u00edstica Brasileira\" \/>\n<meta property=\"og:description\" content=\"Palestras em escolas p\u00fablicas municipais de Betim e concertos did\u00e1ticos s\u00e3o as principais a\u00e7\u00f5es da SABRA na forma\u00e7\u00e3o de plateia.\" \/>\n<meta property=\"og:url\" content=\"https:\/\/www.sabra.org.br\/site\/acoes\/escola-de-musica\/formacao-de-plateia\/\" \/>\n<meta property=\"og:site_name\" content=\"SABRA - Sociedade Art\u00edstica Brasileira\" \/>\n<meta property=\"article:publisher\" content=\"https:\/\/www.facebook.com\/sabrabrasil\" \/>\n<meta property=\"article:modified_time\" content=\"2025-10-07T23:10:57+00:00\" \/>\n<meta property=\"og:image\" content=\"https:\/\/www.sabra.org.br\/site\/wp-content\/uploads\/2017\/05\/IMG_0910.jpg\" \/>\n<meta name=\"twitter:card\" content=\"summary_large_image\" \/>\n<meta name=\"twitter:site\" content=\"@ContatoSabra\" \/>\n<meta name=\"twitter:label1\" content=\"Est. tempo de leitura\" \/>\n\t<meta name=\"twitter:data1\" content=\"2 minutos\" \/>\n<script type=\"application\/ld+json\" class=\"yoast-schema-graph\">{\"@context\":\"https:\\\/\\\/schema.org\",\"@graph\":[{\"@type\":\"WebPage\",\"@id\":\"https:\\\/\\\/www.sabra.org.br\\\/site\\\/acoes\\\/escola-de-musica\\\/formacao-de-plateia\\\/\",\"url\":\"https:\\\/\\\/www.sabra.org.br\\\/site\\\/acoes\\\/escola-de-musica\\\/formacao-de-plateia\\\/\",\"name\":\"Forma\u00e7\u00e3o de Plateia - SABRA - Sociedade Art\u00edstica Brasileira\",\"isPartOf\":{\"@id\":\"https:\\\/\\\/www.sabra.org.br\\\/site\\\/#website\"},\"primaryImageOfPage\":{\"@id\":\"https:\\\/\\\/www.sabra.org.br\\\/site\\\/acoes\\\/escola-de-musica\\\/formacao-de-plateia\\\/#primaryimage\"},\"image\":{\"@id\":\"https:\\\/\\\/www.sabra.org.br\\\/site\\\/acoes\\\/escola-de-musica\\\/formacao-de-plateia\\\/#primaryimage\"},\"thumbnailUrl\":\"https:\\\/\\\/www.sabra.org.br\\\/site\\\/wp-content\\\/uploads\\\/2017\\\/05\\\/IMG_0910.jpg\",\"datePublished\":\"2019-01-16T12:11:03+00:00\",\"dateModified\":\"2025-10-07T23:10:57+00:00\",\"description\":\"Palestras em escolas p\u00fablicas municipais de Betim e concertos did\u00e1ticos s\u00e3o as principais a\u00e7\u00f5es da SABRA na forma\u00e7\u00e3o de plateia.\",\"breadcrumb\":{\"@id\":\"https:\\\/\\\/www.sabra.org.br\\\/site\\\/acoes\\\/escola-de-musica\\\/formacao-de-plateia\\\/#breadcrumb\"},\"inLanguage\":\"pt-BR\",\"potentialAction\":[{\"@type\":\"ReadAction\",\"target\":[\"https:\\\/\\\/www.sabra.org.br\\\/site\\\/acoes\\\/escola-de-musica\\\/formacao-de-plateia\\\/\"]}]},{\"@type\":\"ImageObject\",\"inLanguage\":\"pt-BR\",\"@id\":\"https:\\\/\\\/www.sabra.org.br\\\/site\\\/acoes\\\/escola-de-musica\\\/formacao-de-plateia\\\/#primaryimage\",\"url\":\"https:\\\/\\\/www.sabra.org.br\\\/site\\\/wp-content\\\/uploads\\\/2017\\\/05\\\/IMG_0910.jpg\",\"contentUrl\":\"https:\\\/\\\/www.sabra.org.br\\\/site\\\/wp-content\\\/uploads\\\/2017\\\/05\\\/IMG_0910.jpg\",\"width\":1556,\"height\":1037,\"caption\":\"Sociedade Art\u00edstica Brasileira SABRA - Orquestra Sinf\u00f4nica de Betim\"},{\"@type\":\"BreadcrumbList\",\"@id\":\"https:\\\/\\\/www.sabra.org.br\\\/site\\\/acoes\\\/escola-de-musica\\\/formacao-de-plateia\\\/#breadcrumb\",\"itemListElement\":[{\"@type\":\"ListItem\",\"position\":1,\"name\":\"In\u00edcio\",\"item\":\"https:\\\/\\\/www.sabra.org.br\\\/site\\\/\"},{\"@type\":\"ListItem\",\"position\":2,\"name\":\"A\u00e7\u00f5es\",\"item\":\"https:\\\/\\\/www.sabra.org.br\\\/site\\\/acoes\\\/\"},{\"@type\":\"ListItem\",\"position\":3,\"name\":\"Escola de M\u00fasica SABRA\",\"item\":\"https:\\\/\\\/www.sabra.org.br\\\/site\\\/acoes\\\/escola-de-musica\\\/\"},{\"@type\":\"ListItem\",\"position\":4,\"name\":\"Forma\u00e7\u00e3o de Plateia\"}]},{\"@type\":\"WebSite\",\"@id\":\"https:\\\/\\\/www.sabra.org.br\\\/site\\\/#website\",\"url\":\"https:\\\/\\\/www.sabra.org.br\\\/site\\\/\",\"name\":\"SABRA - Sociedade Art\u00edstica Brasileira\",\"description\":\"Escola de M\u00fasica, Orquestra Sinf\u00f4nica, Coral e Patrim\u00f4nio Cultural e Hist\u00f3rico\",\"publisher\":{\"@id\":\"https:\\\/\\\/www.sabra.org.br\\\/site\\\/#organization\"},\"potentialAction\":[{\"@type\":\"SearchAction\",\"target\":{\"@type\":\"EntryPoint\",\"urlTemplate\":\"https:\\\/\\\/www.sabra.org.br\\\/site\\\/?s={search_term_string}\"},\"query-input\":{\"@type\":\"PropertyValueSpecification\",\"valueRequired\":true,\"valueName\":\"search_term_string\"}}],\"inLanguage\":\"pt-BR\"},{\"@type\":\"Organization\",\"@id\":\"https:\\\/\\\/www.sabra.org.br\\\/site\\\/#organization\",\"name\":\"SOCIEDADE ART\u00cdSTICA BRASILEIRA SABRA\",\"alternateName\":\"SABRA\",\"url\":\"https:\\\/\\\/www.sabra.org.br\\\/site\\\/\",\"logo\":{\"@type\":\"ImageObject\",\"inLanguage\":\"pt-BR\",\"@id\":\"https:\\\/\\\/www.sabra.org.br\\\/site\\\/#\\\/schema\\\/logo\\\/image\\\/\",\"url\":\"https:\\\/\\\/www.sabra.org.br\\\/site\\\/wp-content\\\/uploads\\\/2019\\\/06\\\/cropped-Logo_SABRA-Copia-1.webp\",\"contentUrl\":\"https:\\\/\\\/www.sabra.org.br\\\/site\\\/wp-content\\\/uploads\\\/2019\\\/06\\\/cropped-Logo_SABRA-Copia-1.webp\",\"width\":400,\"height\":128,\"caption\":\"SOCIEDADE ART\u00cdSTICA BRASILEIRA SABRA\"},\"image\":{\"@id\":\"https:\\\/\\\/www.sabra.org.br\\\/site\\\/#\\\/schema\\\/logo\\\/image\\\/\"},\"sameAs\":[\"https:\\\/\\\/www.facebook.com\\\/sabrabrasil\",\"https:\\\/\\\/x.com\\\/ContatoSabra\",\"https:\\\/\\\/www.instagram.com\\\/sabrabrasil\\\/\",\"https:\\\/\\\/www.linkedin.com\\\/company\\\/25002088\\\/\",\"https:\\\/\\\/br.pinterest.com\\\/sociedadeartisticabrasileira\\\/\",\"https:\\\/\\\/www.youtube.com\\\/c\\\/sabrabrasil\"]}]}<\/script>\n<!-- \/ Yoast SEO plugin. -->","yoast_head_json":{"title":"Forma\u00e7\u00e3o de Plateia - SABRA - Sociedade Art\u00edstica Brasileira","description":"Palestras em escolas p\u00fablicas municipais de Betim e concertos did\u00e1ticos s\u00e3o as principais a\u00e7\u00f5es da SABRA na forma\u00e7\u00e3o de plateia.","robots":{"index":"index","follow":"follow","max-snippet":"max-snippet:-1","max-image-preview":"max-image-preview:large","max-video-preview":"max-video-preview:-1"},"canonical":"https:\/\/www.sabra.org.br\/site\/acoes\/escola-de-musica\/formacao-de-plateia\/","og_locale":"pt_BR","og_type":"article","og_title":"Forma\u00e7\u00e3o de Plateia - SABRA - Sociedade Art\u00edstica Brasileira","og_description":"Palestras em escolas p\u00fablicas municipais de Betim e concertos did\u00e1ticos s\u00e3o as principais a\u00e7\u00f5es da SABRA na forma\u00e7\u00e3o de plateia.","og_url":"https:\/\/www.sabra.org.br\/site\/acoes\/escola-de-musica\/formacao-de-plateia\/","og_site_name":"SABRA - Sociedade Art\u00edstica Brasileira","article_publisher":"https:\/\/www.facebook.com\/sabrabrasil","article_modified_time":"2025-10-07T23:10:57+00:00","og_image":[{"url":"https:\/\/www.sabra.org.br\/site\/wp-content\/uploads\/2017\/05\/IMG_0910.jpg","type":"","width":"","height":""}],"twitter_card":"summary_large_image","twitter_site":"@ContatoSabra","twitter_misc":{"Est. tempo de leitura":"2 minutos"},"schema":{"@context":"https:\/\/schema.org","@graph":[{"@type":"WebPage","@id":"https:\/\/www.sabra.org.br\/site\/acoes\/escola-de-musica\/formacao-de-plateia\/","url":"https:\/\/www.sabra.org.br\/site\/acoes\/escola-de-musica\/formacao-de-plateia\/","name":"Forma\u00e7\u00e3o de Plateia - SABRA - Sociedade Art\u00edstica Brasileira","isPartOf":{"@id":"https:\/\/www.sabra.org.br\/site\/#website"},"primaryImageOfPage":{"@id":"https:\/\/www.sabra.org.br\/site\/acoes\/escola-de-musica\/formacao-de-plateia\/#primaryimage"},"image":{"@id":"https:\/\/www.sabra.org.br\/site\/acoes\/escola-de-musica\/formacao-de-plateia\/#primaryimage"},"thumbnailUrl":"https:\/\/www.sabra.org.br\/site\/wp-content\/uploads\/2017\/05\/IMG_0910.jpg","datePublished":"2019-01-16T12:11:03+00:00","dateModified":"2025-10-07T23:10:57+00:00","description":"Palestras em escolas p\u00fablicas municipais de Betim e concertos did\u00e1ticos s\u00e3o as principais a\u00e7\u00f5es da SABRA na forma\u00e7\u00e3o de plateia.","breadcrumb":{"@id":"https:\/\/www.sabra.org.br\/site\/acoes\/escola-de-musica\/formacao-de-plateia\/#breadcrumb"},"inLanguage":"pt-BR","potentialAction":[{"@type":"ReadAction","target":["https:\/\/www.sabra.org.br\/site\/acoes\/escola-de-musica\/formacao-de-plateia\/"]}]},{"@type":"ImageObject","inLanguage":"pt-BR","@id":"https:\/\/www.sabra.org.br\/site\/acoes\/escola-de-musica\/formacao-de-plateia\/#primaryimage","url":"https:\/\/www.sabra.org.br\/site\/wp-content\/uploads\/2017\/05\/IMG_0910.jpg","contentUrl":"https:\/\/www.sabra.org.br\/site\/wp-content\/uploads\/2017\/05\/IMG_0910.jpg","width":1556,"height":1037,"caption":"Sociedade Art\u00edstica Brasileira SABRA - Orquestra Sinf\u00f4nica de Betim"},{"@type":"BreadcrumbList","@id":"https:\/\/www.sabra.org.br\/site\/acoes\/escola-de-musica\/formacao-de-plateia\/#breadcrumb","itemListElement":[{"@type":"ListItem","position":1,"name":"In\u00edcio","item":"https:\/\/www.sabra.org.br\/site\/"},{"@type":"ListItem","position":2,"name":"A\u00e7\u00f5es","item":"https:\/\/www.sabra.org.br\/site\/acoes\/"},{"@type":"ListItem","position":3,"name":"Escola de M\u00fasica SABRA","item":"https:\/\/www.sabra.org.br\/site\/acoes\/escola-de-musica\/"},{"@type":"ListItem","position":4,"name":"Forma\u00e7\u00e3o de Plateia"}]},{"@type":"WebSite","@id":"https:\/\/www.sabra.org.br\/site\/#website","url":"https:\/\/www.sabra.org.br\/site\/","name":"SABRA - Sociedade Art\u00edstica Brasileira","description":"Escola de M\u00fasica, Orquestra Sinf\u00f4nica, Coral e Patrim\u00f4nio Cultural e Hist\u00f3rico","publisher":{"@id":"https:\/\/www.sabra.org.br\/site\/#organization"},"potentialAction":[{"@type":"SearchAction","target":{"@type":"EntryPoint","urlTemplate":"https:\/\/www.sabra.org.br\/site\/?s={search_term_string}"},"query-input":{"@type":"PropertyValueSpecification","valueRequired":true,"valueName":"search_term_string"}}],"inLanguage":"pt-BR"},{"@type":"Organization","@id":"https:\/\/www.sabra.org.br\/site\/#organization","name":"SOCIEDADE ART\u00cdSTICA BRASILEIRA SABRA","alternateName":"SABRA","url":"https:\/\/www.sabra.org.br\/site\/","logo":{"@type":"ImageObject","inLanguage":"pt-BR","@id":"https:\/\/www.sabra.org.br\/site\/#\/schema\/logo\/image\/","url":"https:\/\/www.sabra.org.br\/site\/wp-content\/uploads\/2019\/06\/cropped-Logo_SABRA-Copia-1.webp","contentUrl":"https:\/\/www.sabra.org.br\/site\/wp-content\/uploads\/2019\/06\/cropped-Logo_SABRA-Copia-1.webp","width":400,"height":128,"caption":"SOCIEDADE ART\u00cdSTICA BRASILEIRA SABRA"},"image":{"@id":"https:\/\/www.sabra.org.br\/site\/#\/schema\/logo\/image\/"},"sameAs":["https:\/\/www.facebook.com\/sabrabrasil","https:\/\/x.com\/ContatoSabra","https:\/\/www.instagram.com\/sabrabrasil\/","https:\/\/www.linkedin.com\/company\/25002088\/","https:\/\/br.pinterest.com\/sociedadeartisticabrasileira\/","https:\/\/www.youtube.com\/c\/sabrabrasil"]}]}},"jetpack_shortlink":"https:\/\/wp.me\/P95j2Z-r8","jetpack-related-posts":[{"id":18,"url":"https:\/\/www.sabra.org.br\/site\/acoes\/","url_meta":{"origin":1682,"position":0},"title":"A\u00e7\u00f5es","author":"M\u00e1rcio Miranda Pontes","date":"24 de maio de 2016","format":false,"excerpt":"A\u00e7\u00f5es da SABRA Com o intuito de fomentar a cria\u00e7\u00e3o, instala\u00e7\u00e3o, manuten\u00e7\u00e3o e desenvolvimento de programas e projetos de natureza art\u00edstica, cultural e social, a SABRA desenvolve e apoia v\u00e1rias a\u00e7\u00f5es. Conhe\u00e7a cada uma delas. Agenda Corais Coro e Orquestra de C\u00e2mara Edi\u00e7\u00e3o de Manuscritos Musicais Escola de M\u00fasica SABRA\u2026","rel":"","context":"Post similar","block_context":{"text":"Post similar","link":""},"img":{"alt_text":"","src":"","width":0,"height":0},"classes":[]},{"id":70,"url":"https:\/\/www.sabra.org.br\/site\/gruposartisticos\/orquestra-sinfonica-de-betim\/","url_meta":{"origin":1682,"position":1},"title":"Orquestra Sinf\u00f4nica de Betim","author":"M\u00e1rcio Miranda Pontes","date":"4 de julho de 2016","format":false,"excerpt":"Orquestra Sinf\u00f4nica de Betim A Orquestra Sinf\u00f4nica de Betim teve o in\u00edcio de suas atividades em 2014 como uma Orquestra de C\u00e2mara, formada exclusivamente por instrumentos de corda. Em 2015 foram abertas vagas para os naipes de madeiras, metais e percuss\u00e3o, proporcionando a forma\u00e7\u00e3o sinf\u00f4nica. A iniciativa de constitui\u00e7\u00e3o da\u2026","rel":"","context":"Post similar","block_context":{"text":"Post similar","link":""},"img":{"alt_text":"acao-orquestra-betim","src":"https:\/\/i0.wp.com\/www.sabra.org.br\/site\/wp-content\/uploads\/2016\/07\/acao-orquestra-betim.jpg?resize=350%2C200","width":350,"height":200,"srcset":"https:\/\/i0.wp.com\/www.sabra.org.br\/site\/wp-content\/uploads\/2016\/07\/acao-orquestra-betim.jpg?resize=350%2C200 1x, https:\/\/i0.wp.com\/www.sabra.org.br\/site\/wp-content\/uploads\/2016\/07\/acao-orquestra-betim.jpg?resize=525%2C300 1.5x"},"classes":[]},{"id":76,"url":"https:\/\/www.sabra.org.br\/site\/gruposartisticos\/coro-e-orquestra-de-camara\/","url_meta":{"origin":1682,"position":2},"title":"Coro e Orquestra de C\u00e2mara","author":"M\u00e1rcio Miranda Pontes","date":"4 de julho de 2016","format":false,"excerpt":"Coro e Orquestra de C\u00e2mara Lobo de Mesquita A Orquestra de C\u00e2mara Lobo de Mesquita foi criada em 1997. Tem como principal caracter\u00edstica a pesquisa e divulga\u00e7\u00e3o da m\u00fasica brasileira para orquestra e a valoriza\u00e7\u00e3o do m\u00fasico mineiro. Em mar\u00e7o de 1998 realizou um concerto especial na Embaixada Brasileira em\u2026","rel":"","context":"Post similar","block_context":{"text":"Post similar","link":""},"img":{"alt_text":"coro e orquestra de camara","src":"https:\/\/i0.wp.com\/www.sabra.org.br\/site\/wp-content\/uploads\/2016\/07\/peq20140914_162624peq-crop-u1533.jpg?resize=350%2C200&ssl=1","width":350,"height":200,"srcset":"https:\/\/i0.wp.com\/www.sabra.org.br\/site\/wp-content\/uploads\/2016\/07\/peq20140914_162624peq-crop-u1533.jpg?resize=350%2C200&ssl=1 1x, https:\/\/i0.wp.com\/www.sabra.org.br\/site\/wp-content\/uploads\/2016\/07\/peq20140914_162624peq-crop-u1533.jpg?resize=525%2C300&ssl=1 1.5x, https:\/\/i0.wp.com\/www.sabra.org.br\/site\/wp-content\/uploads\/2016\/07\/peq20140914_162624peq-crop-u1533.jpg?resize=700%2C400&ssl=1 2x"},"classes":[]},{"id":67,"url":"https:\/\/www.sabra.org.br\/site\/acoes\/escola-de-musica\/","url_meta":{"origin":1682,"position":3},"title":"Escola de M\u00fasica SABRA","author":"M\u00e1rcio Miranda Pontes","date":"4 de julho de 2016","format":false,"excerpt":"Escola de M\u00fasica SABRA A Escola de M\u00fasica SABRA pauta seu trabalho na defesa dos direitos das crian\u00e7as, dos adolescentes, dos jovens, dos adultos e da terceira idade e se destaca por estimular em seus alunos o pensamento amplo sobre a m\u00fasica, a arte, a cidadania e a responsabilidade social\u2026","rel":"","context":"Post similar","block_context":{"text":"Post similar","link":""},"img":{"alt_text":"Musicaliza\u00e7\u00e3o Infantil Escola de M\u00fasica","src":"https:\/\/i0.wp.com\/www.sabra.org.br\/site\/wp-content\/uploads\/2019\/01\/Musicaliza%C3%A7%C3%A3o.jpg?resize=350%2C200&ssl=1","width":350,"height":200,"srcset":"https:\/\/i0.wp.com\/www.sabra.org.br\/site\/wp-content\/uploads\/2019\/01\/Musicaliza%C3%A7%C3%A3o.jpg?resize=350%2C200&ssl=1 1x, https:\/\/i0.wp.com\/www.sabra.org.br\/site\/wp-content\/uploads\/2019\/01\/Musicaliza%C3%A7%C3%A3o.jpg?resize=525%2C300&ssl=1 1.5x, https:\/\/i0.wp.com\/www.sabra.org.br\/site\/wp-content\/uploads\/2019\/01\/Musicaliza%C3%A7%C3%A3o.jpg?resize=700%2C400&ssl=1 2x"},"classes":[]},{"id":78,"url":"https:\/\/www.sabra.org.br\/site\/acoes\/escola-de-musica\/musica-na-escola\/","url_meta":{"origin":1682,"position":4},"title":"M\u00fasica na Escola","author":"M\u00e1rcio Miranda Pontes","date":"4 de julho de 2016","format":false,"excerpt":"M\u00fasica na Escola O Curso M\u00fasica e Coral vem ao encontro da necessidade de forma\u00e7\u00e3o, qualifica\u00e7\u00e3o e especializa\u00e7\u00e3o de professores do ensino regular, capacitando-os para atuar com qualidade na pr\u00e1tica musical, art\u00edstica e did\u00e1tico-pedag\u00f3gica em corais, sala de aula e grupos musicais. Seu conte\u00fado program\u00e1tico busca promover a valoriza\u00e7\u00e3o do\u2026","rel":"","context":"Post similar","block_context":{"text":"Post similar","link":""},"img":{"alt_text":"M\u00fasica e Coral Escola","src":"https:\/\/i0.wp.com\/www.sabra.org.br\/site\/wp-content\/uploads\/2016\/07\/musicaecoral.jpg?resize=350%2C200&ssl=1","width":350,"height":200},"classes":[]},{"id":2,"url":"https:\/\/www.sabra.org.br\/site\/transparencia\/politica-de-privacidade\/","url_meta":{"origin":1682,"position":5},"title":"Pol\u00edtica de Privacidade","author":"M\u00e1rcio Miranda Pontes","date":"23 de maio de 2016","format":false,"excerpt":"Pol\u00edtica de Privacidade Esta Pol\u00edtica de Privacidade descreve as pr\u00e1ticas da Sociedade Art\u00edstica Brasileira, com sede nesta Cidade de Betim, Estado Minas Gerais, a Rua Dr. Silvio Lobo, n\u00b0 171, Angola, CEP 32.604-170, inscrita no CNPJ\/MF sob o n\u00ba 19.442.344\/0001-89, em rela\u00e7\u00e3o aos dados coletados por meio do site www.sabra.org.br,\u2026","rel":"","context":"Post similar","block_context":{"text":"Post similar","link":""},"img":{"alt_text":"Pol\u00edtica de Privacidade","src":"https:\/\/i0.wp.com\/www.sabra.org.br\/site\/wp-content\/uploads\/2019\/04\/binary-1327493__340.jpg?resize=350%2C200&ssl=1","width":350,"height":200},"classes":[]}],"jetpack_likes_enabled":true,"jetpack_sharing_enabled":true,"_links":{"self":[{"href":"https:\/\/www.sabra.org.br\/site\/wp-json\/wp\/v2\/pages\/1682","targetHints":{"allow":["GET"]}}],"collection":[{"href":"https:\/\/www.sabra.org.br\/site\/wp-json\/wp\/v2\/pages"}],"about":[{"href":"https:\/\/www.sabra.org.br\/site\/wp-json\/wp\/v2\/types\/page"}],"author":[{"embeddable":true,"href":"https:\/\/www.sabra.org.br\/site\/wp-json\/wp\/v2\/users\/39"}],"replies":[{"embeddable":true,"href":"https:\/\/www.sabra.org.br\/site\/wp-json\/wp\/v2\/comments?post=1682"}],"version-history":[{"count":0,"href":"https:\/\/www.sabra.org.br\/site\/wp-json\/wp\/v2\/pages\/1682\/revisions"}],"up":[{"embeddable":true,"href":"https:\/\/www.sabra.org.br\/site\/wp-json\/wp\/v2\/pages\/67"}],"wp:attachment":[{"href":"https:\/\/www.sabra.org.br\/site\/wp-json\/wp\/v2\/media?parent=1682"}],"curies":[{"name":"wp","href":"https:\/\/api.w.org\/{rel}","templated":true}]}}