{"id":18,"date":"2016-05-24T14:30:36","date_gmt":"2016-05-24T17:30:36","guid":{"rendered":"http:\/\/www.sabra.org.br\/site\/?page_id=18"},"modified":"2024-12-23T13:21:51","modified_gmt":"2024-12-23T16:21:51","slug":"acoes","status":"publish","type":"page","link":"https:\/\/www.sabra.org.br\/site\/acoes\/","title":{"rendered":"A\u00e7\u00f5es"},"content":{"rendered":"<h2>A\u00e7\u00f5es da SABRA<\/h2>\n<p>Com o intuito de fomentar a cria\u00e7\u00e3o, instala\u00e7\u00e3o, manuten\u00e7\u00e3o e desenvolvimento de programas e projetos de natureza art\u00edstica, cultural e social, a SABRA desenvolve e apoia v\u00e1rias a\u00e7\u00f5es.<\/p>\n<p>Conhe\u00e7a cada uma delas.<\/p>\n<p><a href=\"https:\/\/www.sabra.org.br\/site\/agenda\/\" target=\"_blank\" rel=\"noopener noreferrer\">Agenda<\/a><\/p>\n<p><a href=\"https:\/\/www.sabra.org.br\/site\/acoes\/corais\/\">Corais<\/a><\/p>\n<p><a href=\"https:\/\/www.sabra.org.br\/site\/acoes\/coro-e-orquestra-de-camara\/\">Coro e Orquestra de C\u00e2mara<\/a><\/p>\n<p><a href=\"https:\/\/www.sabra.org.br\/site\/acoes\/edicao-de-manuscritos-musicais\/\">Edi\u00e7\u00e3o de Manuscritos Musicais<\/a><\/p>\n<p><a href=\"https:\/\/www.sabra.org.br\/site\/acoes\/escola-de-musica\/\" target=\"_blank\" rel=\"noopener noreferrer\">Escola de M\u00fasica SABRA<\/a><\/p>\n<p><a href=\"https:\/\/www.sabra.org.br\/site\/acoes\/formacao-de-plateia\/\" target=\"_blank\" rel=\"noopener\">Forma\u00e7\u00e3o de plateia<\/a><\/p>\n<p><a href=\"https:\/\/www.sabra.org.br\/site\/acoes\/musica-na-escola\/\">M\u00fasica na Escola<\/a><\/p>\n<p><a href=\"https:\/\/www.sabra.org.br\/site\/acoes\/orquestra-sinfonica-de-betim\/\">Orquestra Sinf\u00f4nica de Betim<\/a><\/p>\n<p><a href=\"https:\/\/www.sabra.org.br\/site\/acoes\/patrimoniohistorico\/\" target=\"_blank\" rel=\"noopener\">Patrim\u00f4nio Hist\u00f3rico, Art\u00edstico e Cultural<\/a><\/p>\n<p><a href=\"http:\/\/tmb.sabra.org.br\/\" target=\"_blank\" rel=\"noopener\">Tesouros Musicais Brasileiros<\/a><\/p>\n<p><a href=\"https:\/\/www.sabra.org.br\/site\/video-aulas\/\" target=\"_blank\" rel=\"noopener\">V\u00eddeo aulas<\/a><\/p>\n<div class=\"gsp_post_data\" \r\n\t            data-post_type=\"page\" \r\n\t            data-cat=\"\" \r\n\t            data-modified=\"120\"\r\n\t            data-created=\"1464100236\"\r\n\t            data-title=\"A\u00e7\u00f5es\" \r\n\t            data-home=\"https:\/\/www.sabra.org.br\/site\"><\/div>","protected":false},"excerpt":{"rendered":"<p>A\u00e7\u00f5es da SABRA Com o intuito de fomentar a cria\u00e7\u00e3o, instala\u00e7\u00e3o, manuten\u00e7\u00e3o e desenvolvimento de programas e projetos de natureza art\u00edstica, cultural e social, a&hellip;<\/p>\n","protected":false},"author":39,"featured_media":0,"parent":0,"menu_order":0,"comment_status":"closed","ping_status":"closed","template":"","meta":{"jetpack_post_was_ever_published":false,"footnotes":""},"class_list":["post-18","page","type-page","status-publish","hentry"],"yoast_head":"<!-- This site is optimized with the Yoast SEO plugin v27.4 - https:\/\/yoast.com\/product\/yoast-seo-wordpress\/ -->\n<title>A\u00e7\u00f5es - SABRA - Sociedade Art\u00edstica Brasileira<\/title>\n<meta name=\"description\" content=\"Com o intuito de fomentar a cria\u00e7\u00e3o, instala\u00e7\u00e3o, manuten\u00e7\u00e3o e desenvolvimento de programas e projetos de natureza art\u00edstica, cultural e social, a SABRA desenvolve e apoia v\u00e1rias a\u00e7\u00f5es.\" \/>\n<meta name=\"robots\" content=\"index, follow, max-snippet:-1, max-image-preview:large, max-video-preview:-1\" \/>\n<link rel=\"canonical\" href=\"https:\/\/www.sabra.org.br\/site\/acoes\/\" \/>\n<meta property=\"og:locale\" content=\"pt_BR\" \/>\n<meta property=\"og:type\" content=\"article\" \/>\n<meta property=\"og:title\" content=\"A\u00e7\u00f5es - SABRA - Sociedade Art\u00edstica Brasileira\" \/>\n<meta property=\"og:description\" content=\"Com o intuito de fomentar a cria\u00e7\u00e3o, instala\u00e7\u00e3o, manuten\u00e7\u00e3o e desenvolvimento de programas e projetos de natureza art\u00edstica, cultural e social, a SABRA desenvolve e apoia v\u00e1rias a\u00e7\u00f5es.\" \/>\n<meta property=\"og:url\" content=\"https:\/\/www.sabra.org.br\/site\/acoes\/\" \/>\n<meta property=\"og:site_name\" content=\"SABRA - Sociedade Art\u00edstica Brasileira\" \/>\n<meta property=\"article:publisher\" content=\"https:\/\/www.facebook.com\/sabrabrasil\" \/>\n<meta property=\"article:modified_time\" content=\"2024-12-23T16:21:51+00:00\" \/>\n<meta property=\"og:image\" content=\"https:\/\/www.sabra.org.br\/site\/wp-content\/uploads\/2021\/12\/AvatarSabra1.jpg\" \/>\n\t<meta property=\"og:image:width\" content=\"200\" \/>\n\t<meta property=\"og:image:height\" content=\"200\" \/>\n\t<meta property=\"og:image:type\" content=\"image\/jpeg\" \/>\n<meta name=\"twitter:card\" content=\"summary_large_image\" \/>\n<meta name=\"twitter:site\" content=\"@ContatoSabra\" \/>\n<meta name=\"twitter:label1\" content=\"Est. tempo de leitura\" \/>\n\t<meta name=\"twitter:data1\" content=\"1 minuto\" \/>\n<script type=\"application\/ld+json\" class=\"yoast-schema-graph\">{\"@context\":\"https:\\\/\\\/schema.org\",\"@graph\":[{\"@type\":\"WebPage\",\"@id\":\"https:\\\/\\\/www.sabra.org.br\\\/site\\\/acoes\\\/\",\"url\":\"https:\\\/\\\/www.sabra.org.br\\\/site\\\/acoes\\\/\",\"name\":\"A\u00e7\u00f5es - SABRA - Sociedade Art\u00edstica Brasileira\",\"isPartOf\":{\"@id\":\"https:\\\/\\\/www.sabra.org.br\\\/site\\\/#website\"},\"datePublished\":\"2016-05-24T17:30:36+00:00\",\"dateModified\":\"2024-12-23T16:21:51+00:00\",\"description\":\"Com o intuito de fomentar a cria\u00e7\u00e3o, instala\u00e7\u00e3o, manuten\u00e7\u00e3o e desenvolvimento de programas e projetos de natureza art\u00edstica, cultural e social, a SABRA desenvolve e apoia v\u00e1rias a\u00e7\u00f5es.\",\"breadcrumb\":{\"@id\":\"https:\\\/\\\/www.sabra.org.br\\\/site\\\/acoes\\\/#breadcrumb\"},\"inLanguage\":\"pt-BR\",\"potentialAction\":[{\"@type\":\"ReadAction\",\"target\":[\"https:\\\/\\\/www.sabra.org.br\\\/site\\\/acoes\\\/\"]}]},{\"@type\":\"BreadcrumbList\",\"@id\":\"https:\\\/\\\/www.sabra.org.br\\\/site\\\/acoes\\\/#breadcrumb\",\"itemListElement\":[{\"@type\":\"ListItem\",\"position\":1,\"name\":\"In\u00edcio\",\"item\":\"https:\\\/\\\/www.sabra.org.br\\\/site\\\/\"},{\"@type\":\"ListItem\",\"position\":2,\"name\":\"A\u00e7\u00f5es\"}]},{\"@type\":\"WebSite\",\"@id\":\"https:\\\/\\\/www.sabra.org.br\\\/site\\\/#website\",\"url\":\"https:\\\/\\\/www.sabra.org.br\\\/site\\\/\",\"name\":\"SABRA - Sociedade Art\u00edstica Brasileira\",\"description\":\"Escola de M\u00fasica, Orquestra Sinf\u00f4nica, Coral e Patrim\u00f4nio Cultural e Hist\u00f3rico\",\"publisher\":{\"@id\":\"https:\\\/\\\/www.sabra.org.br\\\/site\\\/#organization\"},\"potentialAction\":[{\"@type\":\"SearchAction\",\"target\":{\"@type\":\"EntryPoint\",\"urlTemplate\":\"https:\\\/\\\/www.sabra.org.br\\\/site\\\/?s={search_term_string}\"},\"query-input\":{\"@type\":\"PropertyValueSpecification\",\"valueRequired\":true,\"valueName\":\"search_term_string\"}}],\"inLanguage\":\"pt-BR\"},{\"@type\":\"Organization\",\"@id\":\"https:\\\/\\\/www.sabra.org.br\\\/site\\\/#organization\",\"name\":\"SOCIEDADE ART\u00cdSTICA BRASILEIRA SABRA\",\"alternateName\":\"SABRA\",\"url\":\"https:\\\/\\\/www.sabra.org.br\\\/site\\\/\",\"logo\":{\"@type\":\"ImageObject\",\"inLanguage\":\"pt-BR\",\"@id\":\"https:\\\/\\\/www.sabra.org.br\\\/site\\\/#\\\/schema\\\/logo\\\/image\\\/\",\"url\":\"https:\\\/\\\/www.sabra.org.br\\\/site\\\/wp-content\\\/uploads\\\/2019\\\/06\\\/cropped-Logo_SABRA-Copia-1.webp\",\"contentUrl\":\"https:\\\/\\\/www.sabra.org.br\\\/site\\\/wp-content\\\/uploads\\\/2019\\\/06\\\/cropped-Logo_SABRA-Copia-1.webp\",\"width\":400,\"height\":128,\"caption\":\"SOCIEDADE ART\u00cdSTICA BRASILEIRA SABRA\"},\"image\":{\"@id\":\"https:\\\/\\\/www.sabra.org.br\\\/site\\\/#\\\/schema\\\/logo\\\/image\\\/\"},\"sameAs\":[\"https:\\\/\\\/www.facebook.com\\\/sabrabrasil\",\"https:\\\/\\\/x.com\\\/ContatoSabra\",\"https:\\\/\\\/www.instagram.com\\\/sabrabrasil\\\/\",\"https:\\\/\\\/www.linkedin.com\\\/company\\\/25002088\\\/\",\"https:\\\/\\\/br.pinterest.com\\\/sociedadeartisticabrasileira\\\/\",\"https:\\\/\\\/www.youtube.com\\\/c\\\/sabrabrasil\"]}]}<\/script>\n<!-- \/ Yoast SEO plugin. -->","yoast_head_json":{"title":"A\u00e7\u00f5es - SABRA - Sociedade Art\u00edstica Brasileira","description":"Com o intuito de fomentar a cria\u00e7\u00e3o, instala\u00e7\u00e3o, manuten\u00e7\u00e3o e desenvolvimento de programas e projetos de natureza art\u00edstica, cultural e social, a SABRA desenvolve e apoia v\u00e1rias a\u00e7\u00f5es.","robots":{"index":"index","follow":"follow","max-snippet":"max-snippet:-1","max-image-preview":"max-image-preview:large","max-video-preview":"max-video-preview:-1"},"canonical":"https:\/\/www.sabra.org.br\/site\/acoes\/","og_locale":"pt_BR","og_type":"article","og_title":"A\u00e7\u00f5es - SABRA - Sociedade Art\u00edstica Brasileira","og_description":"Com o intuito de fomentar a cria\u00e7\u00e3o, instala\u00e7\u00e3o, manuten\u00e7\u00e3o e desenvolvimento de programas e projetos de natureza art\u00edstica, cultural e social, a SABRA desenvolve e apoia v\u00e1rias a\u00e7\u00f5es.","og_url":"https:\/\/www.sabra.org.br\/site\/acoes\/","og_site_name":"SABRA - Sociedade Art\u00edstica Brasileira","article_publisher":"https:\/\/www.facebook.com\/sabrabrasil","article_modified_time":"2024-12-23T16:21:51+00:00","og_image":[{"width":200,"height":200,"url":"https:\/\/www.sabra.org.br\/site\/wp-content\/uploads\/2021\/12\/AvatarSabra1.jpg","type":"image\/jpeg"}],"twitter_card":"summary_large_image","twitter_site":"@ContatoSabra","twitter_misc":{"Est. tempo de leitura":"1 minuto"},"schema":{"@context":"https:\/\/schema.org","@graph":[{"@type":"WebPage","@id":"https:\/\/www.sabra.org.br\/site\/acoes\/","url":"https:\/\/www.sabra.org.br\/site\/acoes\/","name":"A\u00e7\u00f5es - SABRA - Sociedade Art\u00edstica Brasileira","isPartOf":{"@id":"https:\/\/www.sabra.org.br\/site\/#website"},"datePublished":"2016-05-24T17:30:36+00:00","dateModified":"2024-12-23T16:21:51+00:00","description":"Com o intuito de fomentar a cria\u00e7\u00e3o, instala\u00e7\u00e3o, manuten\u00e7\u00e3o e desenvolvimento de programas e projetos de natureza art\u00edstica, cultural e social, a SABRA desenvolve e apoia v\u00e1rias a\u00e7\u00f5es.","breadcrumb":{"@id":"https:\/\/www.sabra.org.br\/site\/acoes\/#breadcrumb"},"inLanguage":"pt-BR","potentialAction":[{"@type":"ReadAction","target":["https:\/\/www.sabra.org.br\/site\/acoes\/"]}]},{"@type":"BreadcrumbList","@id":"https:\/\/www.sabra.org.br\/site\/acoes\/#breadcrumb","itemListElement":[{"@type":"ListItem","position":1,"name":"In\u00edcio","item":"https:\/\/www.sabra.org.br\/site\/"},{"@type":"ListItem","position":2,"name":"A\u00e7\u00f5es"}]},{"@type":"WebSite","@id":"https:\/\/www.sabra.org.br\/site\/#website","url":"https:\/\/www.sabra.org.br\/site\/","name":"SABRA - Sociedade Art\u00edstica Brasileira","description":"Escola de M\u00fasica, Orquestra Sinf\u00f4nica, Coral e Patrim\u00f4nio Cultural e Hist\u00f3rico","publisher":{"@id":"https:\/\/www.sabra.org.br\/site\/#organization"},"potentialAction":[{"@type":"SearchAction","target":{"@type":"EntryPoint","urlTemplate":"https:\/\/www.sabra.org.br\/site\/?s={search_term_string}"},"query-input":{"@type":"PropertyValueSpecification","valueRequired":true,"valueName":"search_term_string"}}],"inLanguage":"pt-BR"},{"@type":"Organization","@id":"https:\/\/www.sabra.org.br\/site\/#organization","name":"SOCIEDADE ART\u00cdSTICA BRASILEIRA SABRA","alternateName":"SABRA","url":"https:\/\/www.sabra.org.br\/site\/","logo":{"@type":"ImageObject","inLanguage":"pt-BR","@id":"https:\/\/www.sabra.org.br\/site\/#\/schema\/logo\/image\/","url":"https:\/\/www.sabra.org.br\/site\/wp-content\/uploads\/2019\/06\/cropped-Logo_SABRA-Copia-1.webp","contentUrl":"https:\/\/www.sabra.org.br\/site\/wp-content\/uploads\/2019\/06\/cropped-Logo_SABRA-Copia-1.webp","width":400,"height":128,"caption":"SOCIEDADE ART\u00cdSTICA BRASILEIRA SABRA"},"image":{"@id":"https:\/\/www.sabra.org.br\/site\/#\/schema\/logo\/image\/"},"sameAs":["https:\/\/www.facebook.com\/sabrabrasil","https:\/\/x.com\/ContatoSabra","https:\/\/www.instagram.com\/sabrabrasil\/","https:\/\/www.linkedin.com\/company\/25002088\/","https:\/\/br.pinterest.com\/sociedadeartisticabrasileira\/","https:\/\/www.youtube.com\/c\/sabrabrasil"]}]}},"jetpack_shortlink":"https:\/\/wp.me\/P95j2Z-i","jetpack-related-posts":[{"id":1682,"url":"https:\/\/www.sabra.org.br\/site\/acoes\/escola-de-musica\/formacao-de-plateia\/","url_meta":{"origin":18,"position":0},"title":"Forma\u00e7\u00e3o de Plateia","author":"M\u00e1rcio Miranda Pontes","date":"16 de janeiro de 2019","format":false,"excerpt":"Palestras em escolas p\u00fablicas municipais de Betim e concertos did\u00e1ticos s\u00e3o as principais a\u00e7\u00f5es da SABRA na forma\u00e7\u00e3o de plateia.","rel":"","context":"Post similar","block_context":{"text":"Post similar","link":""},"img":{"alt_text":"Forma\u00e7\u00e3o de plateia","src":"https:\/\/i0.wp.com\/www.sabra.org.br\/site\/wp-content\/uploads\/2017\/05\/IMG_0910.jpg?resize=350%2C200&ssl=1","width":350,"height":200,"srcset":"https:\/\/i0.wp.com\/www.sabra.org.br\/site\/wp-content\/uploads\/2017\/05\/IMG_0910.jpg?resize=350%2C200&ssl=1 1x, https:\/\/i0.wp.com\/www.sabra.org.br\/site\/wp-content\/uploads\/2017\/05\/IMG_0910.jpg?resize=525%2C300&ssl=1 1.5x, https:\/\/i0.wp.com\/www.sabra.org.br\/site\/wp-content\/uploads\/2017\/05\/IMG_0910.jpg?resize=700%2C400&ssl=1 2x, https:\/\/i0.wp.com\/www.sabra.org.br\/site\/wp-content\/uploads\/2017\/05\/IMG_0910.jpg?resize=1050%2C600&ssl=1 3x, https:\/\/i0.wp.com\/www.sabra.org.br\/site\/wp-content\/uploads\/2017\/05\/IMG_0910.jpg?resize=1400%2C800&ssl=1 4x"},"classes":[]},{"id":1689,"url":"https:\/\/www.sabra.org.br\/site\/acoes\/escola-de-musica\/blog-sabra\/","url_meta":{"origin":18,"position":1},"title":"Blog SABRA","author":"M\u00e1rcio Miranda Pontes","date":"16 de janeiro de 2019","format":false,"excerpt":"Blog SABRA - Conte\u00fado adicional para alunos da Institui\u00e7\u00e3o.","rel":"","context":"Post similar","block_context":{"text":"Post similar","link":""},"img":{"alt_text":"desenvolvimento-sustent\u00e1vel-objetivo-brasil-blog-sabra","src":"https:\/\/i0.wp.com\/www.sabra.org.br\/site\/wp-content\/uploads\/2021\/06\/a-importancia-da-parceria-global-para-o-desenvolvimento-sustentavel-no-brasil-20210609152644.jpg.jpg?resize=350%2C200&ssl=1","width":350,"height":200,"srcset":"https:\/\/i0.wp.com\/www.sabra.org.br\/site\/wp-content\/uploads\/2021\/06\/a-importancia-da-parceria-global-para-o-desenvolvimento-sustentavel-no-brasil-20210609152644.jpg.jpg?resize=350%2C200&ssl=1 1x, https:\/\/i0.wp.com\/www.sabra.org.br\/site\/wp-content\/uploads\/2021\/06\/a-importancia-da-parceria-global-para-o-desenvolvimento-sustentavel-no-brasil-20210609152644.jpg.jpg?resize=525%2C300&ssl=1 1.5x, https:\/\/i0.wp.com\/www.sabra.org.br\/site\/wp-content\/uploads\/2021\/06\/a-importancia-da-parceria-global-para-o-desenvolvimento-sustentavel-no-brasil-20210609152644.jpg.jpg?resize=700%2C400&ssl=1 2x"},"classes":[]},{"id":67,"url":"https:\/\/www.sabra.org.br\/site\/acoes\/escola-de-musica\/","url_meta":{"origin":18,"position":2},"title":"Escola de M\u00fasica SABRA","author":"M\u00e1rcio Miranda Pontes","date":"4 de julho de 2016","format":false,"excerpt":"Escola de M\u00fasica SABRA A Escola de M\u00fasica SABRA pauta seu trabalho na defesa dos direitos das crian\u00e7as, dos adolescentes, dos jovens, dos adultos e da terceira idade e se destaca por estimular em seus alunos o pensamento amplo sobre a m\u00fasica, a arte, a cidadania e a responsabilidade social\u2026","rel":"","context":"Post similar","block_context":{"text":"Post similar","link":""},"img":{"alt_text":"Musicaliza\u00e7\u00e3o Infantil Escola de M\u00fasica","src":"https:\/\/i0.wp.com\/www.sabra.org.br\/site\/wp-content\/uploads\/2019\/01\/Musicaliza%C3%A7%C3%A3o.jpg?resize=350%2C200&ssl=1","width":350,"height":200,"srcset":"https:\/\/i0.wp.com\/www.sabra.org.br\/site\/wp-content\/uploads\/2019\/01\/Musicaliza%C3%A7%C3%A3o.jpg?resize=350%2C200&ssl=1 1x, https:\/\/i0.wp.com\/www.sabra.org.br\/site\/wp-content\/uploads\/2019\/01\/Musicaliza%C3%A7%C3%A3o.jpg?resize=525%2C300&ssl=1 1.5x, https:\/\/i0.wp.com\/www.sabra.org.br\/site\/wp-content\/uploads\/2019\/01\/Musicaliza%C3%A7%C3%A3o.jpg?resize=700%2C400&ssl=1 2x"},"classes":[]},{"id":437,"url":"https:\/\/www.sabra.org.br\/site\/acoes\/agenda\/","url_meta":{"origin":18,"position":3},"title":"Agenda","author":"M\u00e1rcio Miranda Pontes","date":"21 de abril de 2017","format":false,"excerpt":"Agenda Cultural SABRA 2026 Atualiza\u00e7\u00e3o mensal dispon\u00edvel at\u00e9 o dia 15 do m\u00eas anterior \u00e0 programa\u00e7\u00e3o.Todas as atividades s\u00e3o gratuitas, com entrada sujeita \u00e0 lota\u00e7\u00e3o dos espa\u00e7os. Classifica\u00e7\u00e3o indicativa: Livre. MAR\u00c7O20 \u2013 M\u00fasica Viva \u2013 Orquestra Jovem Sabra\/Betim \u2013 CRAS Alterosas II \u2013 Rua Jamour, 81, Jardim Alterosas, Betim -\u2026","rel":"","context":"Post similar","block_context":{"text":"Post similar","link":""},"img":{"alt_text":"sabra-m\u00fasica-concerto-coral-betim-reg\u00eancia-unimed-bh-sinf\u00f4nica infantil-municipal-escolas-grupos-ponta-c\u00e2mara-did\u00e1tico-agenda","src":"https:\/\/i0.wp.com\/www.sabra.org.br\/site\/wp-content\/uploads\/2023\/09\/Capa-Agenda-scaled.webp?resize=350%2C200&ssl=1","width":350,"height":200,"srcset":"https:\/\/i0.wp.com\/www.sabra.org.br\/site\/wp-content\/uploads\/2023\/09\/Capa-Agenda-scaled.webp?resize=350%2C200&ssl=1 1x, https:\/\/i0.wp.com\/www.sabra.org.br\/site\/wp-content\/uploads\/2023\/09\/Capa-Agenda-scaled.webp?resize=525%2C300&ssl=1 1.5x, https:\/\/i0.wp.com\/www.sabra.org.br\/site\/wp-content\/uploads\/2023\/09\/Capa-Agenda-scaled.webp?resize=700%2C400&ssl=1 2x, https:\/\/i0.wp.com\/www.sabra.org.br\/site\/wp-content\/uploads\/2023\/09\/Capa-Agenda-scaled.webp?resize=1050%2C600&ssl=1 3x, https:\/\/i0.wp.com\/www.sabra.org.br\/site\/wp-content\/uploads\/2023\/09\/Capa-Agenda-scaled.webp?resize=1400%2C800&ssl=1 4x"},"classes":[]},{"id":3030,"url":"https:\/\/www.sabra.org.br\/site\/acoes\/escola-de-musica\/video-aulas\/","url_meta":{"origin":18,"position":4},"title":"V\u00eddeo aulas","author":"M\u00e1rcio Miranda Pontes","date":"25 de agosto de 2020","format":false,"excerpt":"V\u00eddeo aulas gratuitas de m\u00fasica para iniciantes. Projeto realizado com recursos da Lei Federal de Incentivo \u00e0 Cultura - \"Plano Bianual SABRA 2020-2021\" PRONAC 192960 - Patroc\u00ednio Master: Instituto Unimed-BH - Patroc\u00ednio: Vallourec - Apoio: Sicoob Credicom, Secretaria Municipal de Educa\u00e7\u00e3o de Betim, Secretaria Municipal de Educa\u00e7\u00e3o de Nova Lima,\u2026","rel":"","context":"Post similar","block_context":{"text":"Post similar","link":""},"img":{"alt_text":"","src":"https:\/\/i0.wp.com\/www.sabra.org.br\/site\/wp-content\/uploads\/2024\/10\/AssinaturaVideoAulas.jpg?resize=350%2C200&ssl=1","width":350,"height":200,"srcset":"https:\/\/i0.wp.com\/www.sabra.org.br\/site\/wp-content\/uploads\/2024\/10\/AssinaturaVideoAulas.jpg?resize=350%2C200&ssl=1 1x, https:\/\/i0.wp.com\/www.sabra.org.br\/site\/wp-content\/uploads\/2024\/10\/AssinaturaVideoAulas.jpg?resize=525%2C300&ssl=1 1.5x, https:\/\/i0.wp.com\/www.sabra.org.br\/site\/wp-content\/uploads\/2024\/10\/AssinaturaVideoAulas.jpg?resize=700%2C400&ssl=1 2x, https:\/\/i0.wp.com\/www.sabra.org.br\/site\/wp-content\/uploads\/2024\/10\/AssinaturaVideoAulas.jpg?resize=1050%2C600&ssl=1 3x, https:\/\/i0.wp.com\/www.sabra.org.br\/site\/wp-content\/uploads\/2024\/10\/AssinaturaVideoAulas.jpg?resize=1400%2C800&ssl=1 4x"},"classes":[]},{"id":78,"url":"https:\/\/www.sabra.org.br\/site\/acoes\/escola-de-musica\/musica-na-escola\/","url_meta":{"origin":18,"position":5},"title":"M\u00fasica na Escola","author":"M\u00e1rcio Miranda Pontes","date":"4 de julho de 2016","format":false,"excerpt":"M\u00fasica na Escola O Curso M\u00fasica e Coral vem ao encontro da necessidade de forma\u00e7\u00e3o, qualifica\u00e7\u00e3o e especializa\u00e7\u00e3o de professores do ensino regular, capacitando-os para atuar com qualidade na pr\u00e1tica musical, art\u00edstica e did\u00e1tico-pedag\u00f3gica em corais, sala de aula e grupos musicais. Seu conte\u00fado program\u00e1tico busca promover a valoriza\u00e7\u00e3o do\u2026","rel":"","context":"Post similar","block_context":{"text":"Post similar","link":""},"img":{"alt_text":"M\u00fasica e Coral Escola","src":"https:\/\/i0.wp.com\/www.sabra.org.br\/site\/wp-content\/uploads\/2016\/07\/musicaecoral.jpg?resize=350%2C200&ssl=1","width":350,"height":200},"classes":[]}],"jetpack_likes_enabled":true,"jetpack_sharing_enabled":true,"_links":{"self":[{"href":"https:\/\/www.sabra.org.br\/site\/wp-json\/wp\/v2\/pages\/18","targetHints":{"allow":["GET"]}}],"collection":[{"href":"https:\/\/www.sabra.org.br\/site\/wp-json\/wp\/v2\/pages"}],"about":[{"href":"https:\/\/www.sabra.org.br\/site\/wp-json\/wp\/v2\/types\/page"}],"author":[{"embeddable":true,"href":"https:\/\/www.sabra.org.br\/site\/wp-json\/wp\/v2\/users\/39"}],"replies":[{"embeddable":true,"href":"https:\/\/www.sabra.org.br\/site\/wp-json\/wp\/v2\/comments?post=18"}],"version-history":[{"count":0,"href":"https:\/\/www.sabra.org.br\/site\/wp-json\/wp\/v2\/pages\/18\/revisions"}],"wp:attachment":[{"href":"https:\/\/www.sabra.org.br\/site\/wp-json\/wp\/v2\/media?parent=18"}],"curies":[{"name":"wp","href":"https:\/\/api.w.org\/{rel}","templated":true}]}}