{"id":2158,"date":"2019-06-20T07:36:03","date_gmt":"2019-06-20T10:36:03","guid":{"rendered":"https:\/\/www.sabra.org.br\/site\/sch-dashboard\/"},"modified":"2022-02-07T12:20:28","modified_gmt":"2022-02-07T15:20:28","slug":"gruposartisticos","status":"publish","type":"page","link":"https:\/\/www.sabra.org.br\/site\/gruposartisticos\/","title":{"rendered":"Grupos Art\u00edsticos"},"content":{"rendered":"<p>[vc_row][vc_column][vc_column_text]Conhe\u00e7a os grupos art\u00edsticos mantidos pela SABRA. S\u00e3o formados por alunos e professores e se apresentam em p\u00fablico regularmente com o objetivo de tornar acess\u00edvel a m\u00fasica instrumental e coral.<\/p>\n<ul>\n<li><a href=\"https:\/\/www.sabra.org.br\/site\/acoes\/corais\/\">Corais<\/a><\/li>\n<li><a href=\"https:\/\/www.sabra.org.br\/site\/acoes\/coro-e-orquestra-de-camara\/\">Coro e Orquestra de C\u00e2mara<\/a><\/li>\n<li><a href=\"https:\/\/www.sabra.org.br\/site\/acoes\/orquestra-sinfonica-de-betim\/\">Orquestra Sinf\u00f4nica de Betim<\/a><\/li>\n<\/ul>\n<figure id=\"attachment_296\" aria-describedby=\"caption-attachment-296\" style=\"width: 600px\" class=\"wp-caption aligncenter\"><img fetchpriority=\"high\" decoding=\"async\" data-attachment-id=\"296\" data-permalink=\"https:\/\/www.sabra.org.br\/site\/relembre-alguns-dos-sucessos-de-vander-lee\/754a8081peq\/\" data-orig-file=\"https:\/\/www.sabra.org.br\/site\/wp-content\/uploads\/2016\/08\/754A8081peq.jpg\" data-orig-size=\"600,400\" data-comments-opened=\"1\" data-image-meta=\"{&quot;aperture&quot;:&quot;4&quot;,&quot;credit&quot;:&quot;&quot;,&quot;camera&quot;:&quot;Canon EOS 5D Mark III&quot;,&quot;caption&quot;:&quot;&quot;,&quot;created_timestamp&quot;:&quot;1443353776&quot;,&quot;copyright&quot;:&quot;&quot;,&quot;focal_length&quot;:&quot;24&quot;,&quot;iso&quot;:&quot;200&quot;,&quot;shutter_speed&quot;:&quot;0.0015625&quot;,&quot;title&quot;:&quot;&quot;,&quot;orientation&quot;:&quot;1&quot;}\" data-image-title=\"754A8081peq\" data-image-description=\"\" data-image-caption=\"&lt;p&gt;Orquestra Sinf\u00f4nica de Betim  Coral Unimed-BH&lt;\/p&gt;\n\" data-large-file=\"https:\/\/www.sabra.org.br\/site\/wp-content\/uploads\/2016\/08\/754A8081peq.jpg\" class=\"size-full wp-image-296\" src=\"https:\/\/www.sabra.org.br\/site\/wp-content\/uploads\/2016\/08\/754A8081peq.jpg\" alt=\"Sociedade Art\u00edstica Brasileira SABRA\" width=\"600\" height=\"400\" srcset=\"https:\/\/www.sabra.org.br\/site\/wp-content\/uploads\/2016\/08\/754A8081peq.jpg 600w, https:\/\/www.sabra.org.br\/site\/wp-content\/uploads\/2016\/08\/754A8081peq-300x200.jpg 300w\" sizes=\"(max-width: 600px) 100vw, 600px\" \/><figcaption id=\"caption-attachment-296\" class=\"wp-caption-text\">Orquestra Sinf\u00f4nica de Betim Coral Unimed-BH<\/figcaption><\/figure>\n<p>[\/vc_column_text][\/vc_column][\/vc_row]<\/p>\n","protected":false},"excerpt":{"rendered":"<p>Dashboard contains all the overview ! <\/p>\n","protected":false},"author":39,"featured_media":0,"parent":0,"menu_order":0,"comment_status":"closed","ping_status":"closed","template":"","meta":{"jetpack_post_was_ever_published":false,"footnotes":""},"class_list":["post-2158","page","type-page","status-publish","hentry"],"yoast_head":"<!-- This site is optimized with the Yoast SEO plugin v27.5 - https:\/\/yoast.com\/product\/yoast-seo-wordpress\/ -->\n<title>Grupos Art\u00edsticos - SABRA - Sociedade Art\u00edstica Brasileira<\/title>\n<meta name=\"robots\" content=\"index, follow, max-snippet:-1, max-image-preview:large, max-video-preview:-1\" \/>\n<link rel=\"canonical\" href=\"https:\/\/www.sabra.org.br\/site\/gruposartisticos\/\" \/>\n<meta property=\"og:locale\" content=\"pt_BR\" \/>\n<meta property=\"og:type\" content=\"article\" \/>\n<meta property=\"og:title\" content=\"Grupos Art\u00edsticos - SABRA - Sociedade Art\u00edstica Brasileira\" \/>\n<meta property=\"og:description\" content=\"Dashboard contains all the overview !\" \/>\n<meta property=\"og:url\" content=\"https:\/\/www.sabra.org.br\/site\/gruposartisticos\/\" \/>\n<meta property=\"og:site_name\" content=\"SABRA - Sociedade Art\u00edstica Brasileira\" \/>\n<meta property=\"article:publisher\" content=\"https:\/\/www.facebook.com\/sabrabrasil\" \/>\n<meta property=\"article:modified_time\" content=\"2022-02-07T15:20:28+00:00\" \/>\n<meta property=\"og:image\" content=\"https:\/\/www.sabra.org.br\/site\/wp-content\/uploads\/2016\/08\/754A8081peq.jpg\" \/>\n<meta name=\"twitter:card\" content=\"summary_large_image\" \/>\n<meta name=\"twitter:site\" content=\"@ContatoSabra\" \/>\n<meta name=\"twitter:label1\" content=\"Est. tempo de leitura\" \/>\n\t<meta name=\"twitter:data1\" content=\"1 minuto\" \/>\n<script type=\"application\/ld+json\" class=\"yoast-schema-graph\">{\"@context\":\"https:\\\/\\\/schema.org\",\"@graph\":[{\"@type\":\"WebPage\",\"@id\":\"https:\\\/\\\/www.sabra.org.br\\\/site\\\/gruposartisticos\\\/\",\"url\":\"https:\\\/\\\/www.sabra.org.br\\\/site\\\/gruposartisticos\\\/\",\"name\":\"Grupos Art\u00edsticos - SABRA - Sociedade Art\u00edstica Brasileira\",\"isPartOf\":{\"@id\":\"https:\\\/\\\/www.sabra.org.br\\\/site\\\/#website\"},\"primaryImageOfPage\":{\"@id\":\"https:\\\/\\\/www.sabra.org.br\\\/site\\\/gruposartisticos\\\/#primaryimage\"},\"image\":{\"@id\":\"https:\\\/\\\/www.sabra.org.br\\\/site\\\/gruposartisticos\\\/#primaryimage\"},\"thumbnailUrl\":\"https:\\\/\\\/www.sabra.org.br\\\/site\\\/wp-content\\\/uploads\\\/2016\\\/08\\\/754A8081peq.jpg\",\"datePublished\":\"2019-06-20T10:36:03+00:00\",\"dateModified\":\"2022-02-07T15:20:28+00:00\",\"breadcrumb\":{\"@id\":\"https:\\\/\\\/www.sabra.org.br\\\/site\\\/gruposartisticos\\\/#breadcrumb\"},\"inLanguage\":\"pt-BR\",\"potentialAction\":[{\"@type\":\"ReadAction\",\"target\":[\"https:\\\/\\\/www.sabra.org.br\\\/site\\\/gruposartisticos\\\/\"]}]},{\"@type\":\"ImageObject\",\"inLanguage\":\"pt-BR\",\"@id\":\"https:\\\/\\\/www.sabra.org.br\\\/site\\\/gruposartisticos\\\/#primaryimage\",\"url\":\"https:\\\/\\\/www.sabra.org.br\\\/site\\\/wp-content\\\/uploads\\\/2016\\\/08\\\/754A8081peq.jpg\",\"contentUrl\":\"https:\\\/\\\/www.sabra.org.br\\\/site\\\/wp-content\\\/uploads\\\/2016\\\/08\\\/754A8081peq.jpg\",\"width\":600,\"height\":400,\"caption\":\"Orquestra Sinf\u00f4nica de Betim Coral Unimed-BH\"},{\"@type\":\"BreadcrumbList\",\"@id\":\"https:\\\/\\\/www.sabra.org.br\\\/site\\\/gruposartisticos\\\/#breadcrumb\",\"itemListElement\":[{\"@type\":\"ListItem\",\"position\":1,\"name\":\"In\u00edcio\",\"item\":\"https:\\\/\\\/www.sabra.org.br\\\/site\\\/\"},{\"@type\":\"ListItem\",\"position\":2,\"name\":\"Grupos Art\u00edsticos\"}]},{\"@type\":\"WebSite\",\"@id\":\"https:\\\/\\\/www.sabra.org.br\\\/site\\\/#website\",\"url\":\"https:\\\/\\\/www.sabra.org.br\\\/site\\\/\",\"name\":\"SABRA - Sociedade Art\u00edstica Brasileira\",\"description\":\"Escola de M\u00fasica, Orquestra Sinf\u00f4nica, Coral e Patrim\u00f4nio Cultural e Hist\u00f3rico\",\"publisher\":{\"@id\":\"https:\\\/\\\/www.sabra.org.br\\\/site\\\/#organization\"},\"potentialAction\":[{\"@type\":\"SearchAction\",\"target\":{\"@type\":\"EntryPoint\",\"urlTemplate\":\"https:\\\/\\\/www.sabra.org.br\\\/site\\\/?s={search_term_string}\"},\"query-input\":{\"@type\":\"PropertyValueSpecification\",\"valueRequired\":true,\"valueName\":\"search_term_string\"}}],\"inLanguage\":\"pt-BR\"},{\"@type\":\"Organization\",\"@id\":\"https:\\\/\\\/www.sabra.org.br\\\/site\\\/#organization\",\"name\":\"SOCIEDADE ART\u00cdSTICA BRASILEIRA SABRA\",\"alternateName\":\"SABRA\",\"url\":\"https:\\\/\\\/www.sabra.org.br\\\/site\\\/\",\"logo\":{\"@type\":\"ImageObject\",\"inLanguage\":\"pt-BR\",\"@id\":\"https:\\\/\\\/www.sabra.org.br\\\/site\\\/#\\\/schema\\\/logo\\\/image\\\/\",\"url\":\"https:\\\/\\\/www.sabra.org.br\\\/site\\\/wp-content\\\/uploads\\\/2019\\\/06\\\/cropped-Logo_SABRA-Copia-1.webp\",\"contentUrl\":\"https:\\\/\\\/www.sabra.org.br\\\/site\\\/wp-content\\\/uploads\\\/2019\\\/06\\\/cropped-Logo_SABRA-Copia-1.webp\",\"width\":400,\"height\":128,\"caption\":\"SOCIEDADE ART\u00cdSTICA BRASILEIRA SABRA\"},\"image\":{\"@id\":\"https:\\\/\\\/www.sabra.org.br\\\/site\\\/#\\\/schema\\\/logo\\\/image\\\/\"},\"sameAs\":[\"https:\\\/\\\/www.facebook.com\\\/sabrabrasil\",\"https:\\\/\\\/x.com\\\/ContatoSabra\",\"https:\\\/\\\/www.instagram.com\\\/sabrabrasil\\\/\",\"https:\\\/\\\/www.linkedin.com\\\/company\\\/25002088\\\/\",\"https:\\\/\\\/br.pinterest.com\\\/sociedadeartisticabrasileira\\\/\",\"https:\\\/\\\/www.youtube.com\\\/c\\\/sabrabrasil\"]}]}<\/script>\n<!-- \/ Yoast SEO plugin. -->","yoast_head_json":{"title":"Grupos Art\u00edsticos - SABRA - Sociedade Art\u00edstica Brasileira","robots":{"index":"index","follow":"follow","max-snippet":"max-snippet:-1","max-image-preview":"max-image-preview:large","max-video-preview":"max-video-preview:-1"},"canonical":"https:\/\/www.sabra.org.br\/site\/gruposartisticos\/","og_locale":"pt_BR","og_type":"article","og_title":"Grupos Art\u00edsticos - SABRA - Sociedade Art\u00edstica Brasileira","og_description":"Dashboard contains all the overview !","og_url":"https:\/\/www.sabra.org.br\/site\/gruposartisticos\/","og_site_name":"SABRA - Sociedade Art\u00edstica Brasileira","article_publisher":"https:\/\/www.facebook.com\/sabrabrasil","article_modified_time":"2022-02-07T15:20:28+00:00","og_image":[{"url":"https:\/\/www.sabra.org.br\/site\/wp-content\/uploads\/2016\/08\/754A8081peq.jpg","type":"","width":"","height":""}],"twitter_card":"summary_large_image","twitter_site":"@ContatoSabra","twitter_misc":{"Est. tempo de leitura":"1 minuto"},"schema":{"@context":"https:\/\/schema.org","@graph":[{"@type":"WebPage","@id":"https:\/\/www.sabra.org.br\/site\/gruposartisticos\/","url":"https:\/\/www.sabra.org.br\/site\/gruposartisticos\/","name":"Grupos Art\u00edsticos - SABRA - Sociedade Art\u00edstica Brasileira","isPartOf":{"@id":"https:\/\/www.sabra.org.br\/site\/#website"},"primaryImageOfPage":{"@id":"https:\/\/www.sabra.org.br\/site\/gruposartisticos\/#primaryimage"},"image":{"@id":"https:\/\/www.sabra.org.br\/site\/gruposartisticos\/#primaryimage"},"thumbnailUrl":"https:\/\/www.sabra.org.br\/site\/wp-content\/uploads\/2016\/08\/754A8081peq.jpg","datePublished":"2019-06-20T10:36:03+00:00","dateModified":"2022-02-07T15:20:28+00:00","breadcrumb":{"@id":"https:\/\/www.sabra.org.br\/site\/gruposartisticos\/#breadcrumb"},"inLanguage":"pt-BR","potentialAction":[{"@type":"ReadAction","target":["https:\/\/www.sabra.org.br\/site\/gruposartisticos\/"]}]},{"@type":"ImageObject","inLanguage":"pt-BR","@id":"https:\/\/www.sabra.org.br\/site\/gruposartisticos\/#primaryimage","url":"https:\/\/www.sabra.org.br\/site\/wp-content\/uploads\/2016\/08\/754A8081peq.jpg","contentUrl":"https:\/\/www.sabra.org.br\/site\/wp-content\/uploads\/2016\/08\/754A8081peq.jpg","width":600,"height":400,"caption":"Orquestra Sinf\u00f4nica de Betim Coral Unimed-BH"},{"@type":"BreadcrumbList","@id":"https:\/\/www.sabra.org.br\/site\/gruposartisticos\/#breadcrumb","itemListElement":[{"@type":"ListItem","position":1,"name":"In\u00edcio","item":"https:\/\/www.sabra.org.br\/site\/"},{"@type":"ListItem","position":2,"name":"Grupos Art\u00edsticos"}]},{"@type":"WebSite","@id":"https:\/\/www.sabra.org.br\/site\/#website","url":"https:\/\/www.sabra.org.br\/site\/","name":"SABRA - Sociedade Art\u00edstica Brasileira","description":"Escola de M\u00fasica, Orquestra Sinf\u00f4nica, Coral e Patrim\u00f4nio Cultural e Hist\u00f3rico","publisher":{"@id":"https:\/\/www.sabra.org.br\/site\/#organization"},"potentialAction":[{"@type":"SearchAction","target":{"@type":"EntryPoint","urlTemplate":"https:\/\/www.sabra.org.br\/site\/?s={search_term_string}"},"query-input":{"@type":"PropertyValueSpecification","valueRequired":true,"valueName":"search_term_string"}}],"inLanguage":"pt-BR"},{"@type":"Organization","@id":"https:\/\/www.sabra.org.br\/site\/#organization","name":"SOCIEDADE ART\u00cdSTICA BRASILEIRA SABRA","alternateName":"SABRA","url":"https:\/\/www.sabra.org.br\/site\/","logo":{"@type":"ImageObject","inLanguage":"pt-BR","@id":"https:\/\/www.sabra.org.br\/site\/#\/schema\/logo\/image\/","url":"https:\/\/www.sabra.org.br\/site\/wp-content\/uploads\/2019\/06\/cropped-Logo_SABRA-Copia-1.webp","contentUrl":"https:\/\/www.sabra.org.br\/site\/wp-content\/uploads\/2019\/06\/cropped-Logo_SABRA-Copia-1.webp","width":400,"height":128,"caption":"SOCIEDADE ART\u00cdSTICA BRASILEIRA SABRA"},"image":{"@id":"https:\/\/www.sabra.org.br\/site\/#\/schema\/logo\/image\/"},"sameAs":["https:\/\/www.facebook.com\/sabrabrasil","https:\/\/x.com\/ContatoSabra","https:\/\/www.instagram.com\/sabrabrasil\/","https:\/\/www.linkedin.com\/company\/25002088\/","https:\/\/br.pinterest.com\/sociedadeartisticabrasileira\/","https:\/\/www.youtube.com\/c\/sabrabrasil"]}]}},"jetpack_shortlink":"https:\/\/wp.me\/P95j2Z-yO","jetpack-related-posts":[{"id":20,"url":"https:\/\/www.sabra.org.br\/site\/editais\/","url_meta":{"origin":2158,"position":0},"title":"Editais","author":"M\u00e1rcio Miranda Pontes","date":"24 de maio de 2016","format":false,"excerpt":"Editais Aqui voc\u00ea encontra informa\u00e7\u00f5es dos editais e sobre a inscri\u00e7\u00e3o em a\u00e7\u00f5es desenvolvidas pela SABRA. Editais 2026 \u00a0 EDITAL SABRA 001\/2026INSCRI\u00c7\u00c3O DE CANDIDATOS PARA O PREENCHIMENTO DE VAGAS NO PROJETO \"PLANO QUADRIENAL SABRA 2026-2029\" - PRONAC 254770subprojetos \u201cCurso de Musicaliza\u00e7\u00e3o e Curso de Coral Infantil\u201dClique aqui\u00a0 EDITAL SABRA 002\/2026SELE\u00c7\u00c3O\u2026","rel":"","context":"Post similar","block_context":{"text":"Post similar","link":""},"img":{"alt_text":"","src":"","width":0,"height":0},"classes":[]},{"id":437,"url":"https:\/\/www.sabra.org.br\/site\/acoes\/agenda\/","url_meta":{"origin":2158,"position":1},"title":"Agenda","author":"M\u00e1rcio Miranda Pontes","date":"21 de abril de 2017","format":false,"excerpt":"Agenda Cultural SABRA 2026 Atualiza\u00e7\u00e3o mensal dispon\u00edvel at\u00e9 o dia 15 do m\u00eas anterior \u00e0 programa\u00e7\u00e3o.Todas as atividades s\u00e3o gratuitas, com entrada sujeita \u00e0 lota\u00e7\u00e3o dos espa\u00e7os. Classifica\u00e7\u00e3o indicativa: Livre. MAR\u00c7O20 \u2013 M\u00fasica Viva \u2013 Orquestra Jovem Sabra\/Betim \u2013 CRAS Alterosas II \u2013 Rua Jamour, 81, Jardim Alterosas, Betim -\u2026","rel":"","context":"Post similar","block_context":{"text":"Post similar","link":""},"img":{"alt_text":"sabra-m\u00fasica-concerto-coral-betim-reg\u00eancia-unimed-bh-sinf\u00f4nica infantil-municipal-escolas-grupos-ponta-c\u00e2mara-did\u00e1tico-agenda","src":"https:\/\/i0.wp.com\/www.sabra.org.br\/site\/wp-content\/uploads\/2023\/09\/Capa-Agenda-scaled.webp?resize=350%2C200&ssl=1","width":350,"height":200,"srcset":"https:\/\/i0.wp.com\/www.sabra.org.br\/site\/wp-content\/uploads\/2023\/09\/Capa-Agenda-scaled.webp?resize=350%2C200&ssl=1 1x, https:\/\/i0.wp.com\/www.sabra.org.br\/site\/wp-content\/uploads\/2023\/09\/Capa-Agenda-scaled.webp?resize=525%2C300&ssl=1 1.5x, https:\/\/i0.wp.com\/www.sabra.org.br\/site\/wp-content\/uploads\/2023\/09\/Capa-Agenda-scaled.webp?resize=700%2C400&ssl=1 2x, https:\/\/i0.wp.com\/www.sabra.org.br\/site\/wp-content\/uploads\/2023\/09\/Capa-Agenda-scaled.webp?resize=1050%2C600&ssl=1 3x, https:\/\/i0.wp.com\/www.sabra.org.br\/site\/wp-content\/uploads\/2023\/09\/Capa-Agenda-scaled.webp?resize=1400%2C800&ssl=1 4x"},"classes":[]},{"id":70,"url":"https:\/\/www.sabra.org.br\/site\/gruposartisticos\/orquestra-sinfonica-de-betim\/","url_meta":{"origin":2158,"position":2},"title":"Orquestra Sinf\u00f4nica de Betim","author":"M\u00e1rcio Miranda Pontes","date":"4 de julho de 2016","format":false,"excerpt":"Orquestra Sinf\u00f4nica de Betim A Orquestra Sinf\u00f4nica de Betim teve o in\u00edcio de suas atividades em 2014 como uma Orquestra de C\u00e2mara, formada exclusivamente por instrumentos de corda. Em 2015 foram abertas vagas para os naipes de madeiras, metais e percuss\u00e3o, proporcionando a forma\u00e7\u00e3o sinf\u00f4nica. A iniciativa de constitui\u00e7\u00e3o da\u2026","rel":"","context":"Post similar","block_context":{"text":"Post similar","link":""},"img":{"alt_text":"acao-orquestra-betim","src":"https:\/\/i0.wp.com\/www.sabra.org.br\/site\/wp-content\/uploads\/2016\/07\/acao-orquestra-betim.jpg?resize=350%2C200","width":350,"height":200,"srcset":"https:\/\/i0.wp.com\/www.sabra.org.br\/site\/wp-content\/uploads\/2016\/07\/acao-orquestra-betim.jpg?resize=350%2C200 1x, https:\/\/i0.wp.com\/www.sabra.org.br\/site\/wp-content\/uploads\/2016\/07\/acao-orquestra-betim.jpg?resize=525%2C300 1.5x"},"classes":[]},{"id":1682,"url":"https:\/\/www.sabra.org.br\/site\/acoes\/escola-de-musica\/formacao-de-plateia\/","url_meta":{"origin":2158,"position":3},"title":"Forma\u00e7\u00e3o de Plateia","author":"M\u00e1rcio Miranda Pontes","date":"16 de janeiro de 2019","format":false,"excerpt":"Palestras em escolas p\u00fablicas municipais de Betim e concertos did\u00e1ticos s\u00e3o as principais a\u00e7\u00f5es da SABRA na forma\u00e7\u00e3o de plateia.","rel":"","context":"Post similar","block_context":{"text":"Post similar","link":""},"img":{"alt_text":"Forma\u00e7\u00e3o de plateia","src":"https:\/\/i0.wp.com\/www.sabra.org.br\/site\/wp-content\/uploads\/2017\/05\/IMG_0910.jpg?resize=350%2C200&ssl=1","width":350,"height":200,"srcset":"https:\/\/i0.wp.com\/www.sabra.org.br\/site\/wp-content\/uploads\/2017\/05\/IMG_0910.jpg?resize=350%2C200&ssl=1 1x, https:\/\/i0.wp.com\/www.sabra.org.br\/site\/wp-content\/uploads\/2017\/05\/IMG_0910.jpg?resize=525%2C300&ssl=1 1.5x, https:\/\/i0.wp.com\/www.sabra.org.br\/site\/wp-content\/uploads\/2017\/05\/IMG_0910.jpg?resize=700%2C400&ssl=1 2x, https:\/\/i0.wp.com\/www.sabra.org.br\/site\/wp-content\/uploads\/2017\/05\/IMG_0910.jpg?resize=1050%2C600&ssl=1 3x, https:\/\/i0.wp.com\/www.sabra.org.br\/site\/wp-content\/uploads\/2017\/05\/IMG_0910.jpg?resize=1400%2C800&ssl=1 4x"},"classes":[]},{"id":1326,"url":"https:\/\/www.sabra.org.br\/site\/galeria\/","url_meta":{"origin":2158,"position":4},"title":"Galeria","author":"M\u00e1rcio Miranda Pontes","date":"4 de agosto de 2018","format":false,"excerpt":"\u00a0 https:\/\/goo.gl\/S4jkC7 https:\/\/www.facebook.com\/sabrabrasil\/posts\/2334274979917830 https:\/\/www.facebook.com\/sabrabrasil\/posts\/2175207792491217 https:\/\/www.facebook.com\/sabrabrasil\/posts\/2133347373343926 https:\/\/goo.gl\/hNA4Tk https:\/\/www.facebook.com\/sabrabrasil\/posts\/2334316766580318 https:\/\/www.facebook.com\/sabrabrasil\/posts\/2334336653244996 https:\/\/www.facebook.com\/sabrabrasil\/posts\/2334338489911479 https:\/\/www.facebook.com\/sabrabrasil\/posts\/2334339536578041 https:\/\/www.facebook.com\/sabrabrasil\/posts\/2334354943243167 https:\/\/www.facebook.com\/sabrabrasil\/posts\/2334355999909728 https:\/\/www.facebook.com\/sabrabrasil\/posts\/2334357129909615 \u00a0 https:\/\/www.facebook.com\/sabrabrasil\/posts\/3585549758123673 https:\/\/www.facebook.com\/sabrabrasil\/posts\/2333884603290201 https:\/\/www.facebook.com\/sabrabrasil\/posts\/2146611285350868 https:\/\/www.facebook.com\/sabrabrasil\/posts\/2333822433296418 https:\/\/www.facebook.com\/sabrabrasil\/posts\/2333837079961620 https:\/\/www.facebook.com\/sabrabrasil\/posts\/2333938849951443 https:\/\/www.facebook.com\/sabrabrasil\/posts\/2334291086582886 Minist\u00e9rio da Cultura, Instituto Unimed-BH e SADA Transportes apresentam:PRIMEIRO ENSAIO OFICIAL DA ORQUESTRA INFANTO JUVENIL DE BETIM - Dia 06\/09\/2018 - Turmas manh\u00e3 e tarde.Estreia da nova Orquestra no\u2026","rel":"","context":"Post similar","block_context":{"text":"Post similar","link":""},"img":{"alt_text":"","src":"","width":0,"height":0},"classes":[]},{"id":18,"url":"https:\/\/www.sabra.org.br\/site\/acoes\/","url_meta":{"origin":2158,"position":5},"title":"A\u00e7\u00f5es","author":"M\u00e1rcio Miranda Pontes","date":"24 de maio de 2016","format":false,"excerpt":"A\u00e7\u00f5es da SABRA Com o intuito de fomentar a cria\u00e7\u00e3o, instala\u00e7\u00e3o, manuten\u00e7\u00e3o e desenvolvimento de programas e projetos de natureza art\u00edstica, cultural e social, a SABRA desenvolve e apoia v\u00e1rias a\u00e7\u00f5es. Conhe\u00e7a cada uma delas. Agenda Corais Coro e Orquestra de C\u00e2mara Edi\u00e7\u00e3o de Manuscritos Musicais Escola de M\u00fasica SABRA\u2026","rel":"","context":"Post similar","block_context":{"text":"Post similar","link":""},"img":{"alt_text":"","src":"","width":0,"height":0},"classes":[]}],"jetpack_likes_enabled":true,"jetpack_sharing_enabled":true,"_links":{"self":[{"href":"https:\/\/www.sabra.org.br\/site\/wp-json\/wp\/v2\/pages\/2158","targetHints":{"allow":["GET"]}}],"collection":[{"href":"https:\/\/www.sabra.org.br\/site\/wp-json\/wp\/v2\/pages"}],"about":[{"href":"https:\/\/www.sabra.org.br\/site\/wp-json\/wp\/v2\/types\/page"}],"author":[{"embeddable":true,"href":"https:\/\/www.sabra.org.br\/site\/wp-json\/wp\/v2\/users\/39"}],"replies":[{"embeddable":true,"href":"https:\/\/www.sabra.org.br\/site\/wp-json\/wp\/v2\/comments?post=2158"}],"version-history":[{"count":0,"href":"https:\/\/www.sabra.org.br\/site\/wp-json\/wp\/v2\/pages\/2158\/revisions"}],"wp:attachment":[{"href":"https:\/\/www.sabra.org.br\/site\/wp-json\/wp\/v2\/media?parent=2158"}],"curies":[{"name":"wp","href":"https:\/\/api.w.org\/{rel}","templated":true}]}}