{"id":32,"date":"2016-05-24T14:31:55","date_gmt":"2016-05-24T17:31:55","guid":{"rendered":"http:\/\/www.sabra.org.br\/site\/?page_id=32"},"modified":"2025-09-15T19:16:02","modified_gmt":"2025-09-15T22:16:02","slug":"contato","status":"publish","type":"page","link":"https:\/\/www.sabra.org.br\/site\/contato\/","title":{"rendered":"Contato"},"content":{"rendered":"<h2>Contato<\/h2>\n<h3>Sociedade Art\u00edstica Brasileira &#8211; SABRA<\/h3>\n<p>Pra\u00e7a Milton Campos, 28<br \/>\nCentro<br \/>\nBetim &#8211; MG<br \/>\nCep: 32600-134<\/p>\n<p>Telefone, WhatsApp Betim: +55 (31) 98405-3837<br \/>\nWhatsApp Contagem: +55 (31) 98405-4021<br \/>\nE-mail: contato @sabra.org.br<\/p>\n<div class=\"gsp_post_data\" \r\n\t            data-post_type=\"page\" \r\n\t            data-cat=\"\" \r\n\t            data-modified=\"120\"\r\n\t            data-created=\"1464100315\"\r\n\t            data-title=\"Contato\" \r\n\t            data-home=\"https:\/\/www.sabra.org.br\/site\"><\/div>","protected":false},"excerpt":{"rendered":"<p>Contato Sociedade Art\u00edstica Brasileira &#8211; SABRA Pra\u00e7a Milton Campos, 28 Centro Betim &#8211; MG Cep: 32600-134 Telefone, WhatsApp Betim: +55 (31) 98405-3837 WhatsApp Contagem: +55&hellip;<\/p>\n","protected":false},"author":39,"featured_media":0,"parent":0,"menu_order":0,"comment_status":"closed","ping_status":"closed","template":"","meta":{"jetpack_post_was_ever_published":false,"footnotes":""},"class_list":["post-32","page","type-page","status-publish","hentry"],"yoast_head":"<!-- This site is optimized with the Yoast SEO plugin v27.3 - https:\/\/yoast.com\/product\/yoast-seo-wordpress\/ -->\n<title>Contato - SABRA - Sociedade Art\u00edstica Brasileira<\/title>\n<meta name=\"robots\" content=\"index, follow, max-snippet:-1, max-image-preview:large, max-video-preview:-1\" \/>\n<link rel=\"canonical\" href=\"https:\/\/www.sabra.org.br\/site\/contato\/\" \/>\n<meta property=\"og:locale\" content=\"pt_BR\" \/>\n<meta property=\"og:type\" content=\"article\" \/>\n<meta property=\"og:title\" content=\"Contato - SABRA - Sociedade Art\u00edstica Brasileira\" \/>\n<meta property=\"og:description\" content=\"Contato Sociedade Art\u00edstica Brasileira &#8211; SABRA Pra\u00e7a Milton Campos, 28 Centro Betim &#8211; MG Cep: 32600-134 Telefone, WhatsApp Betim: +55 (31) 98405-3837 WhatsApp Contagem: +55&hellip;\" \/>\n<meta property=\"og:url\" content=\"https:\/\/www.sabra.org.br\/site\/contato\/\" \/>\n<meta property=\"og:site_name\" content=\"SABRA - Sociedade Art\u00edstica Brasileira\" \/>\n<meta property=\"article:publisher\" content=\"https:\/\/www.facebook.com\/sabrabrasil\" \/>\n<meta property=\"article:modified_time\" content=\"2025-09-15T22:16:02+00:00\" \/>\n<meta property=\"og:image\" content=\"https:\/\/www.sabra.org.br\/site\/wp-content\/uploads\/2021\/12\/AvatarSabra1.jpg\" \/>\n\t<meta property=\"og:image:width\" content=\"200\" \/>\n\t<meta property=\"og:image:height\" content=\"200\" \/>\n\t<meta property=\"og:image:type\" content=\"image\/jpeg\" \/>\n<meta name=\"twitter:card\" content=\"summary_large_image\" \/>\n<meta name=\"twitter:site\" content=\"@ContatoSabra\" \/>\n<meta name=\"twitter:label1\" content=\"Est. tempo de leitura\" \/>\n\t<meta name=\"twitter:data1\" content=\"1 minuto\" \/>\n<script type=\"application\/ld+json\" class=\"yoast-schema-graph\">{\"@context\":\"https:\\\/\\\/schema.org\",\"@graph\":[{\"@type\":\"WebPage\",\"@id\":\"https:\\\/\\\/www.sabra.org.br\\\/site\\\/contato\\\/\",\"url\":\"https:\\\/\\\/www.sabra.org.br\\\/site\\\/contato\\\/\",\"name\":\"Contato - SABRA - Sociedade Art\u00edstica Brasileira\",\"isPartOf\":{\"@id\":\"https:\\\/\\\/www.sabra.org.br\\\/site\\\/#website\"},\"datePublished\":\"2016-05-24T17:31:55+00:00\",\"dateModified\":\"2025-09-15T22:16:02+00:00\",\"breadcrumb\":{\"@id\":\"https:\\\/\\\/www.sabra.org.br\\\/site\\\/contato\\\/#breadcrumb\"},\"inLanguage\":\"pt-BR\",\"potentialAction\":[{\"@type\":\"ReadAction\",\"target\":[\"https:\\\/\\\/www.sabra.org.br\\\/site\\\/contato\\\/\"]}]},{\"@type\":\"BreadcrumbList\",\"@id\":\"https:\\\/\\\/www.sabra.org.br\\\/site\\\/contato\\\/#breadcrumb\",\"itemListElement\":[{\"@type\":\"ListItem\",\"position\":1,\"name\":\"In\u00edcio\",\"item\":\"https:\\\/\\\/www.sabra.org.br\\\/site\\\/\"},{\"@type\":\"ListItem\",\"position\":2,\"name\":\"Contato\"}]},{\"@type\":\"WebSite\",\"@id\":\"https:\\\/\\\/www.sabra.org.br\\\/site\\\/#website\",\"url\":\"https:\\\/\\\/www.sabra.org.br\\\/site\\\/\",\"name\":\"SABRA - Sociedade Art\u00edstica Brasileira\",\"description\":\"Escola de M\u00fasica, Orquestra Sinf\u00f4nica, Coral e Patrim\u00f4nio Cultural e Hist\u00f3rico\",\"publisher\":{\"@id\":\"https:\\\/\\\/www.sabra.org.br\\\/site\\\/#organization\"},\"potentialAction\":[{\"@type\":\"SearchAction\",\"target\":{\"@type\":\"EntryPoint\",\"urlTemplate\":\"https:\\\/\\\/www.sabra.org.br\\\/site\\\/?s={search_term_string}\"},\"query-input\":{\"@type\":\"PropertyValueSpecification\",\"valueRequired\":true,\"valueName\":\"search_term_string\"}}],\"inLanguage\":\"pt-BR\"},{\"@type\":\"Organization\",\"@id\":\"https:\\\/\\\/www.sabra.org.br\\\/site\\\/#organization\",\"name\":\"SOCIEDADE ART\u00cdSTICA BRASILEIRA SABRA\",\"alternateName\":\"SABRA\",\"url\":\"https:\\\/\\\/www.sabra.org.br\\\/site\\\/\",\"logo\":{\"@type\":\"ImageObject\",\"inLanguage\":\"pt-BR\",\"@id\":\"https:\\\/\\\/www.sabra.org.br\\\/site\\\/#\\\/schema\\\/logo\\\/image\\\/\",\"url\":\"https:\\\/\\\/www.sabra.org.br\\\/site\\\/wp-content\\\/uploads\\\/2019\\\/06\\\/cropped-Logo_SABRA-Copia-1.webp\",\"contentUrl\":\"https:\\\/\\\/www.sabra.org.br\\\/site\\\/wp-content\\\/uploads\\\/2019\\\/06\\\/cropped-Logo_SABRA-Copia-1.webp\",\"width\":400,\"height\":128,\"caption\":\"SOCIEDADE ART\u00cdSTICA BRASILEIRA SABRA\"},\"image\":{\"@id\":\"https:\\\/\\\/www.sabra.org.br\\\/site\\\/#\\\/schema\\\/logo\\\/image\\\/\"},\"sameAs\":[\"https:\\\/\\\/www.facebook.com\\\/sabrabrasil\",\"https:\\\/\\\/x.com\\\/ContatoSabra\",\"https:\\\/\\\/www.instagram.com\\\/sabrabrasil\\\/\",\"https:\\\/\\\/www.linkedin.com\\\/company\\\/25002088\\\/\",\"https:\\\/\\\/br.pinterest.com\\\/sociedadeartisticabrasileira\\\/\",\"https:\\\/\\\/www.youtube.com\\\/c\\\/sabrabrasil\"]}]}<\/script>\n<!-- \/ Yoast SEO plugin. -->","yoast_head_json":{"title":"Contato - SABRA - Sociedade Art\u00edstica Brasileira","robots":{"index":"index","follow":"follow","max-snippet":"max-snippet:-1","max-image-preview":"max-image-preview:large","max-video-preview":"max-video-preview:-1"},"canonical":"https:\/\/www.sabra.org.br\/site\/contato\/","og_locale":"pt_BR","og_type":"article","og_title":"Contato - SABRA - Sociedade Art\u00edstica Brasileira","og_description":"Contato Sociedade Art\u00edstica Brasileira &#8211; SABRA Pra\u00e7a Milton Campos, 28 Centro Betim &#8211; MG Cep: 32600-134 Telefone, WhatsApp Betim: +55 (31) 98405-3837 WhatsApp Contagem: +55&hellip;","og_url":"https:\/\/www.sabra.org.br\/site\/contato\/","og_site_name":"SABRA - Sociedade Art\u00edstica Brasileira","article_publisher":"https:\/\/www.facebook.com\/sabrabrasil","article_modified_time":"2025-09-15T22:16:02+00:00","og_image":[{"width":200,"height":200,"url":"https:\/\/www.sabra.org.br\/site\/wp-content\/uploads\/2021\/12\/AvatarSabra1.jpg","type":"image\/jpeg"}],"twitter_card":"summary_large_image","twitter_site":"@ContatoSabra","twitter_misc":{"Est. tempo de leitura":"1 minuto"},"schema":{"@context":"https:\/\/schema.org","@graph":[{"@type":"WebPage","@id":"https:\/\/www.sabra.org.br\/site\/contato\/","url":"https:\/\/www.sabra.org.br\/site\/contato\/","name":"Contato - SABRA - Sociedade Art\u00edstica Brasileira","isPartOf":{"@id":"https:\/\/www.sabra.org.br\/site\/#website"},"datePublished":"2016-05-24T17:31:55+00:00","dateModified":"2025-09-15T22:16:02+00:00","breadcrumb":{"@id":"https:\/\/www.sabra.org.br\/site\/contato\/#breadcrumb"},"inLanguage":"pt-BR","potentialAction":[{"@type":"ReadAction","target":["https:\/\/www.sabra.org.br\/site\/contato\/"]}]},{"@type":"BreadcrumbList","@id":"https:\/\/www.sabra.org.br\/site\/contato\/#breadcrumb","itemListElement":[{"@type":"ListItem","position":1,"name":"In\u00edcio","item":"https:\/\/www.sabra.org.br\/site\/"},{"@type":"ListItem","position":2,"name":"Contato"}]},{"@type":"WebSite","@id":"https:\/\/www.sabra.org.br\/site\/#website","url":"https:\/\/www.sabra.org.br\/site\/","name":"SABRA - Sociedade Art\u00edstica Brasileira","description":"Escola de M\u00fasica, Orquestra Sinf\u00f4nica, Coral e Patrim\u00f4nio Cultural e Hist\u00f3rico","publisher":{"@id":"https:\/\/www.sabra.org.br\/site\/#organization"},"potentialAction":[{"@type":"SearchAction","target":{"@type":"EntryPoint","urlTemplate":"https:\/\/www.sabra.org.br\/site\/?s={search_term_string}"},"query-input":{"@type":"PropertyValueSpecification","valueRequired":true,"valueName":"search_term_string"}}],"inLanguage":"pt-BR"},{"@type":"Organization","@id":"https:\/\/www.sabra.org.br\/site\/#organization","name":"SOCIEDADE ART\u00cdSTICA BRASILEIRA SABRA","alternateName":"SABRA","url":"https:\/\/www.sabra.org.br\/site\/","logo":{"@type":"ImageObject","inLanguage":"pt-BR","@id":"https:\/\/www.sabra.org.br\/site\/#\/schema\/logo\/image\/","url":"https:\/\/www.sabra.org.br\/site\/wp-content\/uploads\/2019\/06\/cropped-Logo_SABRA-Copia-1.webp","contentUrl":"https:\/\/www.sabra.org.br\/site\/wp-content\/uploads\/2019\/06\/cropped-Logo_SABRA-Copia-1.webp","width":400,"height":128,"caption":"SOCIEDADE ART\u00cdSTICA BRASILEIRA SABRA"},"image":{"@id":"https:\/\/www.sabra.org.br\/site\/#\/schema\/logo\/image\/"},"sameAs":["https:\/\/www.facebook.com\/sabrabrasil","https:\/\/x.com\/ContatoSabra","https:\/\/www.instagram.com\/sabrabrasil\/","https:\/\/www.linkedin.com\/company\/25002088\/","https:\/\/br.pinterest.com\/sociedadeartisticabrasileira\/","https:\/\/www.youtube.com\/c\/sabrabrasil"]}]}},"jetpack_shortlink":"https:\/\/wp.me\/P95j2Z-w","jetpack-related-posts":[{"id":72,"url":"https:\/\/www.sabra.org.br\/site\/gruposartisticos\/corais\/","url_meta":{"origin":32,"position":0},"title":"Corais","author":"M\u00e1rcio Miranda Pontes","date":"4 de julho de 2016","format":false,"excerpt":"Corais O Canto Coral proporciona diversos benef\u00edcios aos praticantes. Seja em escolas, institui\u00e7\u00f5es culturais, igrejas ou empresas auxilia no desenvolvimento cultural, humano, social e econ\u00f4mico. Contribui para a integra\u00e7\u00e3o entre participantes e para a promo\u00e7\u00e3o da sa\u00fade, por meio de uma atividade art\u00edstica que proporciona cultura e lazer \u00e0 comunidade.\u2026","rel":"","context":"Post similar","block_context":{"text":"Post similar","link":""},"img":{"alt_text":"Coral Infantil Credicom","src":"https:\/\/i0.wp.com\/www.sabra.org.br\/site\/wp-content\/uploads\/2019\/05\/credicom.jpg?resize=350%2C200&ssl=1","width":350,"height":200},"classes":[]},{"id":70,"url":"https:\/\/www.sabra.org.br\/site\/gruposartisticos\/orquestra-sinfonica-de-betim\/","url_meta":{"origin":32,"position":1},"title":"Orquestra Sinf\u00f4nica de Betim","author":"M\u00e1rcio Miranda Pontes","date":"4 de julho de 2016","format":false,"excerpt":"Orquestra Sinf\u00f4nica de Betim A Orquestra Sinf\u00f4nica de Betim teve o in\u00edcio de suas atividades em 2014 como uma Orquestra de C\u00e2mara, formada exclusivamente por instrumentos de corda. Em 2015 foram abertas vagas para os naipes de madeiras, metais e percuss\u00e3o, proporcionando a forma\u00e7\u00e3o sinf\u00f4nica. A iniciativa de constitui\u00e7\u00e3o da\u2026","rel":"","context":"Post similar","block_context":{"text":"Post similar","link":""},"img":{"alt_text":"acao-orquestra-betim","src":"https:\/\/i0.wp.com\/www.sabra.org.br\/site\/wp-content\/uploads\/2016\/07\/acao-orquestra-betim.jpg?resize=350%2C200","width":350,"height":200,"srcset":"https:\/\/i0.wp.com\/www.sabra.org.br\/site\/wp-content\/uploads\/2016\/07\/acao-orquestra-betim.jpg?resize=350%2C200 1x, https:\/\/i0.wp.com\/www.sabra.org.br\/site\/wp-content\/uploads\/2016\/07\/acao-orquestra-betim.jpg?resize=525%2C300 1.5x"},"classes":[]},{"id":26,"url":"https:\/\/www.sabra.org.br\/site\/transparencia\/","url_meta":{"origin":32,"position":2},"title":"Transpar\u00eancia","author":"M\u00e1rcio Miranda Pontes","date":"24 de maio de 2016","format":false,"excerpt":"Transpar\u00eancia T\u00edtulos e registros CEBAS - Certifica\u00e7\u00e3o de Entidade Beneficente de Assist\u00eancia Social CNEAS - Cadastro Nacional de Entidades de Assist\u00eancia Social CMDCA - Conselho Municipal da Crian\u00e7a e do Adolescente de Betim CMAS - Conselho Municipal de Assist\u00eancia Social de Betim \u00a0 Institui\u00e7\u00f5es da Administra\u00e7\u00e3o P\u00fablica parceiras Como parte\u2026","rel":"","context":"Post similar","block_context":{"text":"Post similar","link":""},"img":{"alt_text":"","src":"","width":0,"height":0},"classes":[]},{"id":13,"url":"https:\/\/www.sabra.org.br\/site\/","url_meta":{"origin":32,"position":3},"title":"Sociedade Art\u00edstica Brasileira &#8211; SABRA","author":"M\u00e1rcio Miranda Pontes","date":"23 de maio de 2016","format":false,"excerpt":"Promover a inclus\u00e3o e integra\u00e7\u00e3o social e a preserva\u00e7\u00e3o do patrim\u00f4nio cultural brasileiro de forma gratuita e continuada.","rel":"","context":"Post similar","block_context":{"text":"Post similar","link":""},"img":{"alt_text":"escola-m\u00fasica-sabra-audi\u00e7\u00e3o-irpf","src":"https:\/\/i0.wp.com\/www.sabra.org.br\/site\/wp-content\/uploads\/2024\/12\/audicao-alunos.jpg?resize=350%2C200&ssl=1","width":350,"height":200,"srcset":"https:\/\/i0.wp.com\/www.sabra.org.br\/site\/wp-content\/uploads\/2024\/12\/audicao-alunos.jpg?resize=350%2C200&ssl=1 1x, https:\/\/i0.wp.com\/www.sabra.org.br\/site\/wp-content\/uploads\/2024\/12\/audicao-alunos.jpg?resize=525%2C300&ssl=1 1.5x, https:\/\/i0.wp.com\/www.sabra.org.br\/site\/wp-content\/uploads\/2024\/12\/audicao-alunos.jpg?resize=700%2C400&ssl=1 2x"},"classes":[]},{"id":24,"url":"https:\/\/www.sabra.org.br\/site\/doe-agora\/","url_meta":{"origin":32,"position":4},"title":"Doe agora","author":"M\u00e1rcio Miranda Pontes","date":"24 de maio de 2016","format":false,"excerpt":"Ajude a Sabra com a Lei de Incentivo \u00e0 Cultura. Um destino certo para parte do seu Imposto de Renda! Quer apoiar nosso \"Plano Quadrienal Sabra 2026-2029\"\u00a0e ainda abater parte do seu Imposto de Renda? \u00c9 poss\u00edvel com a Lei Federal de Incentivo \u00e0 Cultura! Como funciona o benef\u00edcio fiscal?\u2026","rel":"","context":"Post similar","block_context":{"text":"Post similar","link":""},"img":{"alt_text":"","src":"https:\/\/i0.wp.com\/www.sabra.org.br\/site\/wp-content\/uploads\/2021\/04\/clock_hour_minute_second_time_timer_watch_icon_123193.png?resize=350%2C200&ssl=1","width":350,"height":200},"classes":[]},{"id":3030,"url":"https:\/\/www.sabra.org.br\/site\/acoes\/escola-de-musica\/video-aulas\/","url_meta":{"origin":32,"position":5},"title":"V\u00eddeo aulas","author":"M\u00e1rcio Miranda Pontes","date":"25 de agosto de 2020","format":false,"excerpt":"V\u00eddeo aulas gratuitas de m\u00fasica para iniciantes. Projeto realizado com recursos da Lei Federal de Incentivo \u00e0 Cultura - \"Plano Bianual SABRA 2020-2021\" PRONAC 192960 - Patroc\u00ednio Master: Instituto Unimed-BH - Patroc\u00ednio: Vallourec - Apoio: Sicoob Credicom, Secretaria Municipal de Educa\u00e7\u00e3o de Betim, Secretaria Municipal de Educa\u00e7\u00e3o de Nova Lima,\u2026","rel":"","context":"Post similar","block_context":{"text":"Post similar","link":""},"img":{"alt_text":"","src":"https:\/\/i0.wp.com\/www.sabra.org.br\/site\/wp-content\/uploads\/2024\/10\/AssinaturaVideoAulas.jpg?resize=350%2C200&ssl=1","width":350,"height":200,"srcset":"https:\/\/i0.wp.com\/www.sabra.org.br\/site\/wp-content\/uploads\/2024\/10\/AssinaturaVideoAulas.jpg?resize=350%2C200&ssl=1 1x, https:\/\/i0.wp.com\/www.sabra.org.br\/site\/wp-content\/uploads\/2024\/10\/AssinaturaVideoAulas.jpg?resize=525%2C300&ssl=1 1.5x, https:\/\/i0.wp.com\/www.sabra.org.br\/site\/wp-content\/uploads\/2024\/10\/AssinaturaVideoAulas.jpg?resize=700%2C400&ssl=1 2x, https:\/\/i0.wp.com\/www.sabra.org.br\/site\/wp-content\/uploads\/2024\/10\/AssinaturaVideoAulas.jpg?resize=1050%2C600&ssl=1 3x, https:\/\/i0.wp.com\/www.sabra.org.br\/site\/wp-content\/uploads\/2024\/10\/AssinaturaVideoAulas.jpg?resize=1400%2C800&ssl=1 4x"},"classes":[]}],"jetpack_likes_enabled":true,"jetpack_sharing_enabled":true,"_links":{"self":[{"href":"https:\/\/www.sabra.org.br\/site\/wp-json\/wp\/v2\/pages\/32","targetHints":{"allow":["GET"]}}],"collection":[{"href":"https:\/\/www.sabra.org.br\/site\/wp-json\/wp\/v2\/pages"}],"about":[{"href":"https:\/\/www.sabra.org.br\/site\/wp-json\/wp\/v2\/types\/page"}],"author":[{"embeddable":true,"href":"https:\/\/www.sabra.org.br\/site\/wp-json\/wp\/v2\/users\/39"}],"replies":[{"embeddable":true,"href":"https:\/\/www.sabra.org.br\/site\/wp-json\/wp\/v2\/comments?post=32"}],"version-history":[{"count":0,"href":"https:\/\/www.sabra.org.br\/site\/wp-json\/wp\/v2\/pages\/32\/revisions"}],"wp:attachment":[{"href":"https:\/\/www.sabra.org.br\/site\/wp-json\/wp\/v2\/media?parent=32"}],"curies":[{"name":"wp","href":"https:\/\/api.w.org\/{rel}","templated":true}]}}