{"id":4582,"date":"2022-01-06T11:13:36","date_gmt":"2022-01-06T14:13:36","guid":{"rendered":"https:\/\/www.sabra.org.br\/site\/?page_id=4582"},"modified":"2026-05-13T13:14:54","modified_gmt":"2026-05-13T16:14:54","slug":"a-despedida","status":"publish","type":"page","link":"https:\/\/www.sabra.org.br\/site\/acoes\/patrimoniohistorico\/edicao-de-manuscritos-musicais\/a-despedida\/","title":{"rendered":"A Despedida"},"content":{"rendered":"<p style=\"text-align: center;\"><strong>A Despedida<\/strong><br \/>\n<strong>Lib\u00e9rio Ant\u00f4nio Silva Guimar\u00e3es<\/strong><\/p>\n<p style=\"text-align: center;\"><span style=\"color: #808000;\"><strong>Download:<\/strong><\/span><br \/>\n<a href=\"https:\/\/www.sabra.org.br\/site\/wp-content\/uploads\/2022\/12\/despedidaFINAL.pdf\" target=\"_blank\" rel=\"noopener\">Partitura<\/a>\u00a0 \u00a0 \u00a0 \u00a0 \u00a0 <a href=\"https:\/\/www.sabra.org.br\/site\/wp-content\/uploads\/2022\/12\/A-Despedida-partes.pdf\" target=\"_blank\" rel=\"noopener\">Partes instrumentais<\/a><\/p>\n<p style=\"text-align: center;\"><span style=\"color: #808000;\"><strong>Informa\u00e7\u00e3o Geral<\/strong><\/span><\/p>\n<p><strong>Clave\/tom<\/strong>: D maior<\/p>\n<p><strong>Movimentos\/Se\u00e7\u00f5es<\/strong>: 3<\/p>\n<p><strong>Dura\u00e7\u00e3o m\u00e9dia<\/strong>:\u00a0 10 minutos<\/p>\n<p><strong>Estilo da obra<\/strong>: Cl\u00e1ssica<\/p>\n<p><strong>Instrumenta\u00e7\u00e3o<\/strong>: 2 clarineta (Bb), 2 trompetes (Bb), 1 trombone, 1 oficleide, 2 violinos e violoncelos<\/p>\n<p><strong>G\u00eanero<\/strong>: M\u00fasica de c\u00e2mera; orquestra; partitura com orquestra;\u00a0 ( Chamber music; orchestra; Scores featuring the orchestra;)<\/p>\n<p><strong>Primeira publica\u00e7\u00e3o<\/strong>: 2008<\/p>\n<p><strong>Informa\u00e7\u00e3o da editora<\/strong>: Belo Horizonte: Editora Pontes\/MG<\/p>\n<p><strong>Editor<\/strong>: Marcio Miranda Pontes<\/p>\n<p><strong>Direitos autorais<\/strong>: Creative Commons Attribution-NonCommercial 4.0 International (CC BY-NC 4.0)<\/p>\n","protected":false},"excerpt":{"rendered":"<p>A Despedida Lib\u00e9rio Ant\u00f4nio Silva Guimar\u00e3es Download: Partitura\u00a0 \u00a0 \u00a0 \u00a0 \u00a0 Partes instrumentais Informa\u00e7\u00e3o Geral Clave\/tom: D maior Movimentos\/Se\u00e7\u00f5es: 3 Dura\u00e7\u00e3o m\u00e9dia:\u00a0 10 minutos&hellip;<\/p>\n","protected":false},"author":39,"featured_media":0,"parent":74,"menu_order":0,"comment_status":"closed","ping_status":"closed","template":"","meta":{"footnotes":""},"class_list":["post-4582","page","type-page","status-publish","hentry"],"yoast_head":"<!-- This site is optimized with the Yoast SEO plugin v27.6 - https:\/\/yoast.com\/product\/yoast-seo-wordpress\/ -->\n<title>A Despedida - SABRA - Sociedade Art\u00edstica Brasileira<\/title>\n<meta name=\"robots\" content=\"index, follow, max-snippet:-1, max-image-preview:large, max-video-preview:-1\" \/>\n<link rel=\"canonical\" href=\"https:\/\/www.sabra.org.br\/site\/acoes\/patrimoniohistorico\/edicao-de-manuscritos-musicais\/a-despedida\/\" \/>\n<meta property=\"og:locale\" content=\"pt_BR\" \/>\n<meta property=\"og:type\" content=\"article\" \/>\n<meta property=\"og:title\" content=\"A Despedida - SABRA - Sociedade Art\u00edstica Brasileira\" \/>\n<meta property=\"og:description\" content=\"A Despedida Lib\u00e9rio Ant\u00f4nio Silva Guimar\u00e3es Download: Partitura\u00a0 \u00a0 \u00a0 \u00a0 \u00a0 Partes instrumentais Informa\u00e7\u00e3o Geral Clave\/tom: D maior Movimentos\/Se\u00e7\u00f5es: 3 Dura\u00e7\u00e3o m\u00e9dia:\u00a0 10 minutos&hellip;\" \/>\n<meta property=\"og:url\" content=\"https:\/\/www.sabra.org.br\/site\/acoes\/patrimoniohistorico\/edicao-de-manuscritos-musicais\/a-despedida\/\" \/>\n<meta property=\"og:site_name\" content=\"SABRA - Sociedade Art\u00edstica Brasileira\" \/>\n<meta property=\"article:publisher\" content=\"https:\/\/www.facebook.com\/sabrabrasil\" \/>\n<meta property=\"article:modified_time\" content=\"2026-05-13T16:14:54+00:00\" \/>\n<meta property=\"og:image\" content=\"https:\/\/www.sabra.org.br\/site\/wp-content\/uploads\/2021\/12\/AvatarSabra1.jpg\" \/>\n\t<meta property=\"og:image:width\" content=\"200\" \/>\n\t<meta property=\"og:image:height\" content=\"200\" \/>\n\t<meta property=\"og:image:type\" content=\"image\/jpeg\" \/>\n<meta name=\"twitter:card\" content=\"summary_large_image\" \/>\n<meta name=\"twitter:site\" content=\"@ContatoSabra\" \/>\n<meta name=\"twitter:label1\" content=\"Est. tempo de leitura\" \/>\n\t<meta name=\"twitter:data1\" content=\"1 minuto\" \/>\n<script type=\"application\/ld+json\" class=\"yoast-schema-graph\">{\"@context\":\"https:\\\/\\\/schema.org\",\"@graph\":[{\"@type\":\"WebPage\",\"@id\":\"https:\\\/\\\/www.sabra.org.br\\\/site\\\/acoes\\\/patrimoniohistorico\\\/edicao-de-manuscritos-musicais\\\/a-despedida\\\/\",\"url\":\"https:\\\/\\\/www.sabra.org.br\\\/site\\\/acoes\\\/patrimoniohistorico\\\/edicao-de-manuscritos-musicais\\\/a-despedida\\\/\",\"name\":\"A Despedida - SABRA - Sociedade Art\u00edstica Brasileira\",\"isPartOf\":{\"@id\":\"https:\\\/\\\/www.sabra.org.br\\\/site\\\/#website\"},\"datePublished\":\"2022-01-06T14:13:36+00:00\",\"dateModified\":\"2026-05-13T16:14:54+00:00\",\"breadcrumb\":{\"@id\":\"https:\\\/\\\/www.sabra.org.br\\\/site\\\/acoes\\\/patrimoniohistorico\\\/edicao-de-manuscritos-musicais\\\/a-despedida\\\/#breadcrumb\"},\"inLanguage\":\"pt-BR\",\"potentialAction\":[{\"@type\":\"ReadAction\",\"target\":[\"https:\\\/\\\/www.sabra.org.br\\\/site\\\/acoes\\\/patrimoniohistorico\\\/edicao-de-manuscritos-musicais\\\/a-despedida\\\/\"]}]},{\"@type\":\"BreadcrumbList\",\"@id\":\"https:\\\/\\\/www.sabra.org.br\\\/site\\\/acoes\\\/patrimoniohistorico\\\/edicao-de-manuscritos-musicais\\\/a-despedida\\\/#breadcrumb\",\"itemListElement\":[{\"@type\":\"ListItem\",\"position\":1,\"name\":\"In\u00edcio\",\"item\":\"https:\\\/\\\/www.sabra.org.br\\\/site\\\/\"},{\"@type\":\"ListItem\",\"position\":2,\"name\":\"A\u00e7\u00f5es\",\"item\":\"https:\\\/\\\/www.sabra.org.br\\\/site\\\/acoes\\\/\"},{\"@type\":\"ListItem\",\"position\":3,\"name\":\"Patrim\u00f4nio Hist\u00f3rico, Art\u00edstico e Cultural\",\"item\":\"https:\\\/\\\/www.sabra.org.br\\\/site\\\/acoes\\\/patrimoniohistorico\\\/\"},{\"@type\":\"ListItem\",\"position\":4,\"name\":\"Edi\u00e7\u00e3o de Manuscritos Musicais\",\"item\":\"https:\\\/\\\/www.sabra.org.br\\\/site\\\/acoes\\\/patrimoniohistorico\\\/edicao-de-manuscritos-musicais\\\/\"},{\"@type\":\"ListItem\",\"position\":5,\"name\":\"A Despedida\"}]},{\"@type\":\"WebSite\",\"@id\":\"https:\\\/\\\/www.sabra.org.br\\\/site\\\/#website\",\"url\":\"https:\\\/\\\/www.sabra.org.br\\\/site\\\/\",\"name\":\"SABRA - Sociedade Art\u00edstica Brasileira\",\"description\":\"Escola de M\u00fasica, Orquestra Sinf\u00f4nica, Coral e Patrim\u00f4nio Cultural e Hist\u00f3rico\",\"publisher\":{\"@id\":\"https:\\\/\\\/www.sabra.org.br\\\/site\\\/#organization\"},\"potentialAction\":[{\"@type\":\"SearchAction\",\"target\":{\"@type\":\"EntryPoint\",\"urlTemplate\":\"https:\\\/\\\/www.sabra.org.br\\\/site\\\/?s={search_term_string}\"},\"query-input\":{\"@type\":\"PropertyValueSpecification\",\"valueRequired\":true,\"valueName\":\"search_term_string\"}}],\"inLanguage\":\"pt-BR\"},{\"@type\":\"Organization\",\"@id\":\"https:\\\/\\\/www.sabra.org.br\\\/site\\\/#organization\",\"name\":\"SOCIEDADE ART\u00cdSTICA BRASILEIRA SABRA\",\"alternateName\":\"SABRA\",\"url\":\"https:\\\/\\\/www.sabra.org.br\\\/site\\\/\",\"logo\":{\"@type\":\"ImageObject\",\"inLanguage\":\"pt-BR\",\"@id\":\"https:\\\/\\\/www.sabra.org.br\\\/site\\\/#\\\/schema\\\/logo\\\/image\\\/\",\"url\":\"https:\\\/\\\/www.sabra.org.br\\\/site\\\/wp-content\\\/uploads\\\/2019\\\/06\\\/cropped-Logo_SABRA-Copia-1.webp\",\"contentUrl\":\"https:\\\/\\\/www.sabra.org.br\\\/site\\\/wp-content\\\/uploads\\\/2019\\\/06\\\/cropped-Logo_SABRA-Copia-1.webp\",\"width\":400,\"height\":128,\"caption\":\"SOCIEDADE ART\u00cdSTICA BRASILEIRA SABRA\"},\"image\":{\"@id\":\"https:\\\/\\\/www.sabra.org.br\\\/site\\\/#\\\/schema\\\/logo\\\/image\\\/\"},\"sameAs\":[\"https:\\\/\\\/www.facebook.com\\\/sabrabrasil\",\"https:\\\/\\\/x.com\\\/ContatoSabra\",\"https:\\\/\\\/www.instagram.com\\\/sabrabrasil\\\/\",\"https:\\\/\\\/www.linkedin.com\\\/company\\\/25002088\\\/\",\"https:\\\/\\\/br.pinterest.com\\\/sociedadeartisticabrasileira\\\/\",\"https:\\\/\\\/www.youtube.com\\\/c\\\/sabrabrasil\"]}]}<\/script>\n<!-- \/ Yoast SEO plugin. -->","yoast_head_json":{"title":"A Despedida - SABRA - Sociedade Art\u00edstica Brasileira","robots":{"index":"index","follow":"follow","max-snippet":"max-snippet:-1","max-image-preview":"max-image-preview:large","max-video-preview":"max-video-preview:-1"},"canonical":"https:\/\/www.sabra.org.br\/site\/acoes\/patrimoniohistorico\/edicao-de-manuscritos-musicais\/a-despedida\/","og_locale":"pt_BR","og_type":"article","og_title":"A Despedida - SABRA - Sociedade Art\u00edstica Brasileira","og_description":"A Despedida Lib\u00e9rio Ant\u00f4nio Silva Guimar\u00e3es Download: Partitura\u00a0 \u00a0 \u00a0 \u00a0 \u00a0 Partes instrumentais Informa\u00e7\u00e3o Geral Clave\/tom: D maior Movimentos\/Se\u00e7\u00f5es: 3 Dura\u00e7\u00e3o m\u00e9dia:\u00a0 10 minutos&hellip;","og_url":"https:\/\/www.sabra.org.br\/site\/acoes\/patrimoniohistorico\/edicao-de-manuscritos-musicais\/a-despedida\/","og_site_name":"SABRA - Sociedade Art\u00edstica Brasileira","article_publisher":"https:\/\/www.facebook.com\/sabrabrasil","article_modified_time":"2026-05-13T16:14:54+00:00","og_image":[{"width":200,"height":200,"url":"https:\/\/www.sabra.org.br\/site\/wp-content\/uploads\/2021\/12\/AvatarSabra1.jpg","type":"image\/jpeg"}],"twitter_card":"summary_large_image","twitter_site":"@ContatoSabra","twitter_misc":{"Est. tempo de leitura":"1 minuto"},"schema":{"@context":"https:\/\/schema.org","@graph":[{"@type":"WebPage","@id":"https:\/\/www.sabra.org.br\/site\/acoes\/patrimoniohistorico\/edicao-de-manuscritos-musicais\/a-despedida\/","url":"https:\/\/www.sabra.org.br\/site\/acoes\/patrimoniohistorico\/edicao-de-manuscritos-musicais\/a-despedida\/","name":"A Despedida - SABRA - Sociedade Art\u00edstica Brasileira","isPartOf":{"@id":"https:\/\/www.sabra.org.br\/site\/#website"},"datePublished":"2022-01-06T14:13:36+00:00","dateModified":"2026-05-13T16:14:54+00:00","breadcrumb":{"@id":"https:\/\/www.sabra.org.br\/site\/acoes\/patrimoniohistorico\/edicao-de-manuscritos-musicais\/a-despedida\/#breadcrumb"},"inLanguage":"pt-BR","potentialAction":[{"@type":"ReadAction","target":["https:\/\/www.sabra.org.br\/site\/acoes\/patrimoniohistorico\/edicao-de-manuscritos-musicais\/a-despedida\/"]}]},{"@type":"BreadcrumbList","@id":"https:\/\/www.sabra.org.br\/site\/acoes\/patrimoniohistorico\/edicao-de-manuscritos-musicais\/a-despedida\/#breadcrumb","itemListElement":[{"@type":"ListItem","position":1,"name":"In\u00edcio","item":"https:\/\/www.sabra.org.br\/site\/"},{"@type":"ListItem","position":2,"name":"A\u00e7\u00f5es","item":"https:\/\/www.sabra.org.br\/site\/acoes\/"},{"@type":"ListItem","position":3,"name":"Patrim\u00f4nio Hist\u00f3rico, Art\u00edstico e Cultural","item":"https:\/\/www.sabra.org.br\/site\/acoes\/patrimoniohistorico\/"},{"@type":"ListItem","position":4,"name":"Edi\u00e7\u00e3o de Manuscritos Musicais","item":"https:\/\/www.sabra.org.br\/site\/acoes\/patrimoniohistorico\/edicao-de-manuscritos-musicais\/"},{"@type":"ListItem","position":5,"name":"A Despedida"}]},{"@type":"WebSite","@id":"https:\/\/www.sabra.org.br\/site\/#website","url":"https:\/\/www.sabra.org.br\/site\/","name":"SABRA - Sociedade Art\u00edstica Brasileira","description":"Escola de M\u00fasica, Orquestra Sinf\u00f4nica, Coral e Patrim\u00f4nio Cultural e Hist\u00f3rico","publisher":{"@id":"https:\/\/www.sabra.org.br\/site\/#organization"},"potentialAction":[{"@type":"SearchAction","target":{"@type":"EntryPoint","urlTemplate":"https:\/\/www.sabra.org.br\/site\/?s={search_term_string}"},"query-input":{"@type":"PropertyValueSpecification","valueRequired":true,"valueName":"search_term_string"}}],"inLanguage":"pt-BR"},{"@type":"Organization","@id":"https:\/\/www.sabra.org.br\/site\/#organization","name":"SOCIEDADE ART\u00cdSTICA BRASILEIRA SABRA","alternateName":"SABRA","url":"https:\/\/www.sabra.org.br\/site\/","logo":{"@type":"ImageObject","inLanguage":"pt-BR","@id":"https:\/\/www.sabra.org.br\/site\/#\/schema\/logo\/image\/","url":"https:\/\/www.sabra.org.br\/site\/wp-content\/uploads\/2019\/06\/cropped-Logo_SABRA-Copia-1.webp","contentUrl":"https:\/\/www.sabra.org.br\/site\/wp-content\/uploads\/2019\/06\/cropped-Logo_SABRA-Copia-1.webp","width":400,"height":128,"caption":"SOCIEDADE ART\u00cdSTICA BRASILEIRA SABRA"},"image":{"@id":"https:\/\/www.sabra.org.br\/site\/#\/schema\/logo\/image\/"},"sameAs":["https:\/\/www.facebook.com\/sabrabrasil","https:\/\/x.com\/ContatoSabra","https:\/\/www.instagram.com\/sabrabrasil\/","https:\/\/www.linkedin.com\/company\/25002088\/","https:\/\/br.pinterest.com\/sociedadeartisticabrasileira\/","https:\/\/www.youtube.com\/c\/sabrabrasil"]}]}},"jetpack_shortlink":"https:\/\/wp.me\/P95j2Z-1bU","jetpack-related-posts":[{"id":942,"url":"https:\/\/www.sabra.org.br\/site\/acoes\/patrimoniohistorico\/edicao-de-manuscritos-musicais\/lavapes\/","url_meta":{"origin":4582,"position":0},"title":"Lavap\u00e9s","author":"","date":"10 de mar\u00e7o de 2018","format":false,"excerpt":"Lavap\u00e9s Compositor n\u00e3o identificado (Anonymous) Download: Partitura\u00a0 \u00a0 \u00a0 \u00a0 \u00a0 Partes instrumentais\u00a0 \u00a0 \u00a0 \u00a0 \u00a0 Redu\u00e7\u00e3o para vozes e piano Informa\u00e7\u00e3o Geral Clave\/tom: D maior Movimentos\/Se\u00e7\u00f5es: 1 L\u00edngua: Latim Dura\u00e7\u00e3o m\u00e9dia: \u00a04 minutos Estilo da obra: Cl\u00e1ssica Instrumenta\u00e7\u00e3o: coral misto (SATB), flauta, clarineta (Bb), 2 trompas (F), trompete\u2026","rel":"","context":"Post similar","block_context":{"text":"Post similar","link":""},"img":{"alt_text":"","src":"","width":0,"height":0},"classes":[]},{"id":958,"url":"https:\/\/www.sabra.org.br\/site\/acoes\/patrimoniohistorico\/edicao-de-manuscritos-musicais\/laudamus\/","url_meta":{"origin":4582,"position":1},"title":"Laudamus","author":"","date":"10 de mar\u00e7o de 2018","format":false,"excerpt":"Laudamus Compositor n\u00e3o identificado (Anonymous) Download: Partitura\u00a0 \u00a0 \u00a0 \u00a0 \u00a0 Partes instrumentais\u00a0 \u00a0 \u00a0 \u00a0 \u00a0 Redu\u00e7\u00e3o para vozes e piano Informa\u00e7\u00e3o Geral Clave\/tom: F maior Movimentos\/Se\u00e7\u00f5es: 1 L\u00edngua: Latim Dura\u00e7\u00e3o m\u00e9dia: 8 minutos Estilo da obra: Cl\u00e1ssica Instrumenta\u00e7\u00e3o: coral misto (SATB), flauta, 2 clarinetas (Bb), 2 trompas (F),\u2026","rel":"","context":"Post similar","block_context":{"text":"Post similar","link":""},"img":{"alt_text":"","src":"","width":0,"height":0},"classes":[]},{"id":1125,"url":"https:\/\/www.sabra.org.br\/site\/acoes\/patrimoniohistorico\/edicao-de-manuscritos-musicais\/ave-maria\/","url_meta":{"origin":4582,"position":2},"title":"Ave Maria","author":"","date":"11 de mar\u00e7o de 2018","format":false,"excerpt":"Ave Maria Jos\u00e9 Maria Seabra Download: Partitura\u00a0 \u00a0 \u00a0 \u00a0 \u00a0 Partes instrumentais\u00a0 \u00a0 \u00a0 \u00a0 \u00a0 Redu\u00e7\u00e3o para vozes e piano Informa\u00e7\u00e3o Geral Clave\/tom: G maior Movimentos\/Se\u00e7\u00f5es: 1 L\u00edngua: Latim Dura\u00e7\u00e3o m\u00e9dia:\u00a0 2 minutos Estilo da obra: Cl\u00e1ssica Instrumenta\u00e7\u00e3o: coral misto (SATB), 2 clarinetas (Bb), 2 trompas (F), 2\u2026","rel":"","context":"Post similar","block_context":{"text":"Post similar","link":""},"img":{"alt_text":"","src":"","width":0,"height":0},"classes":[]},{"id":4559,"url":"https:\/\/www.sabra.org.br\/site\/acoes\/patrimoniohistorico\/edicao-de-manuscritos-musicais\/missa-a-8-vozes\/","url_meta":{"origin":4582,"position":3},"title":"Missa a 8 vozes","author":"M\u00e1rcio Miranda Pontes","date":"6 de janeiro de 2022","format":false,"excerpt":"Missa a 8 vozes Jo\u00e3o de Deus Castro Lobo Download: Partitura\u00a0 \u00a0 \u00a0 \u00a0 \u00a0 Partes instrumentais\u00a0 \u00a0 \u00a0 \u00a0 \u00a0 Parte vocal Informa\u00e7\u00e3o Geral Clave\/tom: D maior Movimentos\/Se\u00e7\u00f5es: 5 L\u00edngua: Latim Dura\u00e7\u00e3o m\u00e9dia:\u00a0 60 minutos Estilo da obra: Cl\u00e1ssica Instrumenta\u00e7\u00e3o: coral misto (SATB-SATB), 2 flautas, 2 clarinetes (Bb), 2\u2026","rel":"","context":"Post similar","block_context":{"text":"Post similar","link":""},"img":{"alt_text":"","src":"","width":0,"height":0},"classes":[]},{"id":4546,"url":"https:\/\/www.sabra.org.br\/site\/acoes\/patrimoniohistorico\/edicao-de-manuscritos-musicais\/tercio\/","url_meta":{"origin":4582,"position":4},"title":"Tercio","author":"M\u00e1rcio Miranda Pontes","date":"6 de janeiro de 2022","format":false,"excerpt":"Tercio Jos\u00e9 Joaquim Emerico Lobo de Mesquita Download: Partitura\u00a0 \u00a0 \u00a0 \u00a0 \u00a0 Partes instrumentais\u00a0 \u00a0 \u00a0 \u00a0 \u00a0 Parte vocal Informa\u00e7\u00e3o Geral Clave\/tom: Bb maior Movimentos\/Se\u00e7\u00f5es: 4 L\u00edngua: Latim Dura\u00e7\u00e3o m\u00e9dia:\u00a0 15 minutos Estilo da obra: Cl\u00e1ssica Instrumenta\u00e7\u00e3o: coral misto (SATB), 2 violinos, violas, violoncelos e contrabaixos G\u00eanero: Coros\u2026","rel":"","context":"Post similar","block_context":{"text":"Post similar","link":""},"img":{"alt_text":"","src":"","width":0,"height":0},"classes":[]},{"id":883,"url":"https:\/\/www.sabra.org.br\/site\/acoes\/patrimoniohistorico\/edicao-de-manuscritos-musicais\/adoramus-te-christe\/","url_meta":{"origin":4582,"position":5},"title":"Adoramus Te Christe","author":"","date":"10 de mar\u00e7o de 2018","format":false,"excerpt":"Adoramus Te Christe Compositor n\u00e3o identificado (Anonymous) Download: Partitura\u00a0 \u00a0 \u00a0 \u00a0 \u00a0 Partes instrumentais\u00a0 \u00a0 \u00a0 \u00a0 \u00a0 Redu\u00e7\u00e3o para vozes e piano Informa\u00e7\u00e3o Geral Clave\/tom: Eb maior Movimentos\/Se\u00e7\u00f5es: 1 L\u00edngua: Latim Dura\u00e7\u00e3o m\u00e9dia: \u00a05 minutos Estilo da obra: Cl\u00e1ssica Instrumenta\u00e7\u00e3o: coral misto (SATB), Clarineta (Bb), 2 trompas (F),\u2026","rel":"","context":"Post similar","block_context":{"text":"Post similar","link":""},"img":{"alt_text":"","src":"","width":0,"height":0},"classes":[]}],"jetpack_likes_enabled":true,"jetpack_sharing_enabled":true,"_links":{"self":[{"href":"https:\/\/www.sabra.org.br\/site\/wp-json\/wp\/v2\/pages\/4582","targetHints":{"allow":["GET"]}}],"collection":[{"href":"https:\/\/www.sabra.org.br\/site\/wp-json\/wp\/v2\/pages"}],"about":[{"href":"https:\/\/www.sabra.org.br\/site\/wp-json\/wp\/v2\/types\/page"}],"author":[{"embeddable":true,"href":"https:\/\/www.sabra.org.br\/site\/wp-json\/wp\/v2\/users\/39"}],"replies":[{"embeddable":true,"href":"https:\/\/www.sabra.org.br\/site\/wp-json\/wp\/v2\/comments?post=4582"}],"version-history":[{"count":1,"href":"https:\/\/www.sabra.org.br\/site\/wp-json\/wp\/v2\/pages\/4582\/revisions"}],"predecessor-version":[{"id":15745,"href":"https:\/\/www.sabra.org.br\/site\/wp-json\/wp\/v2\/pages\/4582\/revisions\/15745"}],"up":[{"embeddable":true,"href":"https:\/\/www.sabra.org.br\/site\/wp-json\/wp\/v2\/pages\/74"}],"wp:attachment":[{"href":"https:\/\/www.sabra.org.br\/site\/wp-json\/wp\/v2\/media?parent=4582"}],"curies":[{"name":"wp","href":"https:\/\/api.w.org\/{rel}","templated":true}]}}