{"id":67,"date":"2016-07-04T14:15:53","date_gmt":"2016-07-04T17:15:53","guid":{"rendered":"http:\/\/www.sabra.org.br\/site\/?page_id=67"},"modified":"2026-05-13T13:14:53","modified_gmt":"2026-05-13T16:14:53","slug":"escola-de-musica","status":"publish","type":"page","link":"https:\/\/www.sabra.org.br\/site\/acoes\/escola-de-musica\/","title":{"rendered":"Escola de M\u00fasica SABRA"},"content":{"rendered":"<h3>Escola de M\u00fasica SABRA<\/h3>\n<p>A Escola de M\u00fasica SABRA pauta seu trabalho na defesa dos direitos das crian\u00e7as, dos adolescentes, dos jovens, dos adultos e da terceira idade e se destaca por estimular em seus alunos o pensamento amplo sobre a m\u00fasica, a arte, a cidadania e a responsabilidade social al\u00e9m de fomentar o desenvolvimento do protagonismo e da autonomia.<\/p>\n<p>Tendo como p\u00fablico alvo crian\u00e7as residentes em Betim s\u00e3o realizadas atividades focadas em experi\u00eancias l\u00fadicas e culturais como forma de express\u00e3o, intera\u00e7\u00e3o, aprendizagem, sociabilidade e prote\u00e7\u00e3o social, contribuindo para a constru\u00e7\u00e3o de novos conhecimentos, forma\u00e7\u00e3o de atitudes e valores, al\u00e9m da capacidade comunicativa e conviv\u00eancia social.<\/p>\n<p>Trata-se, no caso das crian\u00e7as, de uma a\u00e7\u00e3o complementar \u00e0 escola regular na medida em que se busca viabilizar o acesso a direitos sociais e uma melhor qualidade de vida enquanto utiliza\u00a0de forma produtiva o hor\u00e1rio extraescolar disponibilizando, individual e coletivamente, aulas te\u00f3ricas e pr\u00e1ticas de M\u00fasica e instrumentos musicais.<\/p>\n<p>Ao mesmo tempo contribui para fundamentar a vis\u00e3o da M\u00fasica e da Cultura como meios de difus\u00e3o e valoriza\u00e7\u00e3o da identidade local, colocando-os, assim, no centro do interc\u00e2mbio de ideias, opini\u00f5es e express\u00f5es culturais, potencializando suas rela\u00e7\u00f5es com a fam\u00edlia, com a comunidade e com a escola.<\/p>\n<p><img fetchpriority=\"high\" decoding=\"async\" data-attachment-id=\"1706\" data-permalink=\"https:\/\/www.sabra.org.br\/site\/acoes\/escola-de-musica\/musicalizacao-2\/\" data-orig-file=\"https:\/\/www.sabra.org.br\/site\/wp-content\/uploads\/2019\/01\/Musicaliza\u00e7\u00e3o.jpg\" data-orig-size=\"960,639\" data-comments-opened=\"0\" data-image-meta=\"{&quot;aperture&quot;:&quot;0&quot;,&quot;credit&quot;:&quot;&quot;,&quot;camera&quot;:&quot;&quot;,&quot;caption&quot;:&quot;&quot;,&quot;created_timestamp&quot;:&quot;0&quot;,&quot;copyright&quot;:&quot;&quot;,&quot;focal_length&quot;:&quot;0&quot;,&quot;iso&quot;:&quot;0&quot;,&quot;shutter_speed&quot;:&quot;0&quot;,&quot;title&quot;:&quot;&quot;,&quot;orientation&quot;:&quot;0&quot;}\" data-image-title=\"Musicaliza\u00e7\u00e3o\" data-image-description=\"&lt;p&gt;M\u00e1rcio Miranda Pontes&lt;\/p&gt;\n\" data-image-caption=\"&lt;p&gt;Sociedade Art\u00edstica Brasileira SABRA&lt;\/p&gt;\n\" data-large-file=\"https:\/\/www.sabra.org.br\/site\/wp-content\/uploads\/2019\/01\/Musicaliza\u00e7\u00e3o.jpg\" class=\"size-full wp-image-1706\" src=\"https:\/\/www.sabra.org.br\/site\/wp-content\/uploads\/2019\/01\/Musicaliza\u00e7\u00e3o.jpg\" alt=\"Musicaliza\u00e7\u00e3o Infantil Escola de M\u00fasica\" width=\"960\" height=\"639\" \/><\/p>\n<p>Conhe\u00e7a a fan page do projeto.<\/p>\n<p><a href=\"https:\/\/www.facebook.com\/oficinamusicalmmp\" target=\"_blank\" rel=\"noopener noreferrer\"><img decoding=\"async\" data-attachment-id=\"232\" data-permalink=\"https:\/\/www.sabra.org.br\/site\/acoes\/escola-de-musica\/facebook-icon\/\" data-orig-file=\"https:\/\/www.sabra.org.br\/site\/wp-content\/uploads\/2016\/07\/facebook-icon.jpg\" data-orig-size=\"64,64\" data-comments-opened=\"0\" data-image-meta=\"{&quot;aperture&quot;:&quot;0&quot;,&quot;credit&quot;:&quot;&quot;,&quot;camera&quot;:&quot;&quot;,&quot;caption&quot;:&quot;&quot;,&quot;created_timestamp&quot;:&quot;0&quot;,&quot;copyright&quot;:&quot;&quot;,&quot;focal_length&quot;:&quot;0&quot;,&quot;iso&quot;:&quot;0&quot;,&quot;shutter_speed&quot;:&quot;0&quot;,&quot;title&quot;:&quot;&quot;,&quot;orientation&quot;:&quot;0&quot;}\" data-image-title=\"facebook icon\" data-image-description=\"\" data-image-caption=\"\" data-large-file=\"https:\/\/www.sabra.org.br\/site\/wp-content\/uploads\/2016\/07\/facebook-icon.jpg\" class=\"alignnone wp-image-232 size-full\" src=\"https:\/\/www.sabra.org.br\/site\/wp-content\/uploads\/2016\/07\/facebook-icon.jpg\" alt=\"facebook icon\" width=\"64\" height=\"64\" \/><\/a><\/p>\n","protected":false},"excerpt":{"rendered":"<p>Escola de M\u00fasica SABRA A Escola de M\u00fasica SABRA pauta seu trabalho na defesa dos direitos das crian\u00e7as, dos adolescentes, dos jovens, dos adultos e&hellip;<\/p>\n","protected":false},"author":39,"featured_media":1706,"parent":18,"menu_order":0,"comment_status":"closed","ping_status":"closed","template":"","meta":{"footnotes":""},"class_list":["post-67","page","type-page","status-publish","has-post-thumbnail","hentry"],"yoast_head":"<!-- This site is optimized with the Yoast SEO plugin v27.6 - https:\/\/yoast.com\/product\/yoast-seo-wordpress\/ -->\n<title>Escola de M\u00fasica SABRA - SABRA - Sociedade Art\u00edstica Brasileira<\/title>\n<meta name=\"robots\" content=\"index, follow, max-snippet:-1, max-image-preview:large, max-video-preview:-1\" \/>\n<link rel=\"canonical\" href=\"https:\/\/www.sabra.org.br\/site\/acoes\/escola-de-musica\/\" \/>\n<meta property=\"og:locale\" content=\"pt_BR\" \/>\n<meta property=\"og:type\" content=\"article\" \/>\n<meta property=\"og:title\" content=\"Escola de M\u00fasica SABRA - SABRA - Sociedade Art\u00edstica Brasileira\" \/>\n<meta property=\"og:description\" content=\"Escola de M\u00fasica SABRA A Escola de M\u00fasica SABRA pauta seu trabalho na defesa dos direitos das crian\u00e7as, dos adolescentes, dos jovens, dos adultos e&hellip;\" \/>\n<meta property=\"og:url\" content=\"https:\/\/www.sabra.org.br\/site\/acoes\/escola-de-musica\/\" \/>\n<meta property=\"og:site_name\" content=\"SABRA - Sociedade Art\u00edstica Brasileira\" \/>\n<meta property=\"article:publisher\" content=\"https:\/\/www.facebook.com\/sabrabrasil\" \/>\n<meta property=\"article:modified_time\" content=\"2026-05-13T16:14:53+00:00\" \/>\n<meta property=\"og:image\" content=\"https:\/\/www.sabra.org.br\/site\/wp-content\/uploads\/2019\/01\/Musicaliza\u00e7\u00e3o.jpg\" \/>\n\t<meta property=\"og:image:width\" content=\"960\" \/>\n\t<meta property=\"og:image:height\" content=\"639\" \/>\n\t<meta property=\"og:image:type\" content=\"image\/jpeg\" \/>\n<meta name=\"twitter:card\" content=\"summary_large_image\" \/>\n<meta name=\"twitter:site\" content=\"@ContatoSabra\" \/>\n<meta name=\"twitter:label1\" content=\"Est. tempo de leitura\" \/>\n\t<meta name=\"twitter:data1\" content=\"2 minutos\" \/>\n<script type=\"application\/ld+json\" class=\"yoast-schema-graph\">{\"@context\":\"https:\\\/\\\/schema.org\",\"@graph\":[{\"@type\":\"WebPage\",\"@id\":\"https:\\\/\\\/www.sabra.org.br\\\/site\\\/acoes\\\/escola-de-musica\\\/\",\"url\":\"https:\\\/\\\/www.sabra.org.br\\\/site\\\/acoes\\\/escola-de-musica\\\/\",\"name\":\"Escola de M\u00fasica SABRA - SABRA - Sociedade Art\u00edstica Brasileira\",\"isPartOf\":{\"@id\":\"https:\\\/\\\/www.sabra.org.br\\\/site\\\/#website\"},\"primaryImageOfPage\":{\"@id\":\"https:\\\/\\\/www.sabra.org.br\\\/site\\\/acoes\\\/escola-de-musica\\\/#primaryimage\"},\"image\":{\"@id\":\"https:\\\/\\\/www.sabra.org.br\\\/site\\\/acoes\\\/escola-de-musica\\\/#primaryimage\"},\"thumbnailUrl\":\"https:\\\/\\\/www.sabra.org.br\\\/site\\\/wp-content\\\/uploads\\\/2019\\\/01\\\/Musicaliza\u00e7\u00e3o.jpg\",\"datePublished\":\"2016-07-04T17:15:53+00:00\",\"dateModified\":\"2026-05-13T16:14:53+00:00\",\"breadcrumb\":{\"@id\":\"https:\\\/\\\/www.sabra.org.br\\\/site\\\/acoes\\\/escola-de-musica\\\/#breadcrumb\"},\"inLanguage\":\"pt-BR\",\"potentialAction\":[{\"@type\":\"ReadAction\",\"target\":[\"https:\\\/\\\/www.sabra.org.br\\\/site\\\/acoes\\\/escola-de-musica\\\/\"]}]},{\"@type\":\"ImageObject\",\"inLanguage\":\"pt-BR\",\"@id\":\"https:\\\/\\\/www.sabra.org.br\\\/site\\\/acoes\\\/escola-de-musica\\\/#primaryimage\",\"url\":\"https:\\\/\\\/www.sabra.org.br\\\/site\\\/wp-content\\\/uploads\\\/2019\\\/01\\\/Musicaliza\u00e7\u00e3o.jpg\",\"contentUrl\":\"https:\\\/\\\/www.sabra.org.br\\\/site\\\/wp-content\\\/uploads\\\/2019\\\/01\\\/Musicaliza\u00e7\u00e3o.jpg\",\"width\":960,\"height\":639,\"caption\":\"Sociedade Art\u00edstica Brasileira SABRA\"},{\"@type\":\"BreadcrumbList\",\"@id\":\"https:\\\/\\\/www.sabra.org.br\\\/site\\\/acoes\\\/escola-de-musica\\\/#breadcrumb\",\"itemListElement\":[{\"@type\":\"ListItem\",\"position\":1,\"name\":\"In\u00edcio\",\"item\":\"https:\\\/\\\/www.sabra.org.br\\\/site\\\/\"},{\"@type\":\"ListItem\",\"position\":2,\"name\":\"A\u00e7\u00f5es\",\"item\":\"https:\\\/\\\/www.sabra.org.br\\\/site\\\/acoes\\\/\"},{\"@type\":\"ListItem\",\"position\":3,\"name\":\"Escola de M\u00fasica SABRA\"}]},{\"@type\":\"WebSite\",\"@id\":\"https:\\\/\\\/www.sabra.org.br\\\/site\\\/#website\",\"url\":\"https:\\\/\\\/www.sabra.org.br\\\/site\\\/\",\"name\":\"SABRA - Sociedade Art\u00edstica Brasileira\",\"description\":\"Escola de M\u00fasica, Orquestra Sinf\u00f4nica, Coral e Patrim\u00f4nio Cultural e Hist\u00f3rico\",\"publisher\":{\"@id\":\"https:\\\/\\\/www.sabra.org.br\\\/site\\\/#organization\"},\"potentialAction\":[{\"@type\":\"SearchAction\",\"target\":{\"@type\":\"EntryPoint\",\"urlTemplate\":\"https:\\\/\\\/www.sabra.org.br\\\/site\\\/?s={search_term_string}\"},\"query-input\":{\"@type\":\"PropertyValueSpecification\",\"valueRequired\":true,\"valueName\":\"search_term_string\"}}],\"inLanguage\":\"pt-BR\"},{\"@type\":\"Organization\",\"@id\":\"https:\\\/\\\/www.sabra.org.br\\\/site\\\/#organization\",\"name\":\"SOCIEDADE ART\u00cdSTICA BRASILEIRA SABRA\",\"alternateName\":\"SABRA\",\"url\":\"https:\\\/\\\/www.sabra.org.br\\\/site\\\/\",\"logo\":{\"@type\":\"ImageObject\",\"inLanguage\":\"pt-BR\",\"@id\":\"https:\\\/\\\/www.sabra.org.br\\\/site\\\/#\\\/schema\\\/logo\\\/image\\\/\",\"url\":\"https:\\\/\\\/www.sabra.org.br\\\/site\\\/wp-content\\\/uploads\\\/2019\\\/06\\\/cropped-Logo_SABRA-Copia-1.webp\",\"contentUrl\":\"https:\\\/\\\/www.sabra.org.br\\\/site\\\/wp-content\\\/uploads\\\/2019\\\/06\\\/cropped-Logo_SABRA-Copia-1.webp\",\"width\":400,\"height\":128,\"caption\":\"SOCIEDADE ART\u00cdSTICA BRASILEIRA SABRA\"},\"image\":{\"@id\":\"https:\\\/\\\/www.sabra.org.br\\\/site\\\/#\\\/schema\\\/logo\\\/image\\\/\"},\"sameAs\":[\"https:\\\/\\\/www.facebook.com\\\/sabrabrasil\",\"https:\\\/\\\/x.com\\\/ContatoSabra\",\"https:\\\/\\\/www.instagram.com\\\/sabrabrasil\\\/\",\"https:\\\/\\\/www.linkedin.com\\\/company\\\/25002088\\\/\",\"https:\\\/\\\/br.pinterest.com\\\/sociedadeartisticabrasileira\\\/\",\"https:\\\/\\\/www.youtube.com\\\/c\\\/sabrabrasil\"]}]}<\/script>\n<!-- \/ Yoast SEO plugin. -->","yoast_head_json":{"title":"Escola de M\u00fasica SABRA - SABRA - Sociedade Art\u00edstica Brasileira","robots":{"index":"index","follow":"follow","max-snippet":"max-snippet:-1","max-image-preview":"max-image-preview:large","max-video-preview":"max-video-preview:-1"},"canonical":"https:\/\/www.sabra.org.br\/site\/acoes\/escola-de-musica\/","og_locale":"pt_BR","og_type":"article","og_title":"Escola de M\u00fasica SABRA - SABRA - Sociedade Art\u00edstica Brasileira","og_description":"Escola de M\u00fasica SABRA A Escola de M\u00fasica SABRA pauta seu trabalho na defesa dos direitos das crian\u00e7as, dos adolescentes, dos jovens, dos adultos e&hellip;","og_url":"https:\/\/www.sabra.org.br\/site\/acoes\/escola-de-musica\/","og_site_name":"SABRA - Sociedade Art\u00edstica Brasileira","article_publisher":"https:\/\/www.facebook.com\/sabrabrasil","article_modified_time":"2026-05-13T16:14:53+00:00","og_image":[{"width":960,"height":639,"url":"https:\/\/www.sabra.org.br\/site\/wp-content\/uploads\/2019\/01\/Musicaliza\u00e7\u00e3o.jpg","type":"image\/jpeg"}],"twitter_card":"summary_large_image","twitter_site":"@ContatoSabra","twitter_misc":{"Est. tempo de leitura":"2 minutos"},"schema":{"@context":"https:\/\/schema.org","@graph":[{"@type":"WebPage","@id":"https:\/\/www.sabra.org.br\/site\/acoes\/escola-de-musica\/","url":"https:\/\/www.sabra.org.br\/site\/acoes\/escola-de-musica\/","name":"Escola de M\u00fasica SABRA - SABRA - Sociedade Art\u00edstica Brasileira","isPartOf":{"@id":"https:\/\/www.sabra.org.br\/site\/#website"},"primaryImageOfPage":{"@id":"https:\/\/www.sabra.org.br\/site\/acoes\/escola-de-musica\/#primaryimage"},"image":{"@id":"https:\/\/www.sabra.org.br\/site\/acoes\/escola-de-musica\/#primaryimage"},"thumbnailUrl":"https:\/\/www.sabra.org.br\/site\/wp-content\/uploads\/2019\/01\/Musicaliza\u00e7\u00e3o.jpg","datePublished":"2016-07-04T17:15:53+00:00","dateModified":"2026-05-13T16:14:53+00:00","breadcrumb":{"@id":"https:\/\/www.sabra.org.br\/site\/acoes\/escola-de-musica\/#breadcrumb"},"inLanguage":"pt-BR","potentialAction":[{"@type":"ReadAction","target":["https:\/\/www.sabra.org.br\/site\/acoes\/escola-de-musica\/"]}]},{"@type":"ImageObject","inLanguage":"pt-BR","@id":"https:\/\/www.sabra.org.br\/site\/acoes\/escola-de-musica\/#primaryimage","url":"https:\/\/www.sabra.org.br\/site\/wp-content\/uploads\/2019\/01\/Musicaliza\u00e7\u00e3o.jpg","contentUrl":"https:\/\/www.sabra.org.br\/site\/wp-content\/uploads\/2019\/01\/Musicaliza\u00e7\u00e3o.jpg","width":960,"height":639,"caption":"Sociedade Art\u00edstica Brasileira SABRA"},{"@type":"BreadcrumbList","@id":"https:\/\/www.sabra.org.br\/site\/acoes\/escola-de-musica\/#breadcrumb","itemListElement":[{"@type":"ListItem","position":1,"name":"In\u00edcio","item":"https:\/\/www.sabra.org.br\/site\/"},{"@type":"ListItem","position":2,"name":"A\u00e7\u00f5es","item":"https:\/\/www.sabra.org.br\/site\/acoes\/"},{"@type":"ListItem","position":3,"name":"Escola de M\u00fasica SABRA"}]},{"@type":"WebSite","@id":"https:\/\/www.sabra.org.br\/site\/#website","url":"https:\/\/www.sabra.org.br\/site\/","name":"SABRA - Sociedade Art\u00edstica Brasileira","description":"Escola de M\u00fasica, Orquestra Sinf\u00f4nica, Coral e Patrim\u00f4nio Cultural e Hist\u00f3rico","publisher":{"@id":"https:\/\/www.sabra.org.br\/site\/#organization"},"potentialAction":[{"@type":"SearchAction","target":{"@type":"EntryPoint","urlTemplate":"https:\/\/www.sabra.org.br\/site\/?s={search_term_string}"},"query-input":{"@type":"PropertyValueSpecification","valueRequired":true,"valueName":"search_term_string"}}],"inLanguage":"pt-BR"},{"@type":"Organization","@id":"https:\/\/www.sabra.org.br\/site\/#organization","name":"SOCIEDADE ART\u00cdSTICA BRASILEIRA SABRA","alternateName":"SABRA","url":"https:\/\/www.sabra.org.br\/site\/","logo":{"@type":"ImageObject","inLanguage":"pt-BR","@id":"https:\/\/www.sabra.org.br\/site\/#\/schema\/logo\/image\/","url":"https:\/\/www.sabra.org.br\/site\/wp-content\/uploads\/2019\/06\/cropped-Logo_SABRA-Copia-1.webp","contentUrl":"https:\/\/www.sabra.org.br\/site\/wp-content\/uploads\/2019\/06\/cropped-Logo_SABRA-Copia-1.webp","width":400,"height":128,"caption":"SOCIEDADE ART\u00cdSTICA BRASILEIRA SABRA"},"image":{"@id":"https:\/\/www.sabra.org.br\/site\/#\/schema\/logo\/image\/"},"sameAs":["https:\/\/www.facebook.com\/sabrabrasil","https:\/\/x.com\/ContatoSabra","https:\/\/www.instagram.com\/sabrabrasil\/","https:\/\/www.linkedin.com\/company\/25002088\/","https:\/\/br.pinterest.com\/sociedadeartisticabrasileira\/","https:\/\/www.youtube.com\/c\/sabrabrasil"]}]}},"jetpack_shortlink":"https:\/\/wp.me\/P95j2Z-15","jetpack-related-posts":[{"id":1682,"url":"https:\/\/www.sabra.org.br\/site\/acoes\/escola-de-musica\/formacao-de-plateia\/","url_meta":{"origin":67,"position":0},"title":"Forma\u00e7\u00e3o de Plateia","author":"M\u00e1rcio Miranda Pontes","date":"16 de janeiro de 2019","format":false,"excerpt":"Palestras em escolas p\u00fablicas municipais de Betim e concertos did\u00e1ticos s\u00e3o as principais a\u00e7\u00f5es da SABRA na forma\u00e7\u00e3o de plateia.","rel":"","context":"Post similar","block_context":{"text":"Post similar","link":""},"img":{"alt_text":"Forma\u00e7\u00e3o de plateia","src":"https:\/\/i0.wp.com\/www.sabra.org.br\/site\/wp-content\/uploads\/2017\/05\/IMG_0910.jpg?resize=350%2C200&ssl=1","width":350,"height":200,"srcset":"https:\/\/i0.wp.com\/www.sabra.org.br\/site\/wp-content\/uploads\/2017\/05\/IMG_0910.jpg?resize=350%2C200&ssl=1 1x, https:\/\/i0.wp.com\/www.sabra.org.br\/site\/wp-content\/uploads\/2017\/05\/IMG_0910.jpg?resize=525%2C300&ssl=1 1.5x, https:\/\/i0.wp.com\/www.sabra.org.br\/site\/wp-content\/uploads\/2017\/05\/IMG_0910.jpg?resize=700%2C400&ssl=1 2x, https:\/\/i0.wp.com\/www.sabra.org.br\/site\/wp-content\/uploads\/2017\/05\/IMG_0910.jpg?resize=1050%2C600&ssl=1 3x, https:\/\/i0.wp.com\/www.sabra.org.br\/site\/wp-content\/uploads\/2017\/05\/IMG_0910.jpg?resize=1400%2C800&ssl=1 4x"},"classes":[]},{"id":72,"url":"https:\/\/www.sabra.org.br\/site\/gruposartisticos\/corais\/","url_meta":{"origin":67,"position":1},"title":"Corais","author":"M\u00e1rcio Miranda Pontes","date":"4 de julho de 2016","format":false,"excerpt":"Corais O Canto Coral proporciona diversos benef\u00edcios aos praticantes. Seja em escolas, institui\u00e7\u00f5es culturais, igrejas ou empresas auxilia no desenvolvimento cultural, humano, social e econ\u00f4mico. Contribui para a integra\u00e7\u00e3o entre participantes e para a promo\u00e7\u00e3o da sa\u00fade, por meio de uma atividade art\u00edstica que proporciona cultura e lazer \u00e0 comunidade.\u2026","rel":"","context":"Post similar","block_context":{"text":"Post similar","link":""},"img":{"alt_text":"Coral Infantil Credicom","src":"https:\/\/i0.wp.com\/www.sabra.org.br\/site\/wp-content\/uploads\/2019\/05\/credicom.jpg?resize=350%2C200&ssl=1","width":350,"height":200},"classes":[]},{"id":13,"url":"https:\/\/www.sabra.org.br\/site\/","url_meta":{"origin":67,"position":2},"title":"Sociedade Art\u00edstica Brasileira &#8211; SABRA","author":"M\u00e1rcio Miranda Pontes","date":"23 de maio de 2016","format":false,"excerpt":"Promover a inclus\u00e3o e integra\u00e7\u00e3o social e a preserva\u00e7\u00e3o do patrim\u00f4nio cultural brasileiro de forma gratuita e continuada.","rel":"","context":"Post similar","block_context":{"text":"Post similar","link":""},"img":{"alt_text":"escola-m\u00fasica-sabra-audi\u00e7\u00e3o-irpf","src":"https:\/\/i0.wp.com\/www.sabra.org.br\/site\/wp-content\/uploads\/2024\/12\/audicao-alunos.jpg?resize=350%2C200&ssl=1","width":350,"height":200,"srcset":"https:\/\/i0.wp.com\/www.sabra.org.br\/site\/wp-content\/uploads\/2024\/12\/audicao-alunos.jpg?resize=350%2C200&ssl=1 1x, https:\/\/i0.wp.com\/www.sabra.org.br\/site\/wp-content\/uploads\/2024\/12\/audicao-alunos.jpg?resize=525%2C300&ssl=1 1.5x, https:\/\/i0.wp.com\/www.sabra.org.br\/site\/wp-content\/uploads\/2024\/12\/audicao-alunos.jpg?resize=700%2C400&ssl=1 2x"},"classes":[]},{"id":78,"url":"https:\/\/www.sabra.org.br\/site\/acoes\/escola-de-musica\/musica-na-escola\/","url_meta":{"origin":67,"position":3},"title":"M\u00fasica na Escola","author":"M\u00e1rcio Miranda Pontes","date":"4 de julho de 2016","format":false,"excerpt":"M\u00fasica na Escola O Curso M\u00fasica e Coral vem ao encontro da necessidade de forma\u00e7\u00e3o, qualifica\u00e7\u00e3o e especializa\u00e7\u00e3o de professores do ensino regular, capacitando-os para atuar com qualidade na pr\u00e1tica musical, art\u00edstica e did\u00e1tico-pedag\u00f3gica em corais, sala de aula e grupos musicais. Seu conte\u00fado program\u00e1tico busca promover a valoriza\u00e7\u00e3o do\u2026","rel":"","context":"Post similar","block_context":{"text":"Post similar","link":""},"img":{"alt_text":"M\u00fasica e Coral Escola","src":"https:\/\/i0.wp.com\/www.sabra.org.br\/site\/wp-content\/uploads\/2016\/07\/musicaecoral.jpg?resize=350%2C200&ssl=1","width":350,"height":200},"classes":[]},{"id":437,"url":"https:\/\/www.sabra.org.br\/site\/acoes\/agenda\/","url_meta":{"origin":67,"position":4},"title":"Agenda","author":"M\u00e1rcio Miranda Pontes","date":"21 de abril de 2017","format":false,"excerpt":"Agenda Cultural SABRA 2026 Atualiza\u00e7\u00e3o mensal dispon\u00edvel at\u00e9 o dia 15 do m\u00eas anterior \u00e0 programa\u00e7\u00e3o.Todas as atividades s\u00e3o gratuitas, com entrada sujeita \u00e0 lota\u00e7\u00e3o dos espa\u00e7os. Classifica\u00e7\u00e3o indicativa: Livre. MAR\u00c7O20 \u2013 M\u00fasica Viva \u2013 Orquestra Jovem Sabra\/Betim \u2013 CRAS Alterosas II \u2013 Rua Jamour, 81, Jardim Alterosas, Betim -\u2026","rel":"","context":"Post similar","block_context":{"text":"Post similar","link":""},"img":{"alt_text":"sabra-m\u00fasica-concerto-coral-betim-reg\u00eancia-unimed-bh-sinf\u00f4nica infantil-municipal-escolas-grupos-ponta-c\u00e2mara-did\u00e1tico-agenda","src":"https:\/\/i0.wp.com\/www.sabra.org.br\/site\/wp-content\/uploads\/2023\/09\/Capa-Agenda-scaled.webp?resize=350%2C200&ssl=1","width":350,"height":200,"srcset":"https:\/\/i0.wp.com\/www.sabra.org.br\/site\/wp-content\/uploads\/2023\/09\/Capa-Agenda-scaled.webp?resize=350%2C200&ssl=1 1x, https:\/\/i0.wp.com\/www.sabra.org.br\/site\/wp-content\/uploads\/2023\/09\/Capa-Agenda-scaled.webp?resize=525%2C300&ssl=1 1.5x, https:\/\/i0.wp.com\/www.sabra.org.br\/site\/wp-content\/uploads\/2023\/09\/Capa-Agenda-scaled.webp?resize=700%2C400&ssl=1 2x, https:\/\/i0.wp.com\/www.sabra.org.br\/site\/wp-content\/uploads\/2023\/09\/Capa-Agenda-scaled.webp?resize=1050%2C600&ssl=1 3x, https:\/\/i0.wp.com\/www.sabra.org.br\/site\/wp-content\/uploads\/2023\/09\/Capa-Agenda-scaled.webp?resize=1400%2C800&ssl=1 4x"},"classes":[]},{"id":24,"url":"https:\/\/www.sabra.org.br\/site\/doe-agora\/","url_meta":{"origin":67,"position":5},"title":"Doe agora","author":"M\u00e1rcio Miranda Pontes","date":"24 de maio de 2016","format":false,"excerpt":"SABRA - Capta\u00e7\u00e3o de Recursos SABRA \u00b7 Sociedade Art\u00edstica Brasileira Fundada em 2013 \u00b7 Betim\/MG \u00b7 Certifica\u00e7\u00e3o CEBAS \u00cdndice 1. Doa\u00e7\u00f5es e Patroc\u00ednios Incentivados (Lei Rouanet) 2. Incentivo Coletivo Cont\u00ednuo 3. Doa\u00e7\u00f5es via IRPF \u2013 Fundo da Inf\u00e2ncia e Adolesc\u00eancia (FIA) 4. Doa\u00e7\u00f5es via IRPJ \u2013 Fundo da Inf\u00e2ncia e\u2026","rel":"","context":"Post similar","block_context":{"text":"Post similar","link":""},"img":{"alt_text":"","src":"","width":0,"height":0},"classes":[]}],"jetpack_likes_enabled":true,"jetpack_sharing_enabled":true,"_links":{"self":[{"href":"https:\/\/www.sabra.org.br\/site\/wp-json\/wp\/v2\/pages\/67","targetHints":{"allow":["GET"]}}],"collection":[{"href":"https:\/\/www.sabra.org.br\/site\/wp-json\/wp\/v2\/pages"}],"about":[{"href":"https:\/\/www.sabra.org.br\/site\/wp-json\/wp\/v2\/types\/page"}],"author":[{"embeddable":true,"href":"https:\/\/www.sabra.org.br\/site\/wp-json\/wp\/v2\/users\/39"}],"replies":[{"embeddable":true,"href":"https:\/\/www.sabra.org.br\/site\/wp-json\/wp\/v2\/comments?post=67"}],"version-history":[{"count":1,"href":"https:\/\/www.sabra.org.br\/site\/wp-json\/wp\/v2\/pages\/67\/revisions"}],"predecessor-version":[{"id":15738,"href":"https:\/\/www.sabra.org.br\/site\/wp-json\/wp\/v2\/pages\/67\/revisions\/15738"}],"up":[{"embeddable":true,"href":"https:\/\/www.sabra.org.br\/site\/wp-json\/wp\/v2\/pages\/18"}],"wp:featuredmedia":[{"embeddable":true,"href":"https:\/\/www.sabra.org.br\/site\/wp-json\/wp\/v2\/media\/1706"}],"wp:attachment":[{"href":"https:\/\/www.sabra.org.br\/site\/wp-json\/wp\/v2\/media?parent=67"}],"curies":[{"name":"wp","href":"https:\/\/api.w.org\/{rel}","templated":true}]}}