{"id":70,"date":"2016-07-04T14:18:25","date_gmt":"2016-07-04T17:18:25","guid":{"rendered":"http:\/\/www.sabra.org.br\/site\/?page_id=70"},"modified":"2025-10-07T20:31:18","modified_gmt":"2025-10-07T23:31:18","slug":"orquestra-sinfonica-de-betim","status":"publish","type":"page","link":"https:\/\/www.sabra.org.br\/site\/gruposartisticos\/orquestra-sinfonica-de-betim\/","title":{"rendered":"Orquestra Sinf\u00f4nica de Betim"},"content":{"rendered":"<h3>Orquestra Sinf\u00f4nica de Betim<\/h3>\n<p><img fetchpriority=\"high\" decoding=\"async\" data-attachment-id=\"338\" data-permalink=\"https:\/\/www.sabra.org.br\/site\/gruposartisticos\/orquestra-sinfonica-de-betim\/acao-orquestra-betim\/\" data-orig-file=\"https:\/\/www.sabra.org.br\/site\/wp-content\/uploads\/2016\/07\/acao-orquestra-betim.jpg\" data-orig-size=\"672,448\" data-comments-opened=\"1\" data-image-meta=\"{&quot;aperture&quot;:&quot;0&quot;,&quot;credit&quot;:&quot;&quot;,&quot;camera&quot;:&quot;&quot;,&quot;caption&quot;:&quot;&quot;,&quot;created_timestamp&quot;:&quot;0&quot;,&quot;copyright&quot;:&quot;&quot;,&quot;focal_length&quot;:&quot;0&quot;,&quot;iso&quot;:&quot;0&quot;,&quot;shutter_speed&quot;:&quot;0&quot;,&quot;title&quot;:&quot;&quot;,&quot;orientation&quot;:&quot;0&quot;}\" data-image-title=\"acao-orquestra-betim-logica\" data-image-description=\"&lt;p&gt;M\u00e1rcio Miranda Pontes&lt;\/p&gt;\n\" data-image-caption=\"&lt;p&gt;Sociedade Art\u00edstica Brasileira SABRA&lt;\/p&gt;\n\" data-large-file=\"https:\/\/www.sabra.org.br\/site\/wp-content\/uploads\/2016\/07\/acao-orquestra-betim.jpg\" class=\"alignnone size-full wp-image-338\" src=\"https:\/\/www.sabra.org.br\/site\/wp-content\/uploads\/2016\/07\/acao-orquestra-betim.jpg\" alt=\"acao-orquestra-betim\" width=\"672\" height=\"448\" srcset=\"https:\/\/www.sabra.org.br\/site\/wp-content\/uploads\/2016\/07\/acao-orquestra-betim.jpg 672w, https:\/\/www.sabra.org.br\/site\/wp-content\/uploads\/2016\/07\/acao-orquestra-betim-300x200.jpg 300w\" sizes=\"(max-width: 672px) 100vw, 672px\" \/><\/p>\n<p>A Orquestra Sinf\u00f4nica de Betim teve o in\u00edcio de suas atividades em 2014 como uma Orquestra de C\u00e2mara, formada exclusivamente por instrumentos de corda. Em 2015 foram abertas vagas para os naipes de madeiras, metais e percuss\u00e3o, proporcionando a forma\u00e7\u00e3o sinf\u00f4nica.<\/p>\n<p>A iniciativa de constitui\u00e7\u00e3o da Orquestra Sinf\u00f4nica de Betim prop\u00f5e a supera\u00e7\u00e3o das dificuldades encontradas no Brasil para a forma\u00e7\u00e3o de conjuntos musicais est\u00e1veis e duradouros. Al\u00e9m de permitir o acesso a um bem cultural que se encontra fora do alcance da maior parte da popula\u00e7\u00e3o, o projeto proporciona o aprimoramento t\u00e9cnico e art\u00edstico de jovens m\u00fasicos, criando perspectivas de profissionaliza\u00e7\u00e3o e gera\u00e7\u00e3o de renda. Neste sentido, a realiza\u00e7\u00e3o de centenas de concertos p\u00fablicos gratuitos da Orquestra e Corais envolvidos nos \u00faltimos anos beneficiaram a mais de 90 mil pessoas, especialmente crian\u00e7as, professores e funcion\u00e1rios da rede p\u00fablica municipal de Betim. S\u00e3o tamb\u00e9m beneficiados 50 jovens m\u00fasicos que al\u00e9m de uma bolsa incentivo, recebem orienta\u00e7\u00e3o t\u00e9cnica e art\u00edstica de profissionais atuantes nas Orquestras Sinf\u00f4nica de Minas Gerais e Filarm\u00f4nica de Minas Gerais e do Centro de Forma\u00e7\u00e3o Art\u00edstica da Funda\u00e7\u00e3o Cl\u00f3vis Salgado.<\/p>\n<p>Conhe\u00e7a e curta a <em>fan page<\/em> da Orquestra Sinf\u00f4nica de Betim:<\/p>\n<p><a href=\"https:\/\/www.facebook.com\/Orquestra-Sinf%C3%B4nica-de-Betim-1375344976116725\/\" target=\"_blank\" rel=\"noopener noreferrer\"><img decoding=\"async\" data-attachment-id=\"232\" data-permalink=\"https:\/\/www.sabra.org.br\/site\/acoes\/escola-de-musica\/facebook-icon\/\" data-orig-file=\"https:\/\/www.sabra.org.br\/site\/wp-content\/uploads\/2016\/07\/facebook-icon.jpg\" data-orig-size=\"64,64\" data-comments-opened=\"1\" data-image-meta=\"{&quot;aperture&quot;:&quot;0&quot;,&quot;credit&quot;:&quot;&quot;,&quot;camera&quot;:&quot;&quot;,&quot;caption&quot;:&quot;&quot;,&quot;created_timestamp&quot;:&quot;0&quot;,&quot;copyright&quot;:&quot;&quot;,&quot;focal_length&quot;:&quot;0&quot;,&quot;iso&quot;:&quot;0&quot;,&quot;shutter_speed&quot;:&quot;0&quot;,&quot;title&quot;:&quot;&quot;,&quot;orientation&quot;:&quot;0&quot;}\" data-image-title=\"facebook icon\" data-image-description=\"\" data-image-caption=\"\" data-large-file=\"https:\/\/www.sabra.org.br\/site\/wp-content\/uploads\/2016\/07\/facebook-icon.jpg\" class=\"alignnone wp-image-232 size-full\" src=\"https:\/\/www.sabra.org.br\/site\/wp-content\/uploads\/2016\/07\/facebook-icon.jpg\" alt=\"facebook icon\" width=\"64\" height=\"64\" \/><\/a><\/p>\n<p><img decoding=\"async\" data-attachment-id=\"244\" data-permalink=\"https:\/\/www.sabra.org.br\/site\/gruposartisticos\/orquestra-sinfonica-de-betim\/754a1425peq\/\" data-orig-file=\"https:\/\/www.sabra.org.br\/site\/wp-content\/uploads\/2016\/07\/754A1425peq.jpg\" data-orig-size=\"600,400\" data-comments-opened=\"1\" data-image-meta=\"{&quot;aperture&quot;:&quot;4&quot;,&quot;credit&quot;:&quot;&quot;,&quot;camera&quot;:&quot;Canon EOS 5D Mark III&quot;,&quot;caption&quot;:&quot;&quot;,&quot;created_timestamp&quot;:&quot;1462393262&quot;,&quot;copyright&quot;:&quot;&quot;,&quot;focal_length&quot;:&quot;58&quot;,&quot;iso&quot;:&quot;2000&quot;,&quot;shutter_speed&quot;:&quot;0.0125&quot;,&quot;title&quot;:&quot;&quot;,&quot;orientation&quot;:&quot;1&quot;}\" data-image-title=\"Orquestra Sinf\u00f4nica de Betim\" data-image-description=\"&lt;p&gt;maestro M\u00e1rcio Miranda Pontes&lt;\/p&gt;\n\" data-image-caption=\"&lt;p&gt;Sociedade Art\u00edstica Brasileira SABRA&lt;\/p&gt;\n\" data-large-file=\"https:\/\/www.sabra.org.br\/site\/wp-content\/uploads\/2016\/07\/754A1425peq.jpg\" class=\"alignnone size-medium wp-image-244\" src=\"https:\/\/www.sabra.org.br\/site\/wp-content\/uploads\/2016\/07\/754A1425peq-300x200.jpg\" alt=\"754A1425peq\" width=\"300\" height=\"200\" srcset=\"https:\/\/www.sabra.org.br\/site\/wp-content\/uploads\/2016\/07\/754A1425peq-300x200.jpg 300w, https:\/\/www.sabra.org.br\/site\/wp-content\/uploads\/2016\/07\/754A1425peq.jpg 600w\" sizes=\"(max-width: 300px) 100vw, 300px\" \/>\u00a0 \u00a0\u00a0<img loading=\"lazy\" decoding=\"async\" data-attachment-id=\"246\" data-permalink=\"https:\/\/www.sabra.org.br\/site\/gruposartisticos\/orquestra-sinfonica-de-betim\/754a1433peq\/\" data-orig-file=\"https:\/\/www.sabra.org.br\/site\/wp-content\/uploads\/2016\/07\/754A1433Peq.jpg\" data-orig-size=\"600,400\" data-comments-opened=\"1\" data-image-meta=\"{&quot;aperture&quot;:&quot;4&quot;,&quot;credit&quot;:&quot;&quot;,&quot;camera&quot;:&quot;Canon EOS 5D Mark III&quot;,&quot;caption&quot;:&quot;&quot;,&quot;created_timestamp&quot;:&quot;1462393337&quot;,&quot;copyright&quot;:&quot;&quot;,&quot;focal_length&quot;:&quot;105&quot;,&quot;iso&quot;:&quot;2000&quot;,&quot;shutter_speed&quot;:&quot;0.0125&quot;,&quot;title&quot;:&quot;&quot;,&quot;orientation&quot;:&quot;1&quot;}\" data-image-title=\"754A1433Peq\" data-image-description=\"\" data-image-caption=\"\" data-large-file=\"https:\/\/www.sabra.org.br\/site\/wp-content\/uploads\/2016\/07\/754A1433Peq.jpg\" class=\"alignnone size-medium wp-image-246\" src=\"https:\/\/www.sabra.org.br\/site\/wp-content\/uploads\/2016\/07\/754A1433Peq-300x200.jpg\" alt=\"754A1433Peq\" width=\"300\" height=\"200\" srcset=\"https:\/\/www.sabra.org.br\/site\/wp-content\/uploads\/2016\/07\/754A1433Peq-300x200.jpg 300w, https:\/\/www.sabra.org.br\/site\/wp-content\/uploads\/2016\/07\/754A1433Peq.jpg 600w\" sizes=\"(max-width: 300px) 100vw, 300px\" \/><\/p>\n<div class=\"gsp_post_data\" \r\n\t            data-post_type=\"page\" \r\n\t            data-cat=\"\" \r\n\t            data-modified=\"120\"\r\n\t            data-created=\"1467641905\"\r\n\t            data-title=\"Orquestra Sinf\u00f4nica de Betim\" \r\n\t            data-home=\"https:\/\/www.sabra.org.br\/site\"><\/div>","protected":false},"excerpt":{"rendered":"<p>Orquestra Sinf\u00f4nica de Betim A Orquestra Sinf\u00f4nica de Betim teve o in\u00edcio de suas atividades em 2014 como uma Orquestra de C\u00e2mara, formada exclusivamente por&hellip;<\/p>\n","protected":false},"author":39,"featured_media":0,"parent":2158,"menu_order":0,"comment_status":"closed","ping_status":"closed","template":"","meta":{"jetpack_post_was_ever_published":false,"footnotes":""},"class_list":["post-70","page","type-page","status-publish","hentry"],"yoast_head":"<!-- This site is optimized with the Yoast SEO plugin v27.4 - https:\/\/yoast.com\/product\/yoast-seo-wordpress\/ -->\n<title>Orquestra Sinf\u00f4nica de Betim - SABRA - Sociedade Art\u00edstica Brasileira<\/title>\n<meta name=\"robots\" content=\"index, follow, max-snippet:-1, max-image-preview:large, max-video-preview:-1\" \/>\n<link rel=\"canonical\" href=\"https:\/\/www.sabra.org.br\/site\/gruposartisticos\/orquestra-sinfonica-de-betim\/\" \/>\n<meta property=\"og:locale\" content=\"pt_BR\" \/>\n<meta property=\"og:type\" content=\"article\" \/>\n<meta property=\"og:title\" content=\"Orquestra Sinf\u00f4nica de Betim - SABRA - Sociedade Art\u00edstica Brasileira\" \/>\n<meta property=\"og:description\" content=\"Orquestra Sinf\u00f4nica de Betim A Orquestra Sinf\u00f4nica de Betim teve o in\u00edcio de suas atividades em 2014 como uma Orquestra de C\u00e2mara, formada exclusivamente por&hellip;\" \/>\n<meta property=\"og:url\" content=\"https:\/\/www.sabra.org.br\/site\/gruposartisticos\/orquestra-sinfonica-de-betim\/\" \/>\n<meta property=\"og:site_name\" content=\"SABRA - Sociedade Art\u00edstica Brasileira\" \/>\n<meta property=\"article:publisher\" content=\"https:\/\/www.facebook.com\/sabrabrasil\" \/>\n<meta property=\"article:modified_time\" content=\"2025-10-07T23:31:18+00:00\" \/>\n<meta property=\"og:image\" content=\"http:\/\/www.sabra.org.br\/site\/wp-content\/uploads\/2016\/07\/acao-orquestra-betim.jpg\" \/>\n<meta name=\"twitter:card\" content=\"summary_large_image\" \/>\n<meta name=\"twitter:site\" content=\"@ContatoSabra\" \/>\n<meta name=\"twitter:label1\" content=\"Est. tempo de leitura\" \/>\n\t<meta name=\"twitter:data1\" content=\"2 minutos\" \/>\n<script type=\"application\/ld+json\" class=\"yoast-schema-graph\">{\"@context\":\"https:\\\/\\\/schema.org\",\"@graph\":[{\"@type\":\"WebPage\",\"@id\":\"https:\\\/\\\/www.sabra.org.br\\\/site\\\/gruposartisticos\\\/orquestra-sinfonica-de-betim\\\/\",\"url\":\"https:\\\/\\\/www.sabra.org.br\\\/site\\\/gruposartisticos\\\/orquestra-sinfonica-de-betim\\\/\",\"name\":\"Orquestra Sinf\u00f4nica de Betim - SABRA - Sociedade Art\u00edstica Brasileira\",\"isPartOf\":{\"@id\":\"https:\\\/\\\/www.sabra.org.br\\\/site\\\/#website\"},\"primaryImageOfPage\":{\"@id\":\"https:\\\/\\\/www.sabra.org.br\\\/site\\\/gruposartisticos\\\/orquestra-sinfonica-de-betim\\\/#primaryimage\"},\"image\":{\"@id\":\"https:\\\/\\\/www.sabra.org.br\\\/site\\\/gruposartisticos\\\/orquestra-sinfonica-de-betim\\\/#primaryimage\"},\"thumbnailUrl\":\"http:\\\/\\\/www.sabra.org.br\\\/site\\\/wp-content\\\/uploads\\\/2016\\\/07\\\/acao-orquestra-betim.jpg\",\"datePublished\":\"2016-07-04T17:18:25+00:00\",\"dateModified\":\"2025-10-07T23:31:18+00:00\",\"breadcrumb\":{\"@id\":\"https:\\\/\\\/www.sabra.org.br\\\/site\\\/gruposartisticos\\\/orquestra-sinfonica-de-betim\\\/#breadcrumb\"},\"inLanguage\":\"pt-BR\",\"potentialAction\":[{\"@type\":\"ReadAction\",\"target\":[\"https:\\\/\\\/www.sabra.org.br\\\/site\\\/gruposartisticos\\\/orquestra-sinfonica-de-betim\\\/\"]}]},{\"@type\":\"ImageObject\",\"inLanguage\":\"pt-BR\",\"@id\":\"https:\\\/\\\/www.sabra.org.br\\\/site\\\/gruposartisticos\\\/orquestra-sinfonica-de-betim\\\/#primaryimage\",\"url\":\"http:\\\/\\\/www.sabra.org.br\\\/site\\\/wp-content\\\/uploads\\\/2016\\\/07\\\/acao-orquestra-betim.jpg\",\"contentUrl\":\"http:\\\/\\\/www.sabra.org.br\\\/site\\\/wp-content\\\/uploads\\\/2016\\\/07\\\/acao-orquestra-betim.jpg\"},{\"@type\":\"BreadcrumbList\",\"@id\":\"https:\\\/\\\/www.sabra.org.br\\\/site\\\/gruposartisticos\\\/orquestra-sinfonica-de-betim\\\/#breadcrumb\",\"itemListElement\":[{\"@type\":\"ListItem\",\"position\":1,\"name\":\"In\u00edcio\",\"item\":\"https:\\\/\\\/www.sabra.org.br\\\/site\\\/\"},{\"@type\":\"ListItem\",\"position\":2,\"name\":\"Grupos Art\u00edsticos\",\"item\":\"https:\\\/\\\/www.sabra.org.br\\\/site\\\/gruposartisticos\\\/\"},{\"@type\":\"ListItem\",\"position\":3,\"name\":\"Orquestra Sinf\u00f4nica de Betim\"}]},{\"@type\":\"WebSite\",\"@id\":\"https:\\\/\\\/www.sabra.org.br\\\/site\\\/#website\",\"url\":\"https:\\\/\\\/www.sabra.org.br\\\/site\\\/\",\"name\":\"SABRA - Sociedade Art\u00edstica Brasileira\",\"description\":\"Escola de M\u00fasica, Orquestra Sinf\u00f4nica, Coral e Patrim\u00f4nio Cultural e Hist\u00f3rico\",\"publisher\":{\"@id\":\"https:\\\/\\\/www.sabra.org.br\\\/site\\\/#organization\"},\"potentialAction\":[{\"@type\":\"SearchAction\",\"target\":{\"@type\":\"EntryPoint\",\"urlTemplate\":\"https:\\\/\\\/www.sabra.org.br\\\/site\\\/?s={search_term_string}\"},\"query-input\":{\"@type\":\"PropertyValueSpecification\",\"valueRequired\":true,\"valueName\":\"search_term_string\"}}],\"inLanguage\":\"pt-BR\"},{\"@type\":\"Organization\",\"@id\":\"https:\\\/\\\/www.sabra.org.br\\\/site\\\/#organization\",\"name\":\"SOCIEDADE ART\u00cdSTICA BRASILEIRA SABRA\",\"alternateName\":\"SABRA\",\"url\":\"https:\\\/\\\/www.sabra.org.br\\\/site\\\/\",\"logo\":{\"@type\":\"ImageObject\",\"inLanguage\":\"pt-BR\",\"@id\":\"https:\\\/\\\/www.sabra.org.br\\\/site\\\/#\\\/schema\\\/logo\\\/image\\\/\",\"url\":\"https:\\\/\\\/www.sabra.org.br\\\/site\\\/wp-content\\\/uploads\\\/2019\\\/06\\\/cropped-Logo_SABRA-Copia-1.webp\",\"contentUrl\":\"https:\\\/\\\/www.sabra.org.br\\\/site\\\/wp-content\\\/uploads\\\/2019\\\/06\\\/cropped-Logo_SABRA-Copia-1.webp\",\"width\":400,\"height\":128,\"caption\":\"SOCIEDADE ART\u00cdSTICA BRASILEIRA SABRA\"},\"image\":{\"@id\":\"https:\\\/\\\/www.sabra.org.br\\\/site\\\/#\\\/schema\\\/logo\\\/image\\\/\"},\"sameAs\":[\"https:\\\/\\\/www.facebook.com\\\/sabrabrasil\",\"https:\\\/\\\/x.com\\\/ContatoSabra\",\"https:\\\/\\\/www.instagram.com\\\/sabrabrasil\\\/\",\"https:\\\/\\\/www.linkedin.com\\\/company\\\/25002088\\\/\",\"https:\\\/\\\/br.pinterest.com\\\/sociedadeartisticabrasileira\\\/\",\"https:\\\/\\\/www.youtube.com\\\/c\\\/sabrabrasil\"]}]}<\/script>\n<!-- \/ Yoast SEO plugin. -->","yoast_head_json":{"title":"Orquestra Sinf\u00f4nica de Betim - SABRA - Sociedade Art\u00edstica Brasileira","robots":{"index":"index","follow":"follow","max-snippet":"max-snippet:-1","max-image-preview":"max-image-preview:large","max-video-preview":"max-video-preview:-1"},"canonical":"https:\/\/www.sabra.org.br\/site\/gruposartisticos\/orquestra-sinfonica-de-betim\/","og_locale":"pt_BR","og_type":"article","og_title":"Orquestra Sinf\u00f4nica de Betim - SABRA - Sociedade Art\u00edstica Brasileira","og_description":"Orquestra Sinf\u00f4nica de Betim A Orquestra Sinf\u00f4nica de Betim teve o in\u00edcio de suas atividades em 2014 como uma Orquestra de C\u00e2mara, formada exclusivamente por&hellip;","og_url":"https:\/\/www.sabra.org.br\/site\/gruposartisticos\/orquestra-sinfonica-de-betim\/","og_site_name":"SABRA - Sociedade Art\u00edstica Brasileira","article_publisher":"https:\/\/www.facebook.com\/sabrabrasil","article_modified_time":"2025-10-07T23:31:18+00:00","og_image":[{"url":"http:\/\/www.sabra.org.br\/site\/wp-content\/uploads\/2016\/07\/acao-orquestra-betim.jpg","type":"","width":"","height":""}],"twitter_card":"summary_large_image","twitter_site":"@ContatoSabra","twitter_misc":{"Est. tempo de leitura":"2 minutos"},"schema":{"@context":"https:\/\/schema.org","@graph":[{"@type":"WebPage","@id":"https:\/\/www.sabra.org.br\/site\/gruposartisticos\/orquestra-sinfonica-de-betim\/","url":"https:\/\/www.sabra.org.br\/site\/gruposartisticos\/orquestra-sinfonica-de-betim\/","name":"Orquestra Sinf\u00f4nica de Betim - SABRA - Sociedade Art\u00edstica Brasileira","isPartOf":{"@id":"https:\/\/www.sabra.org.br\/site\/#website"},"primaryImageOfPage":{"@id":"https:\/\/www.sabra.org.br\/site\/gruposartisticos\/orquestra-sinfonica-de-betim\/#primaryimage"},"image":{"@id":"https:\/\/www.sabra.org.br\/site\/gruposartisticos\/orquestra-sinfonica-de-betim\/#primaryimage"},"thumbnailUrl":"http:\/\/www.sabra.org.br\/site\/wp-content\/uploads\/2016\/07\/acao-orquestra-betim.jpg","datePublished":"2016-07-04T17:18:25+00:00","dateModified":"2025-10-07T23:31:18+00:00","breadcrumb":{"@id":"https:\/\/www.sabra.org.br\/site\/gruposartisticos\/orquestra-sinfonica-de-betim\/#breadcrumb"},"inLanguage":"pt-BR","potentialAction":[{"@type":"ReadAction","target":["https:\/\/www.sabra.org.br\/site\/gruposartisticos\/orquestra-sinfonica-de-betim\/"]}]},{"@type":"ImageObject","inLanguage":"pt-BR","@id":"https:\/\/www.sabra.org.br\/site\/gruposartisticos\/orquestra-sinfonica-de-betim\/#primaryimage","url":"http:\/\/www.sabra.org.br\/site\/wp-content\/uploads\/2016\/07\/acao-orquestra-betim.jpg","contentUrl":"http:\/\/www.sabra.org.br\/site\/wp-content\/uploads\/2016\/07\/acao-orquestra-betim.jpg"},{"@type":"BreadcrumbList","@id":"https:\/\/www.sabra.org.br\/site\/gruposartisticos\/orquestra-sinfonica-de-betim\/#breadcrumb","itemListElement":[{"@type":"ListItem","position":1,"name":"In\u00edcio","item":"https:\/\/www.sabra.org.br\/site\/"},{"@type":"ListItem","position":2,"name":"Grupos Art\u00edsticos","item":"https:\/\/www.sabra.org.br\/site\/gruposartisticos\/"},{"@type":"ListItem","position":3,"name":"Orquestra Sinf\u00f4nica de Betim"}]},{"@type":"WebSite","@id":"https:\/\/www.sabra.org.br\/site\/#website","url":"https:\/\/www.sabra.org.br\/site\/","name":"SABRA - Sociedade Art\u00edstica Brasileira","description":"Escola de M\u00fasica, Orquestra Sinf\u00f4nica, Coral e Patrim\u00f4nio Cultural e Hist\u00f3rico","publisher":{"@id":"https:\/\/www.sabra.org.br\/site\/#organization"},"potentialAction":[{"@type":"SearchAction","target":{"@type":"EntryPoint","urlTemplate":"https:\/\/www.sabra.org.br\/site\/?s={search_term_string}"},"query-input":{"@type":"PropertyValueSpecification","valueRequired":true,"valueName":"search_term_string"}}],"inLanguage":"pt-BR"},{"@type":"Organization","@id":"https:\/\/www.sabra.org.br\/site\/#organization","name":"SOCIEDADE ART\u00cdSTICA BRASILEIRA SABRA","alternateName":"SABRA","url":"https:\/\/www.sabra.org.br\/site\/","logo":{"@type":"ImageObject","inLanguage":"pt-BR","@id":"https:\/\/www.sabra.org.br\/site\/#\/schema\/logo\/image\/","url":"https:\/\/www.sabra.org.br\/site\/wp-content\/uploads\/2019\/06\/cropped-Logo_SABRA-Copia-1.webp","contentUrl":"https:\/\/www.sabra.org.br\/site\/wp-content\/uploads\/2019\/06\/cropped-Logo_SABRA-Copia-1.webp","width":400,"height":128,"caption":"SOCIEDADE ART\u00cdSTICA BRASILEIRA SABRA"},"image":{"@id":"https:\/\/www.sabra.org.br\/site\/#\/schema\/logo\/image\/"},"sameAs":["https:\/\/www.facebook.com\/sabrabrasil","https:\/\/x.com\/ContatoSabra","https:\/\/www.instagram.com\/sabrabrasil\/","https:\/\/www.linkedin.com\/company\/25002088\/","https:\/\/br.pinterest.com\/sociedadeartisticabrasileira\/","https:\/\/www.youtube.com\/c\/sabrabrasil"]}]}},"jetpack_shortlink":"https:\/\/wp.me\/P95j2Z-18","jetpack-related-posts":[{"id":1682,"url":"https:\/\/www.sabra.org.br\/site\/acoes\/escola-de-musica\/formacao-de-plateia\/","url_meta":{"origin":70,"position":0},"title":"Forma\u00e7\u00e3o de Plateia","author":"M\u00e1rcio Miranda Pontes","date":"16 de janeiro de 2019","format":false,"excerpt":"Palestras em escolas p\u00fablicas municipais de Betim e concertos did\u00e1ticos s\u00e3o as principais a\u00e7\u00f5es da SABRA na forma\u00e7\u00e3o de plateia.","rel":"","context":"Post similar","block_context":{"text":"Post similar","link":""},"img":{"alt_text":"Forma\u00e7\u00e3o de plateia","src":"https:\/\/i0.wp.com\/www.sabra.org.br\/site\/wp-content\/uploads\/2017\/05\/IMG_0910.jpg?resize=350%2C200&ssl=1","width":350,"height":200,"srcset":"https:\/\/i0.wp.com\/www.sabra.org.br\/site\/wp-content\/uploads\/2017\/05\/IMG_0910.jpg?resize=350%2C200&ssl=1 1x, https:\/\/i0.wp.com\/www.sabra.org.br\/site\/wp-content\/uploads\/2017\/05\/IMG_0910.jpg?resize=525%2C300&ssl=1 1.5x, https:\/\/i0.wp.com\/www.sabra.org.br\/site\/wp-content\/uploads\/2017\/05\/IMG_0910.jpg?resize=700%2C400&ssl=1 2x, https:\/\/i0.wp.com\/www.sabra.org.br\/site\/wp-content\/uploads\/2017\/05\/IMG_0910.jpg?resize=1050%2C600&ssl=1 3x, https:\/\/i0.wp.com\/www.sabra.org.br\/site\/wp-content\/uploads\/2017\/05\/IMG_0910.jpg?resize=1400%2C800&ssl=1 4x"},"classes":[]},{"id":2158,"url":"https:\/\/www.sabra.org.br\/site\/gruposartisticos\/","url_meta":{"origin":70,"position":1},"title":"Grupos Art\u00edsticos","author":"M\u00e1rcio Miranda Pontes","date":"20 de junho de 2019","format":false,"excerpt":"Dashboard contains all the overview !","rel":"","context":"Post similar","block_context":{"text":"Post similar","link":""},"img":{"alt_text":"Sociedade Art\u00edstica Brasileira SABRA","src":"https:\/\/i0.wp.com\/www.sabra.org.br\/site\/wp-content\/uploads\/2016\/08\/754A8081peq.jpg?resize=350%2C200&ssl=1","width":350,"height":200,"srcset":"https:\/\/i0.wp.com\/www.sabra.org.br\/site\/wp-content\/uploads\/2016\/08\/754A8081peq.jpg?resize=350%2C200&ssl=1 1x, https:\/\/i0.wp.com\/www.sabra.org.br\/site\/wp-content\/uploads\/2016\/08\/754A8081peq.jpg?resize=525%2C300&ssl=1 1.5x"},"classes":[]},{"id":18,"url":"https:\/\/www.sabra.org.br\/site\/acoes\/","url_meta":{"origin":70,"position":2},"title":"A\u00e7\u00f5es","author":"M\u00e1rcio Miranda Pontes","date":"24 de maio de 2016","format":false,"excerpt":"A\u00e7\u00f5es da SABRA Com o intuito de fomentar a cria\u00e7\u00e3o, instala\u00e7\u00e3o, manuten\u00e7\u00e3o e desenvolvimento de programas e projetos de natureza art\u00edstica, cultural e social, a SABRA desenvolve e apoia v\u00e1rias a\u00e7\u00f5es. Conhe\u00e7a cada uma delas. Agenda Corais Coro e Orquestra de C\u00e2mara Edi\u00e7\u00e3o de Manuscritos Musicais Escola de M\u00fasica SABRA\u2026","rel":"","context":"Post similar","block_context":{"text":"Post similar","link":""},"img":{"alt_text":"","src":"","width":0,"height":0},"classes":[]},{"id":20,"url":"https:\/\/www.sabra.org.br\/site\/editais\/","url_meta":{"origin":70,"position":3},"title":"Editais","author":"M\u00e1rcio Miranda Pontes","date":"24 de maio de 2016","format":false,"excerpt":"Editais Aqui voc\u00ea encontra informa\u00e7\u00f5es dos editais e sobre a inscri\u00e7\u00e3o em a\u00e7\u00f5es desenvolvidas pela SABRA. Editais 2026 \u00a0 EDITAL SABRA 001\/2026INSCRI\u00c7\u00c3O DE CANDIDATOS PARA O PREENCHIMENTO DE VAGAS NO PROJETO \"PLANO QUADRIENAL SABRA 2026-2029\" - PRONAC 254770subprojetos \u201cCurso de Musicaliza\u00e7\u00e3o e Curso de Coral Infantil\u201dClique aqui\u00a0 EDITAL SABRA 002\/2026SELE\u00c7\u00c3O\u2026","rel":"","context":"Post similar","block_context":{"text":"Post similar","link":""},"img":{"alt_text":"","src":"","width":0,"height":0},"classes":[]},{"id":1326,"url":"https:\/\/www.sabra.org.br\/site\/galeria\/","url_meta":{"origin":70,"position":4},"title":"Galeria","author":"M\u00e1rcio Miranda Pontes","date":"4 de agosto de 2018","format":false,"excerpt":"\u00a0 https:\/\/goo.gl\/S4jkC7 https:\/\/www.facebook.com\/sabrabrasil\/posts\/2334274979917830 https:\/\/www.facebook.com\/sabrabrasil\/posts\/2175207792491217 https:\/\/www.facebook.com\/sabrabrasil\/posts\/2133347373343926 https:\/\/goo.gl\/hNA4Tk https:\/\/www.facebook.com\/sabrabrasil\/posts\/2334316766580318 https:\/\/www.facebook.com\/sabrabrasil\/posts\/2334336653244996 https:\/\/www.facebook.com\/sabrabrasil\/posts\/2334338489911479 https:\/\/www.facebook.com\/sabrabrasil\/posts\/2334339536578041 https:\/\/www.facebook.com\/sabrabrasil\/posts\/2334354943243167 https:\/\/www.facebook.com\/sabrabrasil\/posts\/2334355999909728 https:\/\/www.facebook.com\/sabrabrasil\/posts\/2334357129909615 \u00a0 https:\/\/www.facebook.com\/sabrabrasil\/posts\/3585549758123673 https:\/\/www.facebook.com\/sabrabrasil\/posts\/2333884603290201 https:\/\/www.facebook.com\/sabrabrasil\/posts\/2146611285350868 https:\/\/www.facebook.com\/sabrabrasil\/posts\/2333822433296418 https:\/\/www.facebook.com\/sabrabrasil\/posts\/2333837079961620 https:\/\/www.facebook.com\/sabrabrasil\/posts\/2333938849951443 https:\/\/www.facebook.com\/sabrabrasil\/posts\/2334291086582886 Minist\u00e9rio da Cultura, Instituto Unimed-BH e SADA Transportes apresentam:PRIMEIRO ENSAIO OFICIAL DA ORQUESTRA INFANTO JUVENIL DE BETIM - Dia 06\/09\/2018 - Turmas manh\u00e3 e tarde.Estreia da nova Orquestra no\u2026","rel":"","context":"Post similar","block_context":{"text":"Post similar","link":""},"img":{"alt_text":"","src":"","width":0,"height":0},"classes":[]},{"id":437,"url":"https:\/\/www.sabra.org.br\/site\/acoes\/agenda\/","url_meta":{"origin":70,"position":5},"title":"Agenda","author":"M\u00e1rcio Miranda Pontes","date":"21 de abril de 2017","format":false,"excerpt":"Agenda Cultural SABRA 2026 Atualiza\u00e7\u00e3o mensal dispon\u00edvel at\u00e9 o dia 15 do m\u00eas anterior \u00e0 programa\u00e7\u00e3o.Todas as atividades s\u00e3o gratuitas, com entrada sujeita \u00e0 lota\u00e7\u00e3o dos espa\u00e7os. Classifica\u00e7\u00e3o indicativa: Livre. MAR\u00c7O20 \u2013 M\u00fasica Viva \u2013 Orquestra Jovem Sabra\/Betim \u2013 CRAS Alterosas II \u2013 Rua Jamour, 81, Jardim Alterosas, Betim -\u2026","rel":"","context":"Post similar","block_context":{"text":"Post similar","link":""},"img":{"alt_text":"sabra-m\u00fasica-concerto-coral-betim-reg\u00eancia-unimed-bh-sinf\u00f4nica infantil-municipal-escolas-grupos-ponta-c\u00e2mara-did\u00e1tico-agenda","src":"https:\/\/i0.wp.com\/www.sabra.org.br\/site\/wp-content\/uploads\/2023\/09\/Capa-Agenda-scaled.webp?resize=350%2C200&ssl=1","width":350,"height":200,"srcset":"https:\/\/i0.wp.com\/www.sabra.org.br\/site\/wp-content\/uploads\/2023\/09\/Capa-Agenda-scaled.webp?resize=350%2C200&ssl=1 1x, https:\/\/i0.wp.com\/www.sabra.org.br\/site\/wp-content\/uploads\/2023\/09\/Capa-Agenda-scaled.webp?resize=525%2C300&ssl=1 1.5x, https:\/\/i0.wp.com\/www.sabra.org.br\/site\/wp-content\/uploads\/2023\/09\/Capa-Agenda-scaled.webp?resize=700%2C400&ssl=1 2x, https:\/\/i0.wp.com\/www.sabra.org.br\/site\/wp-content\/uploads\/2023\/09\/Capa-Agenda-scaled.webp?resize=1050%2C600&ssl=1 3x, https:\/\/i0.wp.com\/www.sabra.org.br\/site\/wp-content\/uploads\/2023\/09\/Capa-Agenda-scaled.webp?resize=1400%2C800&ssl=1 4x"},"classes":[]}],"jetpack_likes_enabled":true,"jetpack_sharing_enabled":true,"_links":{"self":[{"href":"https:\/\/www.sabra.org.br\/site\/wp-json\/wp\/v2\/pages\/70","targetHints":{"allow":["GET"]}}],"collection":[{"href":"https:\/\/www.sabra.org.br\/site\/wp-json\/wp\/v2\/pages"}],"about":[{"href":"https:\/\/www.sabra.org.br\/site\/wp-json\/wp\/v2\/types\/page"}],"author":[{"embeddable":true,"href":"https:\/\/www.sabra.org.br\/site\/wp-json\/wp\/v2\/users\/39"}],"replies":[{"embeddable":true,"href":"https:\/\/www.sabra.org.br\/site\/wp-json\/wp\/v2\/comments?post=70"}],"version-history":[{"count":0,"href":"https:\/\/www.sabra.org.br\/site\/wp-json\/wp\/v2\/pages\/70\/revisions"}],"up":[{"embeddable":true,"href":"https:\/\/www.sabra.org.br\/site\/wp-json\/wp\/v2\/pages\/2158"}],"wp:attachment":[{"href":"https:\/\/www.sabra.org.br\/site\/wp-json\/wp\/v2\/media?parent=70"}],"curies":[{"name":"wp","href":"https:\/\/api.w.org\/{rel}","templated":true}]}}