{"id":76,"date":"2016-07-04T14:19:56","date_gmt":"2016-07-04T17:19:56","guid":{"rendered":"http:\/\/www.sabra.org.br\/site\/?page_id=76"},"modified":"2025-09-15T21:06:54","modified_gmt":"2025-09-16T00:06:54","slug":"coro-e-orquestra-de-camara","status":"publish","type":"page","link":"https:\/\/www.sabra.org.br\/site\/gruposartisticos\/coro-e-orquestra-de-camara\/","title":{"rendered":"Coro e Orquestra de C\u00e2mara"},"content":{"rendered":"<h3>Coro e Orquestra de C\u00e2mara Lobo de Mesquita<\/h3>\n<p>A Orquestra de C\u00e2mara Lobo de Mesquita foi criada em 1997. Tem como principal caracter\u00edstica a pesquisa e divulga\u00e7\u00e3o da m\u00fasica brasileira para orquestra e a valoriza\u00e7\u00e3o do m\u00fasico mineiro. Em mar\u00e7o de 1998 realizou um concerto especial na Embaixada Brasileira em Paris &#8211; Fran\u00e7a, dentro da programa\u00e7\u00e3o do 18\u00ba Sal\u00e3o do Livro de Paris. Na ocasi\u00e3o, a literatura e a cultura brasileiras foram convidadas de honra.<\/p>\n<p>Realizou dezenas de concertos em Belo Horizonte e S\u00e3o Paulo at\u00e9 1999, quando interrompeu suas atividades.<\/p>\n<p>Em 2014 a Orquestra retomou sua rotina de ensaios e concertos. E agora conta com o Coro de C\u00e2mara Lobo de Mesquita, criado no mesmo ano. Os dois grupos dedicam-se \u00e0 divulga\u00e7\u00e3o da m\u00fasica brasileira dos s\u00e9culos XVIII e XIX.<\/p>\n","protected":false},"excerpt":{"rendered":"","protected":false},"author":39,"featured_media":252,"parent":2158,"menu_order":0,"comment_status":"closed","ping_status":"closed","template":"","meta":{"jetpack_post_was_ever_published":false,"footnotes":""},"class_list":["post-76","page","type-page","status-publish","has-post-thumbnail","hentry"],"yoast_head":"<!-- This site is optimized with the Yoast SEO plugin v27.5 - https:\/\/yoast.com\/product\/yoast-seo-wordpress\/ -->\n<title>Coro e Orquestra de C\u00e2mara - SABRA - Sociedade Art\u00edstica Brasileira<\/title>\n<meta name=\"description\" content=\"O Coro e a Orquestra de C\u00e2mara Lobo de Mesquita tem como principal caracter\u00edstica a pesquisa e divulga\u00e7\u00e3o da m\u00fasica brasileira dos s\u00e9culos XVIII e XIX.\" \/>\n<meta name=\"robots\" content=\"index, follow, max-snippet:-1, max-image-preview:large, max-video-preview:-1\" \/>\n<link rel=\"canonical\" href=\"https:\/\/www.sabra.org.br\/site\/gruposartisticos\/coro-e-orquestra-de-camara\/\" \/>\n<meta property=\"og:locale\" content=\"pt_BR\" \/>\n<meta property=\"og:type\" content=\"article\" \/>\n<meta property=\"og:title\" content=\"Coro e Orquestra de C\u00e2mara - SABRA - Sociedade Art\u00edstica Brasileira\" \/>\n<meta property=\"og:description\" content=\"O Coro e a Orquestra de C\u00e2mara Lobo de Mesquita tem como principal caracter\u00edstica a pesquisa e divulga\u00e7\u00e3o da m\u00fasica brasileira dos s\u00e9culos XVIII e XIX.\" \/>\n<meta property=\"og:url\" content=\"https:\/\/www.sabra.org.br\/site\/gruposartisticos\/coro-e-orquestra-de-camara\/\" \/>\n<meta property=\"og:site_name\" content=\"SABRA - Sociedade Art\u00edstica Brasileira\" \/>\n<meta property=\"article:publisher\" content=\"https:\/\/www.facebook.com\/sabrabrasil\" \/>\n<meta property=\"article:modified_time\" content=\"2025-09-16T00:06:54+00:00\" \/>\n<meta property=\"og:image\" content=\"https:\/\/www.sabra.org.br\/site\/wp-content\/uploads\/2016\/07\/peq20140914_162624peq-crop-u1533.jpg\" \/>\n\t<meta property=\"og:image:width\" content=\"914\" \/>\n\t<meta property=\"og:image:height\" content=\"202\" \/>\n\t<meta property=\"og:image:type\" content=\"image\/jpeg\" \/>\n<meta name=\"twitter:card\" content=\"summary_large_image\" \/>\n<meta name=\"twitter:site\" content=\"@ContatoSabra\" \/>\n<meta name=\"twitter:label1\" content=\"Est. tempo de leitura\" \/>\n\t<meta name=\"twitter:data1\" content=\"1 minuto\" \/>\n<script type=\"application\/ld+json\" class=\"yoast-schema-graph\">{\"@context\":\"https:\\\/\\\/schema.org\",\"@graph\":[{\"@type\":\"WebPage\",\"@id\":\"https:\\\/\\\/www.sabra.org.br\\\/site\\\/gruposartisticos\\\/coro-e-orquestra-de-camara\\\/\",\"url\":\"https:\\\/\\\/www.sabra.org.br\\\/site\\\/gruposartisticos\\\/coro-e-orquestra-de-camara\\\/\",\"name\":\"Coro e Orquestra de C\u00e2mara - SABRA - Sociedade Art\u00edstica Brasileira\",\"isPartOf\":{\"@id\":\"https:\\\/\\\/www.sabra.org.br\\\/site\\\/#website\"},\"primaryImageOfPage\":{\"@id\":\"https:\\\/\\\/www.sabra.org.br\\\/site\\\/gruposartisticos\\\/coro-e-orquestra-de-camara\\\/#primaryimage\"},\"image\":{\"@id\":\"https:\\\/\\\/www.sabra.org.br\\\/site\\\/gruposartisticos\\\/coro-e-orquestra-de-camara\\\/#primaryimage\"},\"thumbnailUrl\":\"https:\\\/\\\/www.sabra.org.br\\\/site\\\/wp-content\\\/uploads\\\/2016\\\/07\\\/peq20140914_162624peq-crop-u1533.jpg\",\"datePublished\":\"2016-07-04T17:19:56+00:00\",\"dateModified\":\"2025-09-16T00:06:54+00:00\",\"description\":\"O Coro e a Orquestra de C\u00e2mara Lobo de Mesquita tem como principal caracter\u00edstica a pesquisa e divulga\u00e7\u00e3o da m\u00fasica brasileira dos s\u00e9culos XVIII e XIX.\",\"breadcrumb\":{\"@id\":\"https:\\\/\\\/www.sabra.org.br\\\/site\\\/gruposartisticos\\\/coro-e-orquestra-de-camara\\\/#breadcrumb\"},\"inLanguage\":\"pt-BR\",\"potentialAction\":[{\"@type\":\"ReadAction\",\"target\":[\"https:\\\/\\\/www.sabra.org.br\\\/site\\\/gruposartisticos\\\/coro-e-orquestra-de-camara\\\/\"]}]},{\"@type\":\"ImageObject\",\"inLanguage\":\"pt-BR\",\"@id\":\"https:\\\/\\\/www.sabra.org.br\\\/site\\\/gruposartisticos\\\/coro-e-orquestra-de-camara\\\/#primaryimage\",\"url\":\"https:\\\/\\\/www.sabra.org.br\\\/site\\\/wp-content\\\/uploads\\\/2016\\\/07\\\/peq20140914_162624peq-crop-u1533.jpg\",\"contentUrl\":\"https:\\\/\\\/www.sabra.org.br\\\/site\\\/wp-content\\\/uploads\\\/2016\\\/07\\\/peq20140914_162624peq-crop-u1533.jpg\",\"width\":914,\"height\":202,\"caption\":\"Sociedade Art\u00edstica Brasileira SABRA\"},{\"@type\":\"BreadcrumbList\",\"@id\":\"https:\\\/\\\/www.sabra.org.br\\\/site\\\/gruposartisticos\\\/coro-e-orquestra-de-camara\\\/#breadcrumb\",\"itemListElement\":[{\"@type\":\"ListItem\",\"position\":1,\"name\":\"In\u00edcio\",\"item\":\"https:\\\/\\\/www.sabra.org.br\\\/site\\\/\"},{\"@type\":\"ListItem\",\"position\":2,\"name\":\"Grupos Art\u00edsticos\",\"item\":\"https:\\\/\\\/www.sabra.org.br\\\/site\\\/gruposartisticos\\\/\"},{\"@type\":\"ListItem\",\"position\":3,\"name\":\"Coro e Orquestra de C\u00e2mara\"}]},{\"@type\":\"WebSite\",\"@id\":\"https:\\\/\\\/www.sabra.org.br\\\/site\\\/#website\",\"url\":\"https:\\\/\\\/www.sabra.org.br\\\/site\\\/\",\"name\":\"SABRA - Sociedade Art\u00edstica Brasileira\",\"description\":\"Escola de M\u00fasica, Orquestra Sinf\u00f4nica, Coral e Patrim\u00f4nio Cultural e Hist\u00f3rico\",\"publisher\":{\"@id\":\"https:\\\/\\\/www.sabra.org.br\\\/site\\\/#organization\"},\"potentialAction\":[{\"@type\":\"SearchAction\",\"target\":{\"@type\":\"EntryPoint\",\"urlTemplate\":\"https:\\\/\\\/www.sabra.org.br\\\/site\\\/?s={search_term_string}\"},\"query-input\":{\"@type\":\"PropertyValueSpecification\",\"valueRequired\":true,\"valueName\":\"search_term_string\"}}],\"inLanguage\":\"pt-BR\"},{\"@type\":\"Organization\",\"@id\":\"https:\\\/\\\/www.sabra.org.br\\\/site\\\/#organization\",\"name\":\"SOCIEDADE ART\u00cdSTICA BRASILEIRA SABRA\",\"alternateName\":\"SABRA\",\"url\":\"https:\\\/\\\/www.sabra.org.br\\\/site\\\/\",\"logo\":{\"@type\":\"ImageObject\",\"inLanguage\":\"pt-BR\",\"@id\":\"https:\\\/\\\/www.sabra.org.br\\\/site\\\/#\\\/schema\\\/logo\\\/image\\\/\",\"url\":\"https:\\\/\\\/www.sabra.org.br\\\/site\\\/wp-content\\\/uploads\\\/2019\\\/06\\\/cropped-Logo_SABRA-Copia-1.webp\",\"contentUrl\":\"https:\\\/\\\/www.sabra.org.br\\\/site\\\/wp-content\\\/uploads\\\/2019\\\/06\\\/cropped-Logo_SABRA-Copia-1.webp\",\"width\":400,\"height\":128,\"caption\":\"SOCIEDADE ART\u00cdSTICA BRASILEIRA SABRA\"},\"image\":{\"@id\":\"https:\\\/\\\/www.sabra.org.br\\\/site\\\/#\\\/schema\\\/logo\\\/image\\\/\"},\"sameAs\":[\"https:\\\/\\\/www.facebook.com\\\/sabrabrasil\",\"https:\\\/\\\/x.com\\\/ContatoSabra\",\"https:\\\/\\\/www.instagram.com\\\/sabrabrasil\\\/\",\"https:\\\/\\\/www.linkedin.com\\\/company\\\/25002088\\\/\",\"https:\\\/\\\/br.pinterest.com\\\/sociedadeartisticabrasileira\\\/\",\"https:\\\/\\\/www.youtube.com\\\/c\\\/sabrabrasil\"]}]}<\/script>\n<!-- \/ Yoast SEO plugin. -->","yoast_head_json":{"title":"Coro e Orquestra de C\u00e2mara - SABRA - Sociedade Art\u00edstica Brasileira","description":"O Coro e a Orquestra de C\u00e2mara Lobo de Mesquita tem como principal caracter\u00edstica a pesquisa e divulga\u00e7\u00e3o da m\u00fasica brasileira dos s\u00e9culos XVIII e XIX.","robots":{"index":"index","follow":"follow","max-snippet":"max-snippet:-1","max-image-preview":"max-image-preview:large","max-video-preview":"max-video-preview:-1"},"canonical":"https:\/\/www.sabra.org.br\/site\/gruposartisticos\/coro-e-orquestra-de-camara\/","og_locale":"pt_BR","og_type":"article","og_title":"Coro e Orquestra de C\u00e2mara - SABRA - Sociedade Art\u00edstica Brasileira","og_description":"O Coro e a Orquestra de C\u00e2mara Lobo de Mesquita tem como principal caracter\u00edstica a pesquisa e divulga\u00e7\u00e3o da m\u00fasica brasileira dos s\u00e9culos XVIII e XIX.","og_url":"https:\/\/www.sabra.org.br\/site\/gruposartisticos\/coro-e-orquestra-de-camara\/","og_site_name":"SABRA - Sociedade Art\u00edstica Brasileira","article_publisher":"https:\/\/www.facebook.com\/sabrabrasil","article_modified_time":"2025-09-16T00:06:54+00:00","og_image":[{"width":914,"height":202,"url":"https:\/\/www.sabra.org.br\/site\/wp-content\/uploads\/2016\/07\/peq20140914_162624peq-crop-u1533.jpg","type":"image\/jpeg"}],"twitter_card":"summary_large_image","twitter_site":"@ContatoSabra","twitter_misc":{"Est. tempo de leitura":"1 minuto"},"schema":{"@context":"https:\/\/schema.org","@graph":[{"@type":"WebPage","@id":"https:\/\/www.sabra.org.br\/site\/gruposartisticos\/coro-e-orquestra-de-camara\/","url":"https:\/\/www.sabra.org.br\/site\/gruposartisticos\/coro-e-orquestra-de-camara\/","name":"Coro e Orquestra de C\u00e2mara - SABRA - Sociedade Art\u00edstica Brasileira","isPartOf":{"@id":"https:\/\/www.sabra.org.br\/site\/#website"},"primaryImageOfPage":{"@id":"https:\/\/www.sabra.org.br\/site\/gruposartisticos\/coro-e-orquestra-de-camara\/#primaryimage"},"image":{"@id":"https:\/\/www.sabra.org.br\/site\/gruposartisticos\/coro-e-orquestra-de-camara\/#primaryimage"},"thumbnailUrl":"https:\/\/www.sabra.org.br\/site\/wp-content\/uploads\/2016\/07\/peq20140914_162624peq-crop-u1533.jpg","datePublished":"2016-07-04T17:19:56+00:00","dateModified":"2025-09-16T00:06:54+00:00","description":"O Coro e a Orquestra de C\u00e2mara Lobo de Mesquita tem como principal caracter\u00edstica a pesquisa e divulga\u00e7\u00e3o da m\u00fasica brasileira dos s\u00e9culos XVIII e XIX.","breadcrumb":{"@id":"https:\/\/www.sabra.org.br\/site\/gruposartisticos\/coro-e-orquestra-de-camara\/#breadcrumb"},"inLanguage":"pt-BR","potentialAction":[{"@type":"ReadAction","target":["https:\/\/www.sabra.org.br\/site\/gruposartisticos\/coro-e-orquestra-de-camara\/"]}]},{"@type":"ImageObject","inLanguage":"pt-BR","@id":"https:\/\/www.sabra.org.br\/site\/gruposartisticos\/coro-e-orquestra-de-camara\/#primaryimage","url":"https:\/\/www.sabra.org.br\/site\/wp-content\/uploads\/2016\/07\/peq20140914_162624peq-crop-u1533.jpg","contentUrl":"https:\/\/www.sabra.org.br\/site\/wp-content\/uploads\/2016\/07\/peq20140914_162624peq-crop-u1533.jpg","width":914,"height":202,"caption":"Sociedade Art\u00edstica Brasileira SABRA"},{"@type":"BreadcrumbList","@id":"https:\/\/www.sabra.org.br\/site\/gruposartisticos\/coro-e-orquestra-de-camara\/#breadcrumb","itemListElement":[{"@type":"ListItem","position":1,"name":"In\u00edcio","item":"https:\/\/www.sabra.org.br\/site\/"},{"@type":"ListItem","position":2,"name":"Grupos Art\u00edsticos","item":"https:\/\/www.sabra.org.br\/site\/gruposartisticos\/"},{"@type":"ListItem","position":3,"name":"Coro e Orquestra de C\u00e2mara"}]},{"@type":"WebSite","@id":"https:\/\/www.sabra.org.br\/site\/#website","url":"https:\/\/www.sabra.org.br\/site\/","name":"SABRA - Sociedade Art\u00edstica Brasileira","description":"Escola de M\u00fasica, Orquestra Sinf\u00f4nica, Coral e Patrim\u00f4nio Cultural e Hist\u00f3rico","publisher":{"@id":"https:\/\/www.sabra.org.br\/site\/#organization"},"potentialAction":[{"@type":"SearchAction","target":{"@type":"EntryPoint","urlTemplate":"https:\/\/www.sabra.org.br\/site\/?s={search_term_string}"},"query-input":{"@type":"PropertyValueSpecification","valueRequired":true,"valueName":"search_term_string"}}],"inLanguage":"pt-BR"},{"@type":"Organization","@id":"https:\/\/www.sabra.org.br\/site\/#organization","name":"SOCIEDADE ART\u00cdSTICA BRASILEIRA SABRA","alternateName":"SABRA","url":"https:\/\/www.sabra.org.br\/site\/","logo":{"@type":"ImageObject","inLanguage":"pt-BR","@id":"https:\/\/www.sabra.org.br\/site\/#\/schema\/logo\/image\/","url":"https:\/\/www.sabra.org.br\/site\/wp-content\/uploads\/2019\/06\/cropped-Logo_SABRA-Copia-1.webp","contentUrl":"https:\/\/www.sabra.org.br\/site\/wp-content\/uploads\/2019\/06\/cropped-Logo_SABRA-Copia-1.webp","width":400,"height":128,"caption":"SOCIEDADE ART\u00cdSTICA BRASILEIRA SABRA"},"image":{"@id":"https:\/\/www.sabra.org.br\/site\/#\/schema\/logo\/image\/"},"sameAs":["https:\/\/www.facebook.com\/sabrabrasil","https:\/\/x.com\/ContatoSabra","https:\/\/www.instagram.com\/sabrabrasil\/","https:\/\/www.linkedin.com\/company\/25002088\/","https:\/\/br.pinterest.com\/sociedadeartisticabrasileira\/","https:\/\/www.youtube.com\/c\/sabrabrasil"]}]}},"jetpack_shortlink":"https:\/\/wp.me\/P95j2Z-1e","jetpack-related-posts":[{"id":1037,"url":"https:\/\/www.sabra.org.br\/site\/acoes\/patrimoniohistorico\/edicao-de-manuscritos-musicais\/missa\/","url_meta":{"origin":76,"position":0},"title":"Missa","author":"","date":"10 de mar\u00e7o de 2018","format":false,"excerpt":"Missa Jos\u00e9 Joaquim Emerico Lobo de Mesquita Download: Partitura\u00a0 \u00a0 \u00a0 \u00a0 \u00a0 Partes instrumentais\u00a0 \u00a0 \u00a0 \u00a0 \u00a0 Redu\u00e7\u00e3o para vozes e piano Informa\u00e7\u00e3o Geral Clave\/tom: F maior Movimentos\/Se\u00e7\u00f5es:\u00a05 L\u00edngua: Latim Dura\u00e7\u00e3o m\u00e9dia: 25 minutos Estilo da obra: Cl\u00e1ssica Instrumenta\u00e7\u00e3o: coral misto (SATB), 2 trompas (F), 2 violinos, violas,\u2026","rel":"","context":"Post similar","block_context":{"text":"Post similar","link":""},"img":{"alt_text":"","src":"","width":0,"height":0},"classes":[]},{"id":4532,"url":"https:\/\/www.sabra.org.br\/site\/acoes\/patrimoniohistorico\/edicao-de-manuscritos-musicais\/te-deum\/","url_meta":{"origin":76,"position":1},"title":"Te Deum","author":"M\u00e1rcio Miranda Pontes","date":"5 de janeiro de 2022","format":false,"excerpt":"Te Deum Jos\u00e9 Joaquim Emerico Lobo de Mesquita Download: Partitura\u00a0 \u00a0 \u00a0 \u00a0 \u00a0 Partes instrumentais\u00a0 \u00a0 \u00a0 \u00a0 \u00a0 Parte vocal Informa\u00e7\u00e3o Geral Clave\/tom: A menor Movimentos\/Se\u00e7\u00f5es: 15 L\u00edngua: Latim Dura\u00e7\u00e3o m\u00e9dia: 35 minutos Estilo da obra: Cl\u00e1ssica Instrumenta\u00e7\u00e3o: coral misto (SATB), 2 trompas (F), 2 violinos, violas, violoncelos\u2026","rel":"","context":"Post similar","block_context":{"text":"Post similar","link":""},"img":{"alt_text":"","src":"","width":0,"height":0},"classes":[]},{"id":4546,"url":"https:\/\/www.sabra.org.br\/site\/acoes\/patrimoniohistorico\/edicao-de-manuscritos-musicais\/tercio\/","url_meta":{"origin":76,"position":2},"title":"Tercio","author":"M\u00e1rcio Miranda Pontes","date":"6 de janeiro de 2022","format":false,"excerpt":"Tercio Jos\u00e9 Joaquim Emerico Lobo de Mesquita Download: Partitura\u00a0 \u00a0 \u00a0 \u00a0 \u00a0 Partes instrumentais\u00a0 \u00a0 \u00a0 \u00a0 \u00a0 Parte vocal Informa\u00e7\u00e3o Geral Clave\/tom: Bb maior Movimentos\/Se\u00e7\u00f5es: 4 L\u00edngua: Latim Dura\u00e7\u00e3o m\u00e9dia:\u00a0 15 minutos Estilo da obra: Cl\u00e1ssica Instrumenta\u00e7\u00e3o: coral misto (SATB), 2 violinos, violas, violoncelos e contrabaixos G\u00eanero: Coros\u2026","rel":"","context":"Post similar","block_context":{"text":"Post similar","link":""},"img":{"alt_text":"","src":"","width":0,"height":0},"classes":[]},{"id":4509,"url":"https:\/\/www.sabra.org.br\/site\/acoes\/patrimoniohistorico\/edicao-de-manuscritos-musicais\/matinas-de-quinta-feira\/","url_meta":{"origin":76,"position":3},"title":"Matinas de Quinta-feira","author":"M\u00e1rcio Miranda Pontes","date":"5 de janeiro de 2022","format":false,"excerpt":"Matinas de Quinta-feira Jos\u00e9 Joaquim Emerico Lobo de Mesquita Download: Partitura\u00a0 \u00a0 \u00a0 \u00a0 \u00a0 Partes instrumentais\u00a0 \u00a0 \u00a0 \u00a0 \u00a0 Parte vocal Informa\u00e7\u00e3o Geral Clave\/tom: G menor Movimentos\/Se\u00e7\u00f5es: 3 L\u00edngua: Latim Dura\u00e7\u00e3o m\u00e9dia:\u00a0 45 minutos Estilo da obra: Cl\u00e1ssica Instrumenta\u00e7\u00e3o: coral misto (SATB), 2 obo\u00e9s, 2 trompas (F), 2\u2026","rel":"","context":"Post similar","block_context":{"text":"Post similar","link":""},"img":{"alt_text":"","src":"","width":0,"height":0},"classes":[]},{"id":4518,"url":"https:\/\/www.sabra.org.br\/site\/acoes\/patrimoniohistorico\/edicao-de-manuscritos-musicais\/matinas-de-sexta-feira\/","url_meta":{"origin":76,"position":4},"title":"Matinas de Sexta-feira","author":"M\u00e1rcio Miranda Pontes","date":"5 de janeiro de 2022","format":false,"excerpt":"Matinas de Sexta-feira Jos\u00e9 Joaquim Emerico Lobo de Mesquita Download: Partitura\u00a0 \u00a0 \u00a0 \u00a0 \u00a0 Partes instrumentais\u00a0 \u00a0 \u00a0 \u00a0 \u00a0 Parte vocal Informa\u00e7\u00e3o Geral Clave\/tom: Eb maior Movimentos\/Se\u00e7\u00f5es: 3 L\u00edngua: Latim Dura\u00e7\u00e3o m\u00e9dia:\u00a0 45 minutos Estilo da obra: Cl\u00e1ssica Instrumenta\u00e7\u00e3o: coral misto (SATB), 2 flautas, 2 trompas (F), 2\u2026","rel":"","context":"Post similar","block_context":{"text":"Post similar","link":""},"img":{"alt_text":"","src":"","width":0,"height":0},"classes":[]},{"id":4563,"url":"https:\/\/www.sabra.org.br\/site\/acoes\/patrimoniohistorico\/edicao-de-manuscritos-musicais\/missa-no-1\/","url_meta":{"origin":76,"position":5},"title":"Missa n\u00ba 1","author":"M\u00e1rcio Miranda Pontes","date":"6 de janeiro de 2022","format":false,"excerpt":"Missa n\u00ba 1 Jos\u00e9 Joaquim Emerico Lobo de Mesquita Download: Partitura\u00a0 \u00a0 \u00a0 \u00a0 \u00a0 Partes instrumentais\u00a0 \u00a0 \u00a0 \u00a0 \u00a0 Parte vocal Informa\u00e7\u00e3o Geral Clave\/tom: Eb maior Movimentos\/Se\u00e7\u00f5es: 2 L\u00edngua: Latim Dura\u00e7\u00e3o m\u00e9dia:\u00a0 20 minutos Estilo da obra: Cl\u00e1ssica Instrumenta\u00e7\u00e3o: coral misto (SATB), 2 flautas, 2 obo\u00e9s, 2 trompas\u2026","rel":"","context":"Post similar","block_context":{"text":"Post similar","link":""},"img":{"alt_text":"","src":"","width":0,"height":0},"classes":[]}],"jetpack_likes_enabled":true,"jetpack_sharing_enabled":true,"_links":{"self":[{"href":"https:\/\/www.sabra.org.br\/site\/wp-json\/wp\/v2\/pages\/76","targetHints":{"allow":["GET"]}}],"collection":[{"href":"https:\/\/www.sabra.org.br\/site\/wp-json\/wp\/v2\/pages"}],"about":[{"href":"https:\/\/www.sabra.org.br\/site\/wp-json\/wp\/v2\/types\/page"}],"author":[{"embeddable":true,"href":"https:\/\/www.sabra.org.br\/site\/wp-json\/wp\/v2\/users\/39"}],"replies":[{"embeddable":true,"href":"https:\/\/www.sabra.org.br\/site\/wp-json\/wp\/v2\/comments?post=76"}],"version-history":[{"count":0,"href":"https:\/\/www.sabra.org.br\/site\/wp-json\/wp\/v2\/pages\/76\/revisions"}],"up":[{"embeddable":true,"href":"https:\/\/www.sabra.org.br\/site\/wp-json\/wp\/v2\/pages\/2158"}],"wp:featuredmedia":[{"embeddable":true,"href":"https:\/\/www.sabra.org.br\/site\/wp-json\/wp\/v2\/media\/252"}],"wp:attachment":[{"href":"https:\/\/www.sabra.org.br\/site\/wp-json\/wp\/v2\/media?parent=76"}],"curies":[{"name":"wp","href":"https:\/\/api.w.org\/{rel}","templated":true}]}}